
{"id":50313,"date":"2017-06-20T14:06:54","date_gmt":"2017-06-20T14:06:54","guid":{"rendered":"http:\/\/experislvh.cluster023.hosting.ovh.net\/fr\/?page_id=50313"},"modified":"2023-05-08T11:57:40","modified_gmt":"2023-05-08T11:57:40","slug":"placement-permanent","status":"publish","type":"page","link":"https:\/\/experis.lu\/fr\/placement-permanent\/","title":{"rendered":"Placement Permanent"},"content":{"rendered":"<p>Vous \u00eates un starter et \u00eates \u00e0 la recherche d\u2019un premier emploi ? Vous avez d\u00e9j\u00e0 de l\u2019exp\u00e9rience et voulez franchir une nouvelle \u00e9tape dans votre carri\u00e8re ? Nos recruteurs recherchent pour vous des opportunit\u00e9s qui correspondent \u00e0 vos objectifs, vos comp\u00e9tences et votre exp\u00e9rience.<\/p>\n<h5>Pourquoi faire confiance \u00e0 Experis ?<\/h5>\n<p>Nous recherchons toujours des entreprises dans lesquelles vous aurez l\u2019opportunit\u00e9 de vous d\u00e9velopper et c\u2019est pourquoi notre connaissance du march\u00e9 est d\u00e9terminante. Nous connaissons votre secteur et pouvons faire correspondre la demande de nos clients aux comp\u00e9tences et connaissances que vous offrez.<br \/>\nNotre objectif ? Que vous puissiez trouver le poste qui r\u00e9pond parfaitement \u00e0 votre objectif de carri\u00e8re.<\/p>\n<p><b>Vous souhaitez faire le point sur votre carri\u00e8re et les possibilit\u00e9s qui s\u2019offrent \u00e0 vous ?<br \/>\n<\/b>Contactez-nous pour prendre rendez-vous :<a href=\"\/contact-2\/\"> ici<\/a><\/p>\n","protected":false},"excerpt":{"rendered":"<p>Vous \u00eates un starter et \u00eates \u00e0 la recherche d\u2019un premier emploi ? Vous avez d\u00e9j\u00e0 de l\u2019exp\u00e9rience et voulez franchir une nouvelle \u00e9tape dans votre carri\u00e8re ? Nos recruteurs recherchent pour vous des opportunit\u00e9s qui correspondent \u00e0 vos objectifs, vos comp\u00e9tences et votre exp\u00e9rience. Pourquoi faire confiance \u00e0 Experis ? Nous recherchons toujours des &hellip; <a href=\"https:\/\/experis.lu\/fr\/placement-permanent\/\" class=\"more-link\">Continuer la lecture<span class=\"screen-reader-text\"> de &laquo;&nbsp;Placement Permanent&nbsp;&raquo;<\/span><\/a><\/p>\n","protected":false},"author":83,"featured_media":0,"parent":0,"menu_order":0,"comment_status":"closed","ping_status":"closed","template":"","meta":{"footnotes":""},"class_list":["post-50313","page","type-page","status-publish","hentry"],"yoast_head":"<!-- This site is optimized with the Yoast SEO plugin v27.3 - https:\/\/yoast.com\/product\/yoast-seo-wordpress\/ -->\n<title>Placement Permanent - Experis Luxembourg<\/title>\n<meta name=\"description\" content=\"Vous \u00eates un starter et \u00eates \u00e0 la recherche d\u2019un premier emploi ? Vous avez d\u00e9j\u00e0 de l\u2019exp\u00e9rience et voulez franchir une nouvelle \u00e9tape dans votre carri\u00e8re ?\" \/>\n<meta name=\"robots\" content=\"index, follow, max-snippet:-1, max-image-preview:large, max-video-preview:-1\" \/>\n<link rel=\"canonical\" href=\"https:\/\/experis.lu\/fr\/placement-permanent\/\" \/>\n<meta property=\"og:locale\" content=\"fr_FR\" \/>\n<meta property=\"og:type\" content=\"article\" \/>\n<meta property=\"og:title\" content=\"Placement Permanent - Experis Luxembourg\" \/>\n<meta property=\"og:description\" content=\"Vous \u00eates un starter et \u00eates \u00e0 la recherche d\u2019un premier emploi ? Vous avez d\u00e9j\u00e0 de l\u2019exp\u00e9rience et voulez franchir une nouvelle \u00e9tape dans votre carri\u00e8re ?\" \/>\n<meta property=\"og:url\" content=\"https:\/\/experis.lu\/fr\/placement-permanent\/\" \/>\n<meta property=\"article:modified_time\" content=\"2023-05-08T11:57:40+00:00\" \/>\n<meta name=\"twitter:card\" content=\"summary_large_image\" \/>\n<meta name=\"twitter:label1\" content=\"Dur\u00e9e de lecture estim\u00e9e\" \/>\n\t<meta name=\"twitter:data1\" content=\"1 minute\" \/>\n<script type=\"application\/ld+json\" class=\"yoast-schema-graph\">{\"@context\":\"https:\\\/\\\/schema.org\",\"@graph\":[{\"@type\":\"WebPage\",\"@id\":\"https:\\\/\\\/experis.lu\\\/fr\\\/placement-permanent\\\/\",\"url\":\"https:\\\/\\\/experis.lu\\\/fr\\\/placement-permanent\\\/\",\"name\":\"Placement Permanent - Experis Luxembourg\",\"isPartOf\":{\"@id\":\"https:\\\/\\\/experis.lu\\\/#website\"},\"datePublished\":\"2017-06-20T14:06:54+00:00\",\"dateModified\":\"2023-05-08T11:57:40+00:00\",\"description\":\"Vous \u00eates un starter et \u00eates \u00e0 la recherche d\u2019un premier emploi ? Vous avez d\u00e9j\u00e0 de l\u2019exp\u00e9rience et voulez franchir une nouvelle \u00e9tape dans votre carri\u00e8re ?\",\"breadcrumb\":{\"@id\":\"https:\\\/\\\/experis.lu\\\/fr\\\/placement-permanent\\\/#breadcrumb\"},\"inLanguage\":\"fr-FR\",\"potentialAction\":[{\"@type\":\"ReadAction\",\"target\":[\"https:\\\/\\\/experis.lu\\\/fr\\\/placement-permanent\\\/\"]}]},{\"@type\":\"BreadcrumbList\",\"@id\":\"https:\\\/\\\/experis.lu\\\/fr\\\/placement-permanent\\\/#breadcrumb\",\"itemListElement\":[{\"@type\":\"ListItem\",\"position\":1,\"name\":\"Home\",\"item\":\"https:\\\/\\\/experis.lu\\\/fr\\\/\"},{\"@type\":\"ListItem\",\"position\":2,\"name\":\"Placement Permanent\"}]},{\"@type\":\"WebSite\",\"@id\":\"https:\\\/\\\/experis.lu\\\/#website\",\"url\":\"https:\\\/\\\/experis.lu\\\/\",\"name\":\"\",\"description\":\"\",\"potentialAction\":[{\"@type\":\"SearchAction\",\"target\":{\"@type\":\"EntryPoint\",\"urlTemplate\":\"https:\\\/\\\/experis.lu\\\/?s={search_term_string}\"},\"query-input\":{\"@type\":\"PropertyValueSpecification\",\"valueRequired\":true,\"valueName\":\"search_term_string\"}}],\"inLanguage\":\"fr-FR\"}]}<\/script>\n<!-- \/ Yoast SEO plugin. -->","yoast_head_json":{"title":"Placement Permanent - Experis Luxembourg","description":"Vous \u00eates un starter et \u00eates \u00e0 la recherche d\u2019un premier emploi ? Vous avez d\u00e9j\u00e0 de l\u2019exp\u00e9rience et voulez franchir une nouvelle \u00e9tape dans votre carri\u00e8re ?","robots":{"index":"index","follow":"follow","max-snippet":"max-snippet:-1","max-image-preview":"max-image-preview:large","max-video-preview":"max-video-preview:-1"},"canonical":"https:\/\/experis.lu\/fr\/placement-permanent\/","og_locale":"fr_FR","og_type":"article","og_title":"Placement Permanent - Experis Luxembourg","og_description":"Vous \u00eates un starter et \u00eates \u00e0 la recherche d\u2019un premier emploi ? Vous avez d\u00e9j\u00e0 de l\u2019exp\u00e9rience et voulez franchir une nouvelle \u00e9tape dans votre carri\u00e8re ?","og_url":"https:\/\/experis.lu\/fr\/placement-permanent\/","article_modified_time":"2023-05-08T11:57:40+00:00","twitter_card":"summary_large_image","twitter_misc":{"Dur\u00e9e de lecture estim\u00e9e":"1 minute"},"schema":{"@context":"https:\/\/schema.org","@graph":[{"@type":"WebPage","@id":"https:\/\/experis.lu\/fr\/placement-permanent\/","url":"https:\/\/experis.lu\/fr\/placement-permanent\/","name":"Placement Permanent - Experis Luxembourg","isPartOf":{"@id":"https:\/\/experis.lu\/#website"},"datePublished":"2017-06-20T14:06:54+00:00","dateModified":"2023-05-08T11:57:40+00:00","description":"Vous \u00eates un starter et \u00eates \u00e0 la recherche d\u2019un premier emploi ? Vous avez d\u00e9j\u00e0 de l\u2019exp\u00e9rience et voulez franchir une nouvelle \u00e9tape dans votre carri\u00e8re ?","breadcrumb":{"@id":"https:\/\/experis.lu\/fr\/placement-permanent\/#breadcrumb"},"inLanguage":"fr-FR","potentialAction":[{"@type":"ReadAction","target":["https:\/\/experis.lu\/fr\/placement-permanent\/"]}]},{"@type":"BreadcrumbList","@id":"https:\/\/experis.lu\/fr\/placement-permanent\/#breadcrumb","itemListElement":[{"@type":"ListItem","position":1,"name":"Home","item":"https:\/\/experis.lu\/fr\/"},{"@type":"ListItem","position":2,"name":"Placement Permanent"}]},{"@type":"WebSite","@id":"https:\/\/experis.lu\/#website","url":"https:\/\/experis.lu\/","name":"","description":"","potentialAction":[{"@type":"SearchAction","target":{"@type":"EntryPoint","urlTemplate":"https:\/\/experis.lu\/?s={search_term_string}"},"query-input":{"@type":"PropertyValueSpecification","valueRequired":true,"valueName":"search_term_string"}}],"inLanguage":"fr-FR"}]}},"_links":{"self":[{"href":"https:\/\/experis.lu\/fr\/wp-json\/wp\/v2\/pages\/50313","targetHints":{"allow":["GET"]}}],"collection":[{"href":"https:\/\/experis.lu\/fr\/wp-json\/wp\/v2\/pages"}],"about":[{"href":"https:\/\/experis.lu\/fr\/wp-json\/wp\/v2\/types\/page"}],"author":[{"embeddable":true,"href":"https:\/\/experis.lu\/fr\/wp-json\/wp\/v2\/users\/83"}],"replies":[{"embeddable":true,"href":"https:\/\/experis.lu\/fr\/wp-json\/wp\/v2\/comments?post=50313"}],"version-history":[{"count":6,"href":"https:\/\/experis.lu\/fr\/wp-json\/wp\/v2\/pages\/50313\/revisions"}],"predecessor-version":[{"id":58083,"href":"https:\/\/experis.lu\/fr\/wp-json\/wp\/v2\/pages\/50313\/revisions\/58083"}],"wp:attachment":[{"href":"https:\/\/experis.lu\/fr\/wp-json\/wp\/v2\/media?parent=50313"}],"curies":[{"name":"wp","href":"https:\/\/api.w.org\/{rel}","templated":true}]}}