
{"id":3991,"date":"2016-12-29T15:00:02","date_gmt":"2016-12-29T15:00:02","guid":{"rendered":"http:\/\/experislvh.cluster023.hosting.ovh.net\/fr\/?page_id=3991"},"modified":"2017-02-15T09:36:01","modified_gmt":"2017-02-15T09:36:01","slug":"informations-plus-specifiques-liees-aux-differents-secteurs","status":"publish","type":"page","link":"https:\/\/experis.lu\/fr\/informations-plus-specifiques-liees-aux-differents-secteurs\/","title":{"rendered":"Informations plus sp\u00e9cifiques li\u00e9es aux diff\u00e9rents secteurs"},"content":{"rendered":"<p><a href=\"http:\/\/www.hrmagazine.be\/fr\">http:\/\/www.hrmagazine.be\/fr<\/a><\/p>\n<p><a href=\"http:\/\/www.hrworld.be\/hrworld\/home.aspx?LangType=2060\">http:\/\/www.hrworld.be\/hrworld\/home.aspx?LangType=2060<\/a><\/p>\n<p><a href=\"http:\/\/www.peoplesphere.be\/nl\/\">http:\/\/www.peoplesphere.be\/fr<\/a><\/p>\n<p><a href=\"https:\/\/www.financialforum.be\/fr\/bienvenue\">https:\/\/www.financialforum.be\/fr\/bienvenue<\/a><\/p>\n<p><a href=\"https:\/\/ie-net.be\/nieuws\">https:\/\/ie-net.be\/nieuws<\/a><\/p>\n<p><a href=\"http:\/\/ingenieursbelges.be\/newsletter\/\">http:\/\/ingenieursbelges.be\/newsletter\/<\/a><\/p>\n<p><a href=\"http:\/\/www.onlyengineerjobs.be\/fr\">http:\/\/www.onlyengineerjobs.be\/fr<\/a><\/p>\n<p><a href=\"http:\/\/datanews.levif.be\/ict\/\">http:\/\/datanews.levif.be\/ict\/<\/a><\/p>\n","protected":false},"excerpt":{"rendered":"<p>http:\/\/www.hrmagazine.be\/fr http:\/\/www.hrworld.be\/hrworld\/home.aspx?LangType=2060 http:\/\/www.peoplesphere.be\/fr https:\/\/www.financialforum.be\/fr\/bienvenue https:\/\/ie-net.be\/nieuws http:\/\/ingenieursbelges.be\/newsletter\/ http:\/\/www.onlyengineerjobs.be\/fr http:\/\/datanews.levif.be\/ict\/<\/p>\n","protected":false},"author":83,"featured_media":0,"parent":0,"menu_order":0,"comment_status":"closed","ping_status":"closed","template":"","meta":{"footnotes":""},"class_list":["post-3991","page","type-page","status-publish","hentry"],"yoast_head":"<!-- This site is optimized with the Yoast SEO plugin v27.3 - https:\/\/yoast.com\/product\/yoast-seo-wordpress\/ -->\n<title>Informations plus sp\u00e9cifiques li\u00e9es aux diff\u00e9rents secteurs - Experis Luxembourg<\/title>\n<meta name=\"description\" content=\"http:\/\/www.hrmagazine.be\/fr http:\/\/www.hrworld.be\/hrworld\/home.aspx?LangType=2060 http:\/\/www.peoplesphere.be\/fr https:\/\/www.financialforum.be\/fr\/bienvenue https:\/\/ie-net.be\/nieuws http:\/\/ingenieursbelges.be\/newsletter\/ http:\/\/www.onlyengineerjobs.be\/fr http:\/\/datanews.levif.be\/ict\/\" \/>\n<meta name=\"robots\" content=\"index, follow, max-snippet:-1, max-image-preview:large, max-video-preview:-1\" \/>\n<link rel=\"canonical\" href=\"https:\/\/experis.lu\/fr\/informations-plus-specifiques-liees-aux-differents-secteurs\/\" \/>\n<meta property=\"og:locale\" content=\"fr_FR\" \/>\n<meta property=\"og:type\" content=\"article\" \/>\n<meta property=\"og:title\" content=\"Informations plus sp\u00e9cifiques li\u00e9es aux diff\u00e9rents secteurs - Experis Luxembourg\" \/>\n<meta property=\"og:description\" content=\"http:\/\/www.hrmagazine.be\/fr http:\/\/www.hrworld.be\/hrworld\/home.aspx?LangType=2060 http:\/\/www.peoplesphere.be\/fr https:\/\/www.financialforum.be\/fr\/bienvenue https:\/\/ie-net.be\/nieuws http:\/\/ingenieursbelges.be\/newsletter\/ http:\/\/www.onlyengineerjobs.be\/fr http:\/\/datanews.levif.be\/ict\/\" \/>\n<meta property=\"og:url\" content=\"https:\/\/experis.lu\/fr\/informations-plus-specifiques-liees-aux-differents-secteurs\/\" \/>\n<meta property=\"article:modified_time\" content=\"2017-02-15T09:36:01+00:00\" \/>\n<meta name=\"twitter:card\" content=\"summary_large_image\" \/>\n<script type=\"application\/ld+json\" class=\"yoast-schema-graph\">{\"@context\":\"https:\\\/\\\/schema.org\",\"@graph\":[{\"@type\":\"WebPage\",\"@id\":\"https:\\\/\\\/experis.lu\\\/fr\\\/informations-plus-specifiques-liees-aux-differents-secteurs\\\/\",\"url\":\"https:\\\/\\\/experis.lu\\\/fr\\\/informations-plus-specifiques-liees-aux-differents-secteurs\\\/\",\"name\":\"Informations plus sp\u00e9cifiques li\u00e9es aux diff\u00e9rents secteurs - Experis Luxembourg\",\"isPartOf\":{\"@id\":\"https:\\\/\\\/experis.lu\\\/#website\"},\"datePublished\":\"2016-12-29T15:00:02+00:00\",\"dateModified\":\"2017-02-15T09:36:01+00:00\",\"description\":\"http:\\\/\\\/www.hrmagazine.be\\\/fr http:\\\/\\\/www.hrworld.be\\\/hrworld\\\/home.aspx?LangType=2060 http:\\\/\\\/www.peoplesphere.be\\\/fr https:\\\/\\\/www.financialforum.be\\\/fr\\\/bienvenue https:\\\/\\\/ie-net.be\\\/nieuws http:\\\/\\\/ingenieursbelges.be\\\/newsletter\\\/ http:\\\/\\\/www.onlyengineerjobs.be\\\/fr http:\\\/\\\/datanews.levif.be\\\/ict\\\/\",\"breadcrumb\":{\"@id\":\"https:\\\/\\\/experis.lu\\\/fr\\\/informations-plus-specifiques-liees-aux-differents-secteurs\\\/#breadcrumb\"},\"inLanguage\":\"fr-FR\",\"potentialAction\":[{\"@type\":\"ReadAction\",\"target\":[\"https:\\\/\\\/experis.lu\\\/fr\\\/informations-plus-specifiques-liees-aux-differents-secteurs\\\/\"]}]},{\"@type\":\"BreadcrumbList\",\"@id\":\"https:\\\/\\\/experis.lu\\\/fr\\\/informations-plus-specifiques-liees-aux-differents-secteurs\\\/#breadcrumb\",\"itemListElement\":[{\"@type\":\"ListItem\",\"position\":1,\"name\":\"Home\",\"item\":\"https:\\\/\\\/experis.lu\\\/fr\\\/\"},{\"@type\":\"ListItem\",\"position\":2,\"name\":\"Informations plus sp\u00e9cifiques li\u00e9es aux diff\u00e9rents secteurs\"}]},{\"@type\":\"WebSite\",\"@id\":\"https:\\\/\\\/experis.lu\\\/#website\",\"url\":\"https:\\\/\\\/experis.lu\\\/\",\"name\":\"\",\"description\":\"\",\"potentialAction\":[{\"@type\":\"SearchAction\",\"target\":{\"@type\":\"EntryPoint\",\"urlTemplate\":\"https:\\\/\\\/experis.lu\\\/?s={search_term_string}\"},\"query-input\":{\"@type\":\"PropertyValueSpecification\",\"valueRequired\":true,\"valueName\":\"search_term_string\"}}],\"inLanguage\":\"fr-FR\"}]}<\/script>\n<!-- \/ Yoast SEO plugin. -->","yoast_head_json":{"title":"Informations plus sp\u00e9cifiques li\u00e9es aux diff\u00e9rents secteurs - Experis Luxembourg","description":"http:\/\/www.hrmagazine.be\/fr http:\/\/www.hrworld.be\/hrworld\/home.aspx?LangType=2060 http:\/\/www.peoplesphere.be\/fr https:\/\/www.financialforum.be\/fr\/bienvenue https:\/\/ie-net.be\/nieuws http:\/\/ingenieursbelges.be\/newsletter\/ http:\/\/www.onlyengineerjobs.be\/fr http:\/\/datanews.levif.be\/ict\/","robots":{"index":"index","follow":"follow","max-snippet":"max-snippet:-1","max-image-preview":"max-image-preview:large","max-video-preview":"max-video-preview:-1"},"canonical":"https:\/\/experis.lu\/fr\/informations-plus-specifiques-liees-aux-differents-secteurs\/","og_locale":"fr_FR","og_type":"article","og_title":"Informations plus sp\u00e9cifiques li\u00e9es aux diff\u00e9rents secteurs - Experis Luxembourg","og_description":"http:\/\/www.hrmagazine.be\/fr http:\/\/www.hrworld.be\/hrworld\/home.aspx?LangType=2060 http:\/\/www.peoplesphere.be\/fr https:\/\/www.financialforum.be\/fr\/bienvenue https:\/\/ie-net.be\/nieuws http:\/\/ingenieursbelges.be\/newsletter\/ http:\/\/www.onlyengineerjobs.be\/fr http:\/\/datanews.levif.be\/ict\/","og_url":"https:\/\/experis.lu\/fr\/informations-plus-specifiques-liees-aux-differents-secteurs\/","article_modified_time":"2017-02-15T09:36:01+00:00","twitter_card":"summary_large_image","schema":{"@context":"https:\/\/schema.org","@graph":[{"@type":"WebPage","@id":"https:\/\/experis.lu\/fr\/informations-plus-specifiques-liees-aux-differents-secteurs\/","url":"https:\/\/experis.lu\/fr\/informations-plus-specifiques-liees-aux-differents-secteurs\/","name":"Informations plus sp\u00e9cifiques li\u00e9es aux diff\u00e9rents secteurs - Experis Luxembourg","isPartOf":{"@id":"https:\/\/experis.lu\/#website"},"datePublished":"2016-12-29T15:00:02+00:00","dateModified":"2017-02-15T09:36:01+00:00","description":"http:\/\/www.hrmagazine.be\/fr http:\/\/www.hrworld.be\/hrworld\/home.aspx?LangType=2060 http:\/\/www.peoplesphere.be\/fr https:\/\/www.financialforum.be\/fr\/bienvenue https:\/\/ie-net.be\/nieuws http:\/\/ingenieursbelges.be\/newsletter\/ http:\/\/www.onlyengineerjobs.be\/fr http:\/\/datanews.levif.be\/ict\/","breadcrumb":{"@id":"https:\/\/experis.lu\/fr\/informations-plus-specifiques-liees-aux-differents-secteurs\/#breadcrumb"},"inLanguage":"fr-FR","potentialAction":[{"@type":"ReadAction","target":["https:\/\/experis.lu\/fr\/informations-plus-specifiques-liees-aux-differents-secteurs\/"]}]},{"@type":"BreadcrumbList","@id":"https:\/\/experis.lu\/fr\/informations-plus-specifiques-liees-aux-differents-secteurs\/#breadcrumb","itemListElement":[{"@type":"ListItem","position":1,"name":"Home","item":"https:\/\/experis.lu\/fr\/"},{"@type":"ListItem","position":2,"name":"Informations plus sp\u00e9cifiques li\u00e9es aux diff\u00e9rents secteurs"}]},{"@type":"WebSite","@id":"https:\/\/experis.lu\/#website","url":"https:\/\/experis.lu\/","name":"","description":"","potentialAction":[{"@type":"SearchAction","target":{"@type":"EntryPoint","urlTemplate":"https:\/\/experis.lu\/?s={search_term_string}"},"query-input":{"@type":"PropertyValueSpecification","valueRequired":true,"valueName":"search_term_string"}}],"inLanguage":"fr-FR"}]}},"_links":{"self":[{"href":"https:\/\/experis.lu\/fr\/wp-json\/wp\/v2\/pages\/3991","targetHints":{"allow":["GET"]}}],"collection":[{"href":"https:\/\/experis.lu\/fr\/wp-json\/wp\/v2\/pages"}],"about":[{"href":"https:\/\/experis.lu\/fr\/wp-json\/wp\/v2\/types\/page"}],"author":[{"embeddable":true,"href":"https:\/\/experis.lu\/fr\/wp-json\/wp\/v2\/users\/83"}],"replies":[{"embeddable":true,"href":"https:\/\/experis.lu\/fr\/wp-json\/wp\/v2\/comments?post=3991"}],"version-history":[{"count":0,"href":"https:\/\/experis.lu\/fr\/wp-json\/wp\/v2\/pages\/3991\/revisions"}],"wp:attachment":[{"href":"https:\/\/experis.lu\/fr\/wp-json\/wp\/v2\/media?parent=3991"}],"curies":[{"name":"wp","href":"https:\/\/api.w.org\/{rel}","templated":true}]}}