
{"id":3979,"date":"2016-12-29T14:51:46","date_gmt":"2016-12-29T14:51:46","guid":{"rendered":"http:\/\/experislvh.cluster023.hosting.ovh.net\/fr\/?page_id=3979"},"modified":"2017-02-15T09:17:26","modified_gmt":"2017-02-15T09:17:26","slug":"entretien-dembauche-comment-se-preparer","status":"publish","type":"page","link":"https:\/\/experis.lu\/fr\/entretien-dembauche-comment-se-preparer\/","title":{"rendered":"Entretien d\u2019embauche \u2013 comment se pr\u00e9parer"},"content":{"rendered":"<ul>\n<li>Assurez-vous que vous avez l&rsquo;adresse correcte, le nom de la personne que vous rencontrez,<br \/>\nun num\u00e9ro de t\u00e9l\u00e9phone \u00e0 appeler en cas de retard.<\/li>\n<li>Apportez de quoi prendre des notes.<\/li>\n<li>Pr\u00e9parer une courte liste de questions sur la fonction, l&rsquo;\u00e9volution de carri\u00e8re, la culture d&rsquo;entreprise, etc.<\/li>\n<li>Apr\u00e8s l&rsquo;entrevue, envoyez un courrier rapide pour remercier le recruteur et confirmer votre int\u00e9r\u00eat pour la fonction.<\/li>\n<\/ul>\n","protected":false},"excerpt":{"rendered":"<p>Assurez-vous que vous avez l&rsquo;adresse correcte, le nom de la personne que vous rencontrez, un num\u00e9ro de t\u00e9l\u00e9phone \u00e0 appeler en cas de retard. Apportez de quoi prendre des notes. Pr\u00e9parer une courte liste de questions sur la fonction, l&rsquo;\u00e9volution de carri\u00e8re, la culture d&rsquo;entreprise, etc. Apr\u00e8s l&rsquo;entrevue, envoyez un courrier rapide pour remercier le &hellip; <a href=\"https:\/\/experis.lu\/fr\/entretien-dembauche-comment-se-preparer\/\" class=\"more-link\">Continuer la lecture<span class=\"screen-reader-text\"> de &laquo;&nbsp;Entretien d\u2019embauche \u2013 comment se pr\u00e9parer&nbsp;&raquo;<\/span><\/a><\/p>\n","protected":false},"author":83,"featured_media":0,"parent":0,"menu_order":0,"comment_status":"closed","ping_status":"closed","template":"","meta":{"footnotes":""},"class_list":["post-3979","page","type-page","status-publish","hentry"],"yoast_head":"<!-- This site is optimized with the Yoast SEO plugin v27.3 - https:\/\/yoast.com\/product\/yoast-seo-wordpress\/ -->\n<title>Entretien d\u2019embauche \u2013 comment se pr\u00e9parer - Experis Luxembourg<\/title>\n<meta name=\"description\" content=\"Assurez-vous que vous avez l\u2019adresse correcte, le nom de la personne que vous rencontrez, un num\u00e9ro de t\u00e9l\u00e9phone \u00e0 appeler en cas de retard...\" \/>\n<meta name=\"robots\" content=\"index, follow, max-snippet:-1, max-image-preview:large, max-video-preview:-1\" \/>\n<link rel=\"canonical\" href=\"https:\/\/experis.lu\/fr\/entretien-dembauche-comment-se-preparer\/\" \/>\n<meta property=\"og:locale\" content=\"fr_FR\" \/>\n<meta property=\"og:type\" content=\"article\" \/>\n<meta property=\"og:title\" content=\"Entretien d\u2019embauche \u2013 comment se pr\u00e9parer - Experis Luxembourg\" \/>\n<meta property=\"og:description\" content=\"Assurez-vous que vous avez l\u2019adresse correcte, le nom de la personne que vous rencontrez, un num\u00e9ro de t\u00e9l\u00e9phone \u00e0 appeler en cas de retard...\" \/>\n<meta property=\"og:url\" content=\"https:\/\/experis.lu\/fr\/entretien-dembauche-comment-se-preparer\/\" \/>\n<meta property=\"article:modified_time\" content=\"2017-02-15T09:17:26+00:00\" \/>\n<meta name=\"twitter:card\" content=\"summary_large_image\" \/>\n<script type=\"application\/ld+json\" class=\"yoast-schema-graph\">{\"@context\":\"https:\\\/\\\/schema.org\",\"@graph\":[{\"@type\":\"WebPage\",\"@id\":\"https:\\\/\\\/experis.lu\\\/fr\\\/entretien-dembauche-comment-se-preparer\\\/\",\"url\":\"https:\\\/\\\/experis.lu\\\/fr\\\/entretien-dembauche-comment-se-preparer\\\/\",\"name\":\"Entretien d\u2019embauche \u2013 comment se pr\u00e9parer - Experis Luxembourg\",\"isPartOf\":{\"@id\":\"https:\\\/\\\/experis.lu\\\/#website\"},\"datePublished\":\"2016-12-29T14:51:46+00:00\",\"dateModified\":\"2017-02-15T09:17:26+00:00\",\"description\":\"Assurez-vous que vous avez l\u2019adresse correcte, le nom de la personne que vous rencontrez, un num\u00e9ro de t\u00e9l\u00e9phone \u00e0 appeler en cas de retard...\",\"breadcrumb\":{\"@id\":\"https:\\\/\\\/experis.lu\\\/fr\\\/entretien-dembauche-comment-se-preparer\\\/#breadcrumb\"},\"inLanguage\":\"fr-FR\",\"potentialAction\":[{\"@type\":\"ReadAction\",\"target\":[\"https:\\\/\\\/experis.lu\\\/fr\\\/entretien-dembauche-comment-se-preparer\\\/\"]}]},{\"@type\":\"BreadcrumbList\",\"@id\":\"https:\\\/\\\/experis.lu\\\/fr\\\/entretien-dembauche-comment-se-preparer\\\/#breadcrumb\",\"itemListElement\":[{\"@type\":\"ListItem\",\"position\":1,\"name\":\"Home\",\"item\":\"https:\\\/\\\/experis.lu\\\/fr\\\/\"},{\"@type\":\"ListItem\",\"position\":2,\"name\":\"Entretien d\u2019embauche \u2013 comment se pr\u00e9parer\"}]},{\"@type\":\"WebSite\",\"@id\":\"https:\\\/\\\/experis.lu\\\/#website\",\"url\":\"https:\\\/\\\/experis.lu\\\/\",\"name\":\"\",\"description\":\"\",\"potentialAction\":[{\"@type\":\"SearchAction\",\"target\":{\"@type\":\"EntryPoint\",\"urlTemplate\":\"https:\\\/\\\/experis.lu\\\/?s={search_term_string}\"},\"query-input\":{\"@type\":\"PropertyValueSpecification\",\"valueRequired\":true,\"valueName\":\"search_term_string\"}}],\"inLanguage\":\"fr-FR\"}]}<\/script>\n<!-- \/ Yoast SEO plugin. -->","yoast_head_json":{"title":"Entretien d\u2019embauche \u2013 comment se pr\u00e9parer - Experis Luxembourg","description":"Assurez-vous que vous avez l\u2019adresse correcte, le nom de la personne que vous rencontrez, un num\u00e9ro de t\u00e9l\u00e9phone \u00e0 appeler en cas de retard...","robots":{"index":"index","follow":"follow","max-snippet":"max-snippet:-1","max-image-preview":"max-image-preview:large","max-video-preview":"max-video-preview:-1"},"canonical":"https:\/\/experis.lu\/fr\/entretien-dembauche-comment-se-preparer\/","og_locale":"fr_FR","og_type":"article","og_title":"Entretien d\u2019embauche \u2013 comment se pr\u00e9parer - Experis Luxembourg","og_description":"Assurez-vous que vous avez l\u2019adresse correcte, le nom de la personne que vous rencontrez, un num\u00e9ro de t\u00e9l\u00e9phone \u00e0 appeler en cas de retard...","og_url":"https:\/\/experis.lu\/fr\/entretien-dembauche-comment-se-preparer\/","article_modified_time":"2017-02-15T09:17:26+00:00","twitter_card":"summary_large_image","schema":{"@context":"https:\/\/schema.org","@graph":[{"@type":"WebPage","@id":"https:\/\/experis.lu\/fr\/entretien-dembauche-comment-se-preparer\/","url":"https:\/\/experis.lu\/fr\/entretien-dembauche-comment-se-preparer\/","name":"Entretien d\u2019embauche \u2013 comment se pr\u00e9parer - Experis Luxembourg","isPartOf":{"@id":"https:\/\/experis.lu\/#website"},"datePublished":"2016-12-29T14:51:46+00:00","dateModified":"2017-02-15T09:17:26+00:00","description":"Assurez-vous que vous avez l\u2019adresse correcte, le nom de la personne que vous rencontrez, un num\u00e9ro de t\u00e9l\u00e9phone \u00e0 appeler en cas de retard...","breadcrumb":{"@id":"https:\/\/experis.lu\/fr\/entretien-dembauche-comment-se-preparer\/#breadcrumb"},"inLanguage":"fr-FR","potentialAction":[{"@type":"ReadAction","target":["https:\/\/experis.lu\/fr\/entretien-dembauche-comment-se-preparer\/"]}]},{"@type":"BreadcrumbList","@id":"https:\/\/experis.lu\/fr\/entretien-dembauche-comment-se-preparer\/#breadcrumb","itemListElement":[{"@type":"ListItem","position":1,"name":"Home","item":"https:\/\/experis.lu\/fr\/"},{"@type":"ListItem","position":2,"name":"Entretien d\u2019embauche \u2013 comment se pr\u00e9parer"}]},{"@type":"WebSite","@id":"https:\/\/experis.lu\/#website","url":"https:\/\/experis.lu\/","name":"","description":"","potentialAction":[{"@type":"SearchAction","target":{"@type":"EntryPoint","urlTemplate":"https:\/\/experis.lu\/?s={search_term_string}"},"query-input":{"@type":"PropertyValueSpecification","valueRequired":true,"valueName":"search_term_string"}}],"inLanguage":"fr-FR"}]}},"_links":{"self":[{"href":"https:\/\/experis.lu\/fr\/wp-json\/wp\/v2\/pages\/3979","targetHints":{"allow":["GET"]}}],"collection":[{"href":"https:\/\/experis.lu\/fr\/wp-json\/wp\/v2\/pages"}],"about":[{"href":"https:\/\/experis.lu\/fr\/wp-json\/wp\/v2\/types\/page"}],"author":[{"embeddable":true,"href":"https:\/\/experis.lu\/fr\/wp-json\/wp\/v2\/users\/83"}],"replies":[{"embeddable":true,"href":"https:\/\/experis.lu\/fr\/wp-json\/wp\/v2\/comments?post=3979"}],"version-history":[{"count":0,"href":"https:\/\/experis.lu\/fr\/wp-json\/wp\/v2\/pages\/3979\/revisions"}],"wp:attachment":[{"href":"https:\/\/experis.lu\/fr\/wp-json\/wp\/v2\/media?parent=3979"}],"curies":[{"name":"wp","href":"https:\/\/api.w.org\/{rel}","templated":true}]}}