
{"id":3973,"date":"2016-12-29T14:46:10","date_gmt":"2016-12-29T14:46:10","guid":{"rendered":"http:\/\/experislvh.cluster023.hosting.ovh.net\/fr\/?page_id=3973"},"modified":"2017-02-15T09:08:19","modified_gmt":"2017-02-15T09:08:19","slug":"cv-quelques-conseils","status":"publish","type":"page","link":"https:\/\/experis.lu\/fr\/cv-quelques-conseils\/","title":{"rendered":"CV \u2013 quelques conseils"},"content":{"rendered":"<ul>\n<li>Commencez votre CV avec des informations claires et pr\u00e9cises : quelle fonction &#8211; quel secteur ciblez-vous ?<\/li>\n<li>Ajustez votre CV : mettez en \u00e9vidence certaines exp\u00e9riences ou comp\u00e9tences qui peuvent apporter une valeur ajout\u00e9e \u00e0 la fonction pour laquelle vous postulez.<\/li>\n<li>R\u00e9digez un CV plut\u00f4t court (2 pages est un bon standard) pour le rendre efficace et impactant.<\/li>\n<li>Construisez votre CV autour de mots-cl\u00e9s : connaissances sp\u00e9cifiques, outils, connaissances linguistiques, normes et standards, etc. C\u2019est ce que recherchent les recruteurs.<\/li>\n<li>Le contenu doit \u00eatre clair et g\u00e9n\u00e9rique, mais laisser de la place aux questions plus sp\u00e9cifiques. Les recruteurs seront alors encourag\u00e9s \u00e0 vous contacter pour en discuter avec vous.<\/li>\n<\/ul>\n","protected":false},"excerpt":{"rendered":"<p>Commencez votre CV avec des informations claires et pr\u00e9cises : quelle fonction &#8211; quel secteur ciblez-vous ? Ajustez votre CV : mettez en \u00e9vidence certaines exp\u00e9riences ou comp\u00e9tences qui peuvent apporter une valeur ajout\u00e9e \u00e0 la fonction pour laquelle vous postulez. R\u00e9digez un CV plut\u00f4t court (2 pages est un bon standard) pour le rendre &hellip; <a href=\"https:\/\/experis.lu\/fr\/cv-quelques-conseils\/\" class=\"more-link\">Continuer la lecture<span class=\"screen-reader-text\"> de &laquo;&nbsp;CV \u2013 quelques conseils&nbsp;&raquo;<\/span><\/a><\/p>\n","protected":false},"author":83,"featured_media":0,"parent":0,"menu_order":0,"comment_status":"closed","ping_status":"closed","template":"","meta":{"footnotes":""},"class_list":["post-3973","page","type-page","status-publish","hentry"],"yoast_head":"<!-- This site is optimized with the Yoast SEO plugin v27.3 - https:\/\/yoast.com\/product\/yoast-seo-wordpress\/ -->\n<title>CV \u2013 quelques conseils - Experis Luxembourg<\/title>\n<meta name=\"description\" content=\"Commencez votre CV avec des informations claires et pr\u00e9cises : quelle fonction - quel secteur ciblez-vous ?\" \/>\n<meta name=\"robots\" content=\"index, follow, max-snippet:-1, max-image-preview:large, max-video-preview:-1\" \/>\n<link rel=\"canonical\" href=\"https:\/\/experis.lu\/fr\/cv-quelques-conseils\/\" \/>\n<meta property=\"og:locale\" content=\"fr_FR\" \/>\n<meta property=\"og:type\" content=\"article\" \/>\n<meta property=\"og:title\" content=\"CV \u2013 quelques conseils - Experis Luxembourg\" \/>\n<meta property=\"og:description\" content=\"Commencez votre CV avec des informations claires et pr\u00e9cises : quelle fonction - quel secteur ciblez-vous ?\" \/>\n<meta property=\"og:url\" content=\"https:\/\/experis.lu\/fr\/cv-quelques-conseils\/\" \/>\n<meta property=\"article:modified_time\" content=\"2017-02-15T09:08:19+00:00\" \/>\n<meta name=\"twitter:card\" content=\"summary_large_image\" \/>\n<meta name=\"twitter:label1\" content=\"Dur\u00e9e de lecture estim\u00e9e\" \/>\n\t<meta name=\"twitter:data1\" content=\"1 minute\" \/>\n<script type=\"application\/ld+json\" class=\"yoast-schema-graph\">{\"@context\":\"https:\\\/\\\/schema.org\",\"@graph\":[{\"@type\":\"WebPage\",\"@id\":\"https:\\\/\\\/experis.lu\\\/fr\\\/cv-quelques-conseils\\\/\",\"url\":\"https:\\\/\\\/experis.lu\\\/fr\\\/cv-quelques-conseils\\\/\",\"name\":\"CV \u2013 quelques conseils - Experis Luxembourg\",\"isPartOf\":{\"@id\":\"https:\\\/\\\/experis.lu\\\/#website\"},\"datePublished\":\"2016-12-29T14:46:10+00:00\",\"dateModified\":\"2017-02-15T09:08:19+00:00\",\"description\":\"Commencez votre CV avec des informations claires et pr\u00e9cises : quelle fonction - quel secteur ciblez-vous ?\",\"breadcrumb\":{\"@id\":\"https:\\\/\\\/experis.lu\\\/fr\\\/cv-quelques-conseils\\\/#breadcrumb\"},\"inLanguage\":\"fr-FR\",\"potentialAction\":[{\"@type\":\"ReadAction\",\"target\":[\"https:\\\/\\\/experis.lu\\\/fr\\\/cv-quelques-conseils\\\/\"]}]},{\"@type\":\"BreadcrumbList\",\"@id\":\"https:\\\/\\\/experis.lu\\\/fr\\\/cv-quelques-conseils\\\/#breadcrumb\",\"itemListElement\":[{\"@type\":\"ListItem\",\"position\":1,\"name\":\"Home\",\"item\":\"https:\\\/\\\/experis.lu\\\/fr\\\/\"},{\"@type\":\"ListItem\",\"position\":2,\"name\":\"CV \u2013 quelques conseils\"}]},{\"@type\":\"WebSite\",\"@id\":\"https:\\\/\\\/experis.lu\\\/#website\",\"url\":\"https:\\\/\\\/experis.lu\\\/\",\"name\":\"\",\"description\":\"\",\"potentialAction\":[{\"@type\":\"SearchAction\",\"target\":{\"@type\":\"EntryPoint\",\"urlTemplate\":\"https:\\\/\\\/experis.lu\\\/?s={search_term_string}\"},\"query-input\":{\"@type\":\"PropertyValueSpecification\",\"valueRequired\":true,\"valueName\":\"search_term_string\"}}],\"inLanguage\":\"fr-FR\"}]}<\/script>\n<!-- \/ Yoast SEO plugin. -->","yoast_head_json":{"title":"CV \u2013 quelques conseils - Experis Luxembourg","description":"Commencez votre CV avec des informations claires et pr\u00e9cises : quelle fonction - quel secteur ciblez-vous ?","robots":{"index":"index","follow":"follow","max-snippet":"max-snippet:-1","max-image-preview":"max-image-preview:large","max-video-preview":"max-video-preview:-1"},"canonical":"https:\/\/experis.lu\/fr\/cv-quelques-conseils\/","og_locale":"fr_FR","og_type":"article","og_title":"CV \u2013 quelques conseils - Experis Luxembourg","og_description":"Commencez votre CV avec des informations claires et pr\u00e9cises : quelle fonction - quel secteur ciblez-vous ?","og_url":"https:\/\/experis.lu\/fr\/cv-quelques-conseils\/","article_modified_time":"2017-02-15T09:08:19+00:00","twitter_card":"summary_large_image","twitter_misc":{"Dur\u00e9e de lecture estim\u00e9e":"1 minute"},"schema":{"@context":"https:\/\/schema.org","@graph":[{"@type":"WebPage","@id":"https:\/\/experis.lu\/fr\/cv-quelques-conseils\/","url":"https:\/\/experis.lu\/fr\/cv-quelques-conseils\/","name":"CV \u2013 quelques conseils - Experis Luxembourg","isPartOf":{"@id":"https:\/\/experis.lu\/#website"},"datePublished":"2016-12-29T14:46:10+00:00","dateModified":"2017-02-15T09:08:19+00:00","description":"Commencez votre CV avec des informations claires et pr\u00e9cises : quelle fonction - quel secteur ciblez-vous ?","breadcrumb":{"@id":"https:\/\/experis.lu\/fr\/cv-quelques-conseils\/#breadcrumb"},"inLanguage":"fr-FR","potentialAction":[{"@type":"ReadAction","target":["https:\/\/experis.lu\/fr\/cv-quelques-conseils\/"]}]},{"@type":"BreadcrumbList","@id":"https:\/\/experis.lu\/fr\/cv-quelques-conseils\/#breadcrumb","itemListElement":[{"@type":"ListItem","position":1,"name":"Home","item":"https:\/\/experis.lu\/fr\/"},{"@type":"ListItem","position":2,"name":"CV \u2013 quelques conseils"}]},{"@type":"WebSite","@id":"https:\/\/experis.lu\/#website","url":"https:\/\/experis.lu\/","name":"","description":"","potentialAction":[{"@type":"SearchAction","target":{"@type":"EntryPoint","urlTemplate":"https:\/\/experis.lu\/?s={search_term_string}"},"query-input":{"@type":"PropertyValueSpecification","valueRequired":true,"valueName":"search_term_string"}}],"inLanguage":"fr-FR"}]}},"_links":{"self":[{"href":"https:\/\/experis.lu\/fr\/wp-json\/wp\/v2\/pages\/3973","targetHints":{"allow":["GET"]}}],"collection":[{"href":"https:\/\/experis.lu\/fr\/wp-json\/wp\/v2\/pages"}],"about":[{"href":"https:\/\/experis.lu\/fr\/wp-json\/wp\/v2\/types\/page"}],"author":[{"embeddable":true,"href":"https:\/\/experis.lu\/fr\/wp-json\/wp\/v2\/users\/83"}],"replies":[{"embeddable":true,"href":"https:\/\/experis.lu\/fr\/wp-json\/wp\/v2\/comments?post=3973"}],"version-history":[{"count":0,"href":"https:\/\/experis.lu\/fr\/wp-json\/wp\/v2\/pages\/3973\/revisions"}],"wp:attachment":[{"href":"https:\/\/experis.lu\/fr\/wp-json\/wp\/v2\/media?parent=3973"}],"curies":[{"name":"wp","href":"https:\/\/api.w.org\/{rel}","templated":true}]}}