
{"id":3961,"date":"2016-12-29T14:32:27","date_gmt":"2016-12-29T14:32:27","guid":{"rendered":"http:\/\/experislvh.cluster023.hosting.ovh.net\/fr\/?page_id=3961"},"modified":"2017-07-17T09:00:58","modified_gmt":"2017-07-17T09:00:58","slug":"questions-frequentes","status":"publish","type":"page","link":"https:\/\/experis.lu\/fr\/questions-frequentes\/","title":{"rendered":"Questions fr\u00e9quentes"},"content":{"rendered":"<section class=\"wpb-content-wrapper\"><p>[vc_row][vc_column][vc_toggle title=\u00a0\u00bbExperis continue \u00e0 me soutenir apr\u00e8s mon entr\u00e9e en fonction en tant que consultant ?\u00a0\u00bb el_id=\u00a0\u00bb1483021329676-afaa3ee4-bf9a\u00a0\u00bb]Oui. Si votre superviseur sur votre le lieu de travail est votre point de contact quotidien pour vos questions li\u00e9es \u00e0 votre travail, Experis est n\u00e9anmoins votre employeur. Nous restons \u00e0 votre disposition pour vos questions ou pr\u00e9occupations et vous rendons visite r\u00e9guli\u00e8rement.<br \/>\nVous avez trouv\u00e9 un poste permanent gr\u00e2ce \u00e0 Experis, nous vous contacterons p\u00e9riodiquement pour prendre de vos nouvelles.[\/vc_toggle][vc_toggle title=\u00a0\u00bbQue dois-je faire lorsque ma mission se termine ?\u00a0\u00bb el_id=\u00a0\u00bb1483021426033-9f904930-8c7e\u00a0\u00bb]Experis fera le n\u00e9cessaire pour vous trouver une nouvelle mission rapidement. Tenez-nous toujours au courant d\u2019\u00e9ventuels changements et n\u2019h\u00e9sitez pas \u00e0 nous indiquer toutes nouvelles comp\u00e9tences acquises. Vous pouvez \u00e9galement, et \u00e0 tout moment, consulter nos opportunit\u00e9s.[\/vc_toggle][vc_toggle title=\u00a0\u00bbQuelles sont les possibilit\u00e9s de d\u00e9veloppement offertes par Experis ?\u00a0\u00bb el_id=\u00a0\u00bb1483021494476-8127da28-70fa\u00a0\u00bb]Avec Experis vous \u00eates accompagn\u00e9s par de v\u00e9ritables experts, toujours disponibles pour vous conseiller en terme de plan de carri\u00e8re, dans la cr\u00e9ation du meilleur CV ou la pr\u00e9paration de vos entretiens.<br \/>\nEn tant que consultant, vous pouvez \u00e9galement profiter de notre plateforme de formation en ligne powerYOU pour acc\u00e9der gratuitement et facilement \u00e0 des milliers de cours qui vous permettront de progresser dans plusieurs domaines. Les offres de cours couvrent un large \u00e9ventail de sujets, y compris :<\/p>\n<ul>\n<li>Gestion de projet<\/li>\n<li>D\u00e9veloppement de logiciels<\/li>\n<li>Pratiques comptables<\/li>\n<li>Lean manufacturing<\/li>\n<li>Assurance qualit\u00e9<\/li>\n<\/ul>\n<p>[\/vc_toggle][vc_toggle title=\u00a0\u00bbComment se d\u00e9roule le processus de recrutement ?\u00a0\u00bb el_id=\u00a0\u00bb1483021548973-36cdc556-f3a9&Prime;]Notre processus de recrutement est con\u00e7u pour cr\u00e9er le match id\u00e9al entre un candidat et les postes ouverts chez nos clients. Il se compose des \u00e9tapes cl\u00e9s suivantes :<\/p>\n<p><b>Pre-screening<\/b> &#8211; Au cours de cette premi\u00e8re \u00e9tape, vous discuterez avec l\u2019un de nos recruteurs afin d&rsquo;examiner votre exp\u00e9rience et vos objectifs de carri\u00e8re.<br \/>\nNous parcourons ensemble votre CV et vous aidons \u00e0 peaufiner votre profil professionnel. Rappelez-vous: cette d\u00e9marche est gratuite.<\/p>\n<p><b>Screening<\/b> &#8211; Si votre profil se retrouve dans l\u2019une de nos sp\u00e9cialisations, nous effectuerons une analyse plus approfondie de vos points forts et comp\u00e9tences pour rassembler un maximum d\u2019informations et vous trouver la fonction id\u00e9ale. Il s&rsquo;agit g\u00e9n\u00e9ralement d&rsquo;entrevues, d&rsquo;\u00e9valuations de comp\u00e9tences et de prises de r\u00e9f\u00e9rences.<\/p>\n<p><b>S\u00e9lection <\/b>&#8211; Avec une compr\u00e9hension approfondie de vos comp\u00e9tences, votre exp\u00e9rience et vos objectifs, nos recruteurs identifient les meilleures opportunit\u00e9s pour vous. Nous vous proposons ainsi des employeurs potentiels qui sont \u00e0 la recherche des talents uniques que vous poss\u00e9dez. Nous nous occupons de tout le processus de s\u00e9lection et vous tenons au courant \u00e0 chaque \u00e9tape.[\/vc_toggle][\/vc_column][\/vc_row]<\/p>\n<\/section>","protected":false},"excerpt":{"rendered":"<p>[vc_row][vc_column][vc_toggle title=\u00a0\u00bbExperis continue \u00e0 me soutenir apr\u00e8s mon entr\u00e9e en fonction en tant que consultant ?\u00a0\u00bb el_id=\u00a0\u00bb1483021329676-afaa3ee4-bf9a\u00a0\u00bb]Oui. Si votre superviseur sur votre le lieu de travail est votre point de contact quotidien pour vos questions li\u00e9es \u00e0 votre travail, Experis est n\u00e9anmoins votre employeur. Nous restons \u00e0 votre disposition pour vos questions ou pr\u00e9occupations et &hellip; <a href=\"https:\/\/experis.lu\/fr\/questions-frequentes\/\" class=\"more-link\">Continuer la lecture<span class=\"screen-reader-text\"> de &laquo;&nbsp;Questions fr\u00e9quentes&nbsp;&raquo;<\/span><\/a><\/p>\n","protected":false},"author":83,"featured_media":0,"parent":0,"menu_order":0,"comment_status":"closed","ping_status":"closed","template":"","meta":{"footnotes":""},"class_list":["post-3961","page","type-page","status-publish","hentry"],"yoast_head":"<!-- This site is optimized with the Yoast SEO plugin v27.3 - https:\/\/yoast.com\/product\/yoast-seo-wordpress\/ -->\n<title>Questions fr\u00e9quentes - Experis Luxembourg<\/title>\n<meta name=\"description\" content=\"Experis continue \u00e0 me soutenir apr\u00e8s mon entr\u00e9e en fonction? Que dois-je faire lorsque ma mission se termine? etc.\" \/>\n<meta name=\"robots\" content=\"index, follow, max-snippet:-1, max-image-preview:large, max-video-preview:-1\" \/>\n<link rel=\"canonical\" href=\"https:\/\/experis.lu\/fr\/questions-frequentes\/\" \/>\n<meta property=\"og:locale\" content=\"fr_FR\" \/>\n<meta property=\"og:type\" content=\"article\" \/>\n<meta property=\"og:title\" content=\"Questions fr\u00e9quentes - Experis Luxembourg\" \/>\n<meta property=\"og:description\" content=\"Experis continue \u00e0 me soutenir apr\u00e8s mon entr\u00e9e en fonction? Que dois-je faire lorsque ma mission se termine? etc.\" \/>\n<meta property=\"og:url\" content=\"https:\/\/experis.lu\/fr\/questions-frequentes\/\" \/>\n<meta property=\"article:modified_time\" content=\"2017-07-17T09:00:58+00:00\" \/>\n<meta name=\"twitter:card\" content=\"summary_large_image\" \/>\n<meta name=\"twitter:label1\" content=\"Dur\u00e9e de lecture estim\u00e9e\" \/>\n\t<meta name=\"twitter:data1\" content=\"2 minutes\" \/>\n<script type=\"application\/ld+json\" class=\"yoast-schema-graph\">{\"@context\":\"https:\\\/\\\/schema.org\",\"@graph\":[{\"@type\":\"WebPage\",\"@id\":\"https:\\\/\\\/experis.lu\\\/fr\\\/questions-frequentes\\\/\",\"url\":\"https:\\\/\\\/experis.lu\\\/fr\\\/questions-frequentes\\\/\",\"name\":\"Questions fr\u00e9quentes - Experis Luxembourg\",\"isPartOf\":{\"@id\":\"https:\\\/\\\/experis.lu\\\/#website\"},\"datePublished\":\"2016-12-29T14:32:27+00:00\",\"dateModified\":\"2017-07-17T09:00:58+00:00\",\"description\":\"Experis continue \u00e0 me soutenir apr\u00e8s mon entr\u00e9e en fonction? Que dois-je faire lorsque ma mission se termine? etc.\",\"breadcrumb\":{\"@id\":\"https:\\\/\\\/experis.lu\\\/fr\\\/questions-frequentes\\\/#breadcrumb\"},\"inLanguage\":\"fr-FR\",\"potentialAction\":[{\"@type\":\"ReadAction\",\"target\":[\"https:\\\/\\\/experis.lu\\\/fr\\\/questions-frequentes\\\/\"]}]},{\"@type\":\"BreadcrumbList\",\"@id\":\"https:\\\/\\\/experis.lu\\\/fr\\\/questions-frequentes\\\/#breadcrumb\",\"itemListElement\":[{\"@type\":\"ListItem\",\"position\":1,\"name\":\"Home\",\"item\":\"https:\\\/\\\/experis.lu\\\/fr\\\/\"},{\"@type\":\"ListItem\",\"position\":2,\"name\":\"Questions fr\u00e9quentes\"}]},{\"@type\":\"WebSite\",\"@id\":\"https:\\\/\\\/experis.lu\\\/#website\",\"url\":\"https:\\\/\\\/experis.lu\\\/\",\"name\":\"\",\"description\":\"\",\"potentialAction\":[{\"@type\":\"SearchAction\",\"target\":{\"@type\":\"EntryPoint\",\"urlTemplate\":\"https:\\\/\\\/experis.lu\\\/?s={search_term_string}\"},\"query-input\":{\"@type\":\"PropertyValueSpecification\",\"valueRequired\":true,\"valueName\":\"search_term_string\"}}],\"inLanguage\":\"fr-FR\"}]}<\/script>\n<!-- \/ Yoast SEO plugin. -->","yoast_head_json":{"title":"Questions fr\u00e9quentes - Experis Luxembourg","description":"Experis continue \u00e0 me soutenir apr\u00e8s mon entr\u00e9e en fonction? Que dois-je faire lorsque ma mission se termine? etc.","robots":{"index":"index","follow":"follow","max-snippet":"max-snippet:-1","max-image-preview":"max-image-preview:large","max-video-preview":"max-video-preview:-1"},"canonical":"https:\/\/experis.lu\/fr\/questions-frequentes\/","og_locale":"fr_FR","og_type":"article","og_title":"Questions fr\u00e9quentes - Experis Luxembourg","og_description":"Experis continue \u00e0 me soutenir apr\u00e8s mon entr\u00e9e en fonction? Que dois-je faire lorsque ma mission se termine? etc.","og_url":"https:\/\/experis.lu\/fr\/questions-frequentes\/","article_modified_time":"2017-07-17T09:00:58+00:00","twitter_card":"summary_large_image","twitter_misc":{"Dur\u00e9e de lecture estim\u00e9e":"2 minutes"},"schema":{"@context":"https:\/\/schema.org","@graph":[{"@type":"WebPage","@id":"https:\/\/experis.lu\/fr\/questions-frequentes\/","url":"https:\/\/experis.lu\/fr\/questions-frequentes\/","name":"Questions fr\u00e9quentes - Experis Luxembourg","isPartOf":{"@id":"https:\/\/experis.lu\/#website"},"datePublished":"2016-12-29T14:32:27+00:00","dateModified":"2017-07-17T09:00:58+00:00","description":"Experis continue \u00e0 me soutenir apr\u00e8s mon entr\u00e9e en fonction? Que dois-je faire lorsque ma mission se termine? etc.","breadcrumb":{"@id":"https:\/\/experis.lu\/fr\/questions-frequentes\/#breadcrumb"},"inLanguage":"fr-FR","potentialAction":[{"@type":"ReadAction","target":["https:\/\/experis.lu\/fr\/questions-frequentes\/"]}]},{"@type":"BreadcrumbList","@id":"https:\/\/experis.lu\/fr\/questions-frequentes\/#breadcrumb","itemListElement":[{"@type":"ListItem","position":1,"name":"Home","item":"https:\/\/experis.lu\/fr\/"},{"@type":"ListItem","position":2,"name":"Questions fr\u00e9quentes"}]},{"@type":"WebSite","@id":"https:\/\/experis.lu\/#website","url":"https:\/\/experis.lu\/","name":"","description":"","potentialAction":[{"@type":"SearchAction","target":{"@type":"EntryPoint","urlTemplate":"https:\/\/experis.lu\/?s={search_term_string}"},"query-input":{"@type":"PropertyValueSpecification","valueRequired":true,"valueName":"search_term_string"}}],"inLanguage":"fr-FR"}]}},"_links":{"self":[{"href":"https:\/\/experis.lu\/fr\/wp-json\/wp\/v2\/pages\/3961","targetHints":{"allow":["GET"]}}],"collection":[{"href":"https:\/\/experis.lu\/fr\/wp-json\/wp\/v2\/pages"}],"about":[{"href":"https:\/\/experis.lu\/fr\/wp-json\/wp\/v2\/types\/page"}],"author":[{"embeddable":true,"href":"https:\/\/experis.lu\/fr\/wp-json\/wp\/v2\/users\/83"}],"replies":[{"embeddable":true,"href":"https:\/\/experis.lu\/fr\/wp-json\/wp\/v2\/comments?post=3961"}],"version-history":[{"count":2,"href":"https:\/\/experis.lu\/fr\/wp-json\/wp\/v2\/pages\/3961\/revisions"}],"predecessor-version":[{"id":57018,"href":"https:\/\/experis.lu\/fr\/wp-json\/wp\/v2\/pages\/3961\/revisions\/57018"}],"wp:attachment":[{"href":"https:\/\/experis.lu\/fr\/wp-json\/wp\/v2\/media?parent=3961"}],"curies":[{"name":"wp","href":"https:\/\/api.w.org\/{rel}","templated":true}]}}