
{"id":3954,"date":"2016-12-29T14:14:37","date_gmt":"2016-12-29T14:14:37","guid":{"rendered":"http:\/\/experislvh.cluster023.hosting.ovh.net\/fr\/?page_id=3954"},"modified":"2017-06-23T10:03:39","modified_gmt":"2017-06-23T10:03:39","slug":"ethique","status":"publish","type":"page","link":"https:\/\/experis.lu\/fr\/ethique\/","title":{"rendered":"\u00c9thique"},"content":{"rendered":"<p><b>ManpowerGroup figure pour la septi\u00e8me ann\u00e9e cons\u00e9cutive sur la liste des 124 \u2018Entreprises les plus \u00e9thiques au monde\u2019 \u00e9tablie par l\u2019Ethisphere Institute. Ce groupe de r\u00e9flexion ind\u00e9pendant promeut de cette mani\u00e8re les bonnes pratiques dans l\u2019\u00e9thique des affaires. Le magazine Fortune a \u00e9galement repris ManpowerGroup \u2013 pour la 14e ann\u00e9e cons\u00e9cutive \u2013 sur sa liste des \u2018Entreprises les plus admir\u00e9es\u2019. ManpowerGroup est la seule entreprise du secteur des ressources humaines \u00e0 figurer sur ces deux classements \u00a0prestigieux.<\/b><\/p>\n<p><i>\u201c<\/i>Chez ManpowerGroup, nous croyons que la gestion d\u2019une entreprise performante et la cr\u00e9ation d\u2019emplois durables pour des millions de personnes \u00e0 travers le monde constituent une combinaison unique qui permet de soutenir une croissance durable\u201d, explique Jonas Prising, Pr\u00e9sident et CEO de ManpowerGroup<i>. <\/i>\u201c<b>Nous sommes fiers d\u2019\u00eatre le seul acteur de notre secteur \u00e0 avoir obtenu cette double reconnaissance <\/b>d\u2019entreprise la plus \u00e9thique et la plus admir\u00e9e. Cela montre la <b>qualit\u00e9 du service que nos 28.000 collaborateurs \u00e0 travers le monde apportent \u00e0 nos clients<\/b> et leur engagement pour <b>accompagner des millions de candidats dans leur recherche d\u2019emploi <\/b>en les aidant \u00e0 mettre en carte leurs comp\u00e9tences pour trouver le job qui leur correspond dans un monde en perp\u00e9tuelle \u00e9volution.\u201d<\/p>\n<p><b>Doing Well by Doing Good\u2019<\/b><\/p>\n<p>Dans ce monde en profonde transformation, qui devient toujours plus instable, nous observons une polarisation croissante au sein de la population \u00e0 diff\u00e9rents niveaux. Il n\u2019a jamais \u00e9t\u00e9 aussi important d\u2019agir de fa\u00e7on responsable en anticipant le futur. C\u2019est l\u2019engagement que nous avons pris en mettant en oeuvre un <b>nouveau plan de d\u00e9veloppement<\/b> durable sur le th\u00e8me <a href=\"http:\/\/www.manpowergroup.be\/developpement-durable\/\" target=\"_blank\" rel=\"noopener noreferrer\">\u2018<b>Doing Well By Doing Good\u2019<\/b>.<\/a> Ce plan vise \u00e0 cr\u00e9er des emplois durables de qualit\u00e9 pour des millions de personnes \u00e0 travers le monde. <b>Il s\u2019appuie sur 3 piliers : les jeunes, la formation continue et l\u2019inclusion sur le march\u00e9 du travail.<\/b><\/p>\n<p>Plus d\u2019informations<a href=\"http:\/\/www.manpowergroup.be\/2017\/04\/27\/manpowergroup-parmi-les-entreprises-les-plus-ethiques-et-les-plus-admirees-au-niveau-mondial\/\" target=\"_blank\" rel=\"noopener noreferrer\"> ici<\/a><\/p>\n","protected":false},"excerpt":{"rendered":"<p>ManpowerGroup figure pour la septi\u00e8me ann\u00e9e cons\u00e9cutive sur la liste des 124 \u2018Entreprises les plus \u00e9thiques au monde\u2019 \u00e9tablie par l\u2019Ethisphere Institute. Ce groupe de r\u00e9flexion ind\u00e9pendant promeut de cette mani\u00e8re les bonnes pratiques dans l\u2019\u00e9thique des affaires. Le magazine Fortune a \u00e9galement repris ManpowerGroup \u2013 pour la 14e ann\u00e9e cons\u00e9cutive \u2013 sur sa liste &hellip; <a href=\"https:\/\/experis.lu\/fr\/ethique\/\" class=\"more-link\">Continuer la lecture<span class=\"screen-reader-text\"> de &laquo;&nbsp;\u00c9thique&nbsp;&raquo;<\/span><\/a><\/p>\n","protected":false},"author":83,"featured_media":0,"parent":0,"menu_order":0,"comment_status":"closed","ping_status":"closed","template":"","meta":{"footnotes":""},"class_list":["post-3954","page","type-page","status-publish","hentry"],"yoast_head":"<!-- This site is optimized with the Yoast SEO plugin v27.3 - https:\/\/yoast.com\/product\/yoast-seo-wordpress\/ -->\n<title>\u00c9thique - Experis Luxembourg<\/title>\n<meta name=\"description\" content=\"ManpowerGroup figure pour la septi\u00e8me ann\u00e9e cons\u00e9cutive sur la liste des 124 \u2018Entreprises les plus \u00e9thiques au monde\u2019 \u00e9tablie par l\u2019Ethisphere Institute.\" \/>\n<meta name=\"robots\" content=\"index, follow, max-snippet:-1, max-image-preview:large, max-video-preview:-1\" \/>\n<link rel=\"canonical\" href=\"https:\/\/experis.lu\/fr\/ethique\/\" \/>\n<meta property=\"og:locale\" content=\"fr_FR\" \/>\n<meta property=\"og:type\" content=\"article\" \/>\n<meta property=\"og:title\" content=\"\u00c9thique - Experis Luxembourg\" \/>\n<meta property=\"og:description\" content=\"ManpowerGroup figure pour la septi\u00e8me ann\u00e9e cons\u00e9cutive sur la liste des 124 \u2018Entreprises les plus \u00e9thiques au monde\u2019 \u00e9tablie par l\u2019Ethisphere Institute.\" \/>\n<meta property=\"og:url\" content=\"https:\/\/experis.lu\/fr\/ethique\/\" \/>\n<meta property=\"article:modified_time\" content=\"2017-06-23T10:03:39+00:00\" \/>\n<meta name=\"twitter:card\" content=\"summary_large_image\" \/>\n<meta name=\"twitter:label1\" content=\"Dur\u00e9e de lecture estim\u00e9e\" \/>\n\t<meta name=\"twitter:data1\" content=\"2 minutes\" \/>\n<script type=\"application\/ld+json\" class=\"yoast-schema-graph\">{\"@context\":\"https:\\\/\\\/schema.org\",\"@graph\":[{\"@type\":\"WebPage\",\"@id\":\"https:\\\/\\\/experis.lu\\\/fr\\\/ethique\\\/\",\"url\":\"https:\\\/\\\/experis.lu\\\/fr\\\/ethique\\\/\",\"name\":\"\u00c9thique - Experis Luxembourg\",\"isPartOf\":{\"@id\":\"https:\\\/\\\/experis.lu\\\/#website\"},\"datePublished\":\"2016-12-29T14:14:37+00:00\",\"dateModified\":\"2017-06-23T10:03:39+00:00\",\"description\":\"ManpowerGroup figure pour la septi\u00e8me ann\u00e9e cons\u00e9cutive sur la liste des 124 \u2018Entreprises les plus \u00e9thiques au monde\u2019 \u00e9tablie par l\u2019Ethisphere Institute.\",\"breadcrumb\":{\"@id\":\"https:\\\/\\\/experis.lu\\\/fr\\\/ethique\\\/#breadcrumb\"},\"inLanguage\":\"fr-FR\",\"potentialAction\":[{\"@type\":\"ReadAction\",\"target\":[\"https:\\\/\\\/experis.lu\\\/fr\\\/ethique\\\/\"]}]},{\"@type\":\"BreadcrumbList\",\"@id\":\"https:\\\/\\\/experis.lu\\\/fr\\\/ethique\\\/#breadcrumb\",\"itemListElement\":[{\"@type\":\"ListItem\",\"position\":1,\"name\":\"Home\",\"item\":\"https:\\\/\\\/experis.lu\\\/fr\\\/\"},{\"@type\":\"ListItem\",\"position\":2,\"name\":\"\u00c9thique\"}]},{\"@type\":\"WebSite\",\"@id\":\"https:\\\/\\\/experis.lu\\\/#website\",\"url\":\"https:\\\/\\\/experis.lu\\\/\",\"name\":\"\",\"description\":\"\",\"potentialAction\":[{\"@type\":\"SearchAction\",\"target\":{\"@type\":\"EntryPoint\",\"urlTemplate\":\"https:\\\/\\\/experis.lu\\\/?s={search_term_string}\"},\"query-input\":{\"@type\":\"PropertyValueSpecification\",\"valueRequired\":true,\"valueName\":\"search_term_string\"}}],\"inLanguage\":\"fr-FR\"}]}<\/script>\n<!-- \/ Yoast SEO plugin. -->","yoast_head_json":{"title":"\u00c9thique - Experis Luxembourg","description":"ManpowerGroup figure pour la septi\u00e8me ann\u00e9e cons\u00e9cutive sur la liste des 124 \u2018Entreprises les plus \u00e9thiques au monde\u2019 \u00e9tablie par l\u2019Ethisphere Institute.","robots":{"index":"index","follow":"follow","max-snippet":"max-snippet:-1","max-image-preview":"max-image-preview:large","max-video-preview":"max-video-preview:-1"},"canonical":"https:\/\/experis.lu\/fr\/ethique\/","og_locale":"fr_FR","og_type":"article","og_title":"\u00c9thique - Experis Luxembourg","og_description":"ManpowerGroup figure pour la septi\u00e8me ann\u00e9e cons\u00e9cutive sur la liste des 124 \u2018Entreprises les plus \u00e9thiques au monde\u2019 \u00e9tablie par l\u2019Ethisphere Institute.","og_url":"https:\/\/experis.lu\/fr\/ethique\/","article_modified_time":"2017-06-23T10:03:39+00:00","twitter_card":"summary_large_image","twitter_misc":{"Dur\u00e9e de lecture estim\u00e9e":"2 minutes"},"schema":{"@context":"https:\/\/schema.org","@graph":[{"@type":"WebPage","@id":"https:\/\/experis.lu\/fr\/ethique\/","url":"https:\/\/experis.lu\/fr\/ethique\/","name":"\u00c9thique - Experis Luxembourg","isPartOf":{"@id":"https:\/\/experis.lu\/#website"},"datePublished":"2016-12-29T14:14:37+00:00","dateModified":"2017-06-23T10:03:39+00:00","description":"ManpowerGroup figure pour la septi\u00e8me ann\u00e9e cons\u00e9cutive sur la liste des 124 \u2018Entreprises les plus \u00e9thiques au monde\u2019 \u00e9tablie par l\u2019Ethisphere Institute.","breadcrumb":{"@id":"https:\/\/experis.lu\/fr\/ethique\/#breadcrumb"},"inLanguage":"fr-FR","potentialAction":[{"@type":"ReadAction","target":["https:\/\/experis.lu\/fr\/ethique\/"]}]},{"@type":"BreadcrumbList","@id":"https:\/\/experis.lu\/fr\/ethique\/#breadcrumb","itemListElement":[{"@type":"ListItem","position":1,"name":"Home","item":"https:\/\/experis.lu\/fr\/"},{"@type":"ListItem","position":2,"name":"\u00c9thique"}]},{"@type":"WebSite","@id":"https:\/\/experis.lu\/#website","url":"https:\/\/experis.lu\/","name":"","description":"","potentialAction":[{"@type":"SearchAction","target":{"@type":"EntryPoint","urlTemplate":"https:\/\/experis.lu\/?s={search_term_string}"},"query-input":{"@type":"PropertyValueSpecification","valueRequired":true,"valueName":"search_term_string"}}],"inLanguage":"fr-FR"}]}},"_links":{"self":[{"href":"https:\/\/experis.lu\/fr\/wp-json\/wp\/v2\/pages\/3954","targetHints":{"allow":["GET"]}}],"collection":[{"href":"https:\/\/experis.lu\/fr\/wp-json\/wp\/v2\/pages"}],"about":[{"href":"https:\/\/experis.lu\/fr\/wp-json\/wp\/v2\/types\/page"}],"author":[{"embeddable":true,"href":"https:\/\/experis.lu\/fr\/wp-json\/wp\/v2\/users\/83"}],"replies":[{"embeddable":true,"href":"https:\/\/experis.lu\/fr\/wp-json\/wp\/v2\/comments?post=3954"}],"version-history":[{"count":1,"href":"https:\/\/experis.lu\/fr\/wp-json\/wp\/v2\/pages\/3954\/revisions"}],"predecessor-version":[{"id":50737,"href":"https:\/\/experis.lu\/fr\/wp-json\/wp\/v2\/pages\/3954\/revisions\/50737"}],"wp:attachment":[{"href":"https:\/\/experis.lu\/fr\/wp-json\/wp\/v2\/media?parent=3954"}],"curies":[{"name":"wp","href":"https:\/\/api.w.org\/{rel}","templated":true}]}}