
{"id":3947,"date":"2016-12-29T14:09:50","date_gmt":"2016-12-29T14:09:50","guid":{"rendered":"http:\/\/experislvh.cluster023.hosting.ovh.net\/fr\/?page_id=3947"},"modified":"2017-08-07T06:51:34","modified_gmt":"2017-08-07T06:51:34","slug":"pourquoi-experis","status":"publish","type":"page","link":"https:\/\/experis.lu\/fr\/pourquoi-experis\/","title":{"rendered":"Pourquoi Experis ?"},"content":{"rendered":"<p>Experis a \u00e0 c\u0153ur de fournir \u00e0 tous les candidats interview\u00e9s un feedback juste et constructif, m\u00eame s\u2019ils ne sont pas \u00e9ligibles pour un poste vacant. Notre objectif est de faire de chaque rencontre une exp\u00e9rience enrichissante, m\u00eame si cela ne conduit pas \u00e0 une collaboration.<\/p>\n<p>Experis offre \u00e0 ses consultants sur projets la garantie d\u2019un accompagnement de qualit\u00e9. Nous d\u00e9finissons \u00e9galement les besoins de formation et le plan de carri\u00e8re de chaque employ\u00e9. Experis maintient ainsi des standards \u00e9lev\u00e9s: nous \u00e9valuons chaque mois la qualit\u00e9 de nos services par le biais d\u2019enqu\u00eates. Nous portons beaucoup d\u2019attention au feedback de tous nos consultants.<\/p>\n<p>Les clients voient ce suivi comme un v\u00e9ritable facteur de diff\u00e9renciation pour Experis sur le march\u00e9. Dans une \u00e9conomie o\u00f9 les interactions sont r\u00e9duites au minimum pour des raisons de productivit\u00e9, nous continuons \u00e0 croire en l\u2019importance de relations interpersonnelles valorisantes.<\/p>\n","protected":false},"excerpt":{"rendered":"<p>Experis a \u00e0 c\u0153ur de fournir \u00e0 tous les candidats interview\u00e9s un feedback juste et constructif, m\u00eame s\u2019ils ne sont pas \u00e9ligibles pour un poste vacant. Notre objectif est de faire de chaque rencontre une exp\u00e9rience enrichissante, m\u00eame si cela ne conduit pas \u00e0 une collaboration. Experis offre \u00e0 ses consultants sur projets la garantie &hellip; <a href=\"https:\/\/experis.lu\/fr\/pourquoi-experis\/\" class=\"more-link\">Continuer la lecture<span class=\"screen-reader-text\"> de &laquo;&nbsp;Pourquoi Experis ?&nbsp;&raquo;<\/span><\/a><\/p>\n","protected":false},"author":83,"featured_media":0,"parent":0,"menu_order":0,"comment_status":"closed","ping_status":"closed","template":"","meta":{"footnotes":""},"class_list":["post-3947","page","type-page","status-publish","hentry"],"yoast_head":"<!-- This site is optimized with the Yoast SEO plugin v27.3 - https:\/\/yoast.com\/product\/yoast-seo-wordpress\/ -->\n<title>Pourquoi Experis ? - Experis Luxembourg<\/title>\n<meta name=\"description\" content=\"Experis a \u00e0 c\u0153ur de fournir \u00e0 tous les candidats interview\u00e9s un feedback juste et constructif, m\u00eame s\u2019ils ne sont m\u00eame pas \u00e9ligibles pour un poste vacant.\" \/>\n<meta name=\"robots\" content=\"index, follow, max-snippet:-1, max-image-preview:large, max-video-preview:-1\" \/>\n<link rel=\"canonical\" href=\"https:\/\/experis.lu\/fr\/pourquoi-experis\/\" \/>\n<meta property=\"og:locale\" content=\"fr_FR\" \/>\n<meta property=\"og:type\" content=\"article\" \/>\n<meta property=\"og:title\" content=\"Pourquoi Experis ? - Experis Luxembourg\" \/>\n<meta property=\"og:description\" content=\"Experis a \u00e0 c\u0153ur de fournir \u00e0 tous les candidats interview\u00e9s un feedback juste et constructif, m\u00eame s\u2019ils ne sont m\u00eame pas \u00e9ligibles pour un poste vacant.\" \/>\n<meta property=\"og:url\" content=\"https:\/\/experis.lu\/fr\/pourquoi-experis\/\" \/>\n<meta property=\"article:modified_time\" content=\"2017-08-07T06:51:34+00:00\" \/>\n<meta name=\"twitter:card\" content=\"summary_large_image\" \/>\n<meta name=\"twitter:label1\" content=\"Dur\u00e9e de lecture estim\u00e9e\" \/>\n\t<meta name=\"twitter:data1\" content=\"1 minute\" \/>\n<script type=\"application\/ld+json\" class=\"yoast-schema-graph\">{\"@context\":\"https:\\\/\\\/schema.org\",\"@graph\":[{\"@type\":\"WebPage\",\"@id\":\"https:\\\/\\\/experis.lu\\\/fr\\\/pourquoi-experis\\\/\",\"url\":\"https:\\\/\\\/experis.lu\\\/fr\\\/pourquoi-experis\\\/\",\"name\":\"Pourquoi Experis ? - Experis Luxembourg\",\"isPartOf\":{\"@id\":\"https:\\\/\\\/experis.lu\\\/#website\"},\"datePublished\":\"2016-12-29T14:09:50+00:00\",\"dateModified\":\"2017-08-07T06:51:34+00:00\",\"description\":\"Experis a \u00e0 c\u0153ur de fournir \u00e0 tous les candidats interview\u00e9s un feedback juste et constructif, m\u00eame s\u2019ils ne sont m\u00eame pas \u00e9ligibles pour un poste vacant.\",\"breadcrumb\":{\"@id\":\"https:\\\/\\\/experis.lu\\\/fr\\\/pourquoi-experis\\\/#breadcrumb\"},\"inLanguage\":\"fr-FR\",\"potentialAction\":[{\"@type\":\"ReadAction\",\"target\":[\"https:\\\/\\\/experis.lu\\\/fr\\\/pourquoi-experis\\\/\"]}]},{\"@type\":\"BreadcrumbList\",\"@id\":\"https:\\\/\\\/experis.lu\\\/fr\\\/pourquoi-experis\\\/#breadcrumb\",\"itemListElement\":[{\"@type\":\"ListItem\",\"position\":1,\"name\":\"Home\",\"item\":\"https:\\\/\\\/experis.lu\\\/fr\\\/\"},{\"@type\":\"ListItem\",\"position\":2,\"name\":\"Pourquoi Experis ?\"}]},{\"@type\":\"WebSite\",\"@id\":\"https:\\\/\\\/experis.lu\\\/#website\",\"url\":\"https:\\\/\\\/experis.lu\\\/\",\"name\":\"\",\"description\":\"\",\"potentialAction\":[{\"@type\":\"SearchAction\",\"target\":{\"@type\":\"EntryPoint\",\"urlTemplate\":\"https:\\\/\\\/experis.lu\\\/?s={search_term_string}\"},\"query-input\":{\"@type\":\"PropertyValueSpecification\",\"valueRequired\":true,\"valueName\":\"search_term_string\"}}],\"inLanguage\":\"fr-FR\"}]}<\/script>\n<!-- \/ Yoast SEO plugin. -->","yoast_head_json":{"title":"Pourquoi Experis ? - Experis Luxembourg","description":"Experis a \u00e0 c\u0153ur de fournir \u00e0 tous les candidats interview\u00e9s un feedback juste et constructif, m\u00eame s\u2019ils ne sont m\u00eame pas \u00e9ligibles pour un poste vacant.","robots":{"index":"index","follow":"follow","max-snippet":"max-snippet:-1","max-image-preview":"max-image-preview:large","max-video-preview":"max-video-preview:-1"},"canonical":"https:\/\/experis.lu\/fr\/pourquoi-experis\/","og_locale":"fr_FR","og_type":"article","og_title":"Pourquoi Experis ? - Experis Luxembourg","og_description":"Experis a \u00e0 c\u0153ur de fournir \u00e0 tous les candidats interview\u00e9s un feedback juste et constructif, m\u00eame s\u2019ils ne sont m\u00eame pas \u00e9ligibles pour un poste vacant.","og_url":"https:\/\/experis.lu\/fr\/pourquoi-experis\/","article_modified_time":"2017-08-07T06:51:34+00:00","twitter_card":"summary_large_image","twitter_misc":{"Dur\u00e9e de lecture estim\u00e9e":"1 minute"},"schema":{"@context":"https:\/\/schema.org","@graph":[{"@type":"WebPage","@id":"https:\/\/experis.lu\/fr\/pourquoi-experis\/","url":"https:\/\/experis.lu\/fr\/pourquoi-experis\/","name":"Pourquoi Experis ? - Experis Luxembourg","isPartOf":{"@id":"https:\/\/experis.lu\/#website"},"datePublished":"2016-12-29T14:09:50+00:00","dateModified":"2017-08-07T06:51:34+00:00","description":"Experis a \u00e0 c\u0153ur de fournir \u00e0 tous les candidats interview\u00e9s un feedback juste et constructif, m\u00eame s\u2019ils ne sont m\u00eame pas \u00e9ligibles pour un poste vacant.","breadcrumb":{"@id":"https:\/\/experis.lu\/fr\/pourquoi-experis\/#breadcrumb"},"inLanguage":"fr-FR","potentialAction":[{"@type":"ReadAction","target":["https:\/\/experis.lu\/fr\/pourquoi-experis\/"]}]},{"@type":"BreadcrumbList","@id":"https:\/\/experis.lu\/fr\/pourquoi-experis\/#breadcrumb","itemListElement":[{"@type":"ListItem","position":1,"name":"Home","item":"https:\/\/experis.lu\/fr\/"},{"@type":"ListItem","position":2,"name":"Pourquoi Experis ?"}]},{"@type":"WebSite","@id":"https:\/\/experis.lu\/#website","url":"https:\/\/experis.lu\/","name":"","description":"","potentialAction":[{"@type":"SearchAction","target":{"@type":"EntryPoint","urlTemplate":"https:\/\/experis.lu\/?s={search_term_string}"},"query-input":{"@type":"PropertyValueSpecification","valueRequired":true,"valueName":"search_term_string"}}],"inLanguage":"fr-FR"}]}},"_links":{"self":[{"href":"https:\/\/experis.lu\/fr\/wp-json\/wp\/v2\/pages\/3947","targetHints":{"allow":["GET"]}}],"collection":[{"href":"https:\/\/experis.lu\/fr\/wp-json\/wp\/v2\/pages"}],"about":[{"href":"https:\/\/experis.lu\/fr\/wp-json\/wp\/v2\/types\/page"}],"author":[{"embeddable":true,"href":"https:\/\/experis.lu\/fr\/wp-json\/wp\/v2\/users\/83"}],"replies":[{"embeddable":true,"href":"https:\/\/experis.lu\/fr\/wp-json\/wp\/v2\/comments?post=3947"}],"version-history":[{"count":5,"href":"https:\/\/experis.lu\/fr\/wp-json\/wp\/v2\/pages\/3947\/revisions"}],"predecessor-version":[{"id":57826,"href":"https:\/\/experis.lu\/fr\/wp-json\/wp\/v2\/pages\/3947\/revisions\/57826"}],"wp:attachment":[{"href":"https:\/\/experis.lu\/fr\/wp-json\/wp\/v2\/media?parent=3947"}],"curies":[{"name":"wp","href":"https:\/\/api.w.org\/{rel}","templated":true}]}}