
{"id":3926,"date":"2016-12-29T13:28:03","date_gmt":"2016-12-29T13:28:03","guid":{"rendered":"http:\/\/experislvh.cluster023.hosting.ovh.net\/fr\/?page_id=3926"},"modified":"2017-07-07T09:51:13","modified_gmt":"2017-07-07T09:51:13","slug":"evolution-et-developpement","status":"publish","type":"page","link":"https:\/\/experis.lu\/fr\/evolution-et-developpement\/","title":{"rendered":"Carri\u00e8re et d\u00e9veloppement"},"content":{"rendered":"<p>Experis, accorde non seulement de l\u2019importance \u00e0 l\u2019\u00e9volution de carri\u00e8re de ses consultants, mais investit \u00e9galement dans le d\u00e9veloppement de ses employ\u00e9s internes.<br \/>\nGr\u00e2ce au programme de <strong>Talent management<\/strong> et \u00e0 la <strong>Experis HR Academy<\/strong>, chaque collaborateur a l\u2019opportunit\u00e9 de grandir dans sa propre fonction, de passer d\u2019une position de junior \u00e0 un niveau exp\u00e9riment\u00e9, pour ensuite devenir senior ou encore apprendre un autre m\u00e9tier et changer de fonction au sein m\u00eame d\u2019Experis. Notre Experis HR Academy propose, d\u00e8s l\u2019entr\u00e9e en service, un <strong>plan complet de formations<\/strong> adapt\u00e9es \u00e0 la fonction et au profil de chacun. Ce plan permet d\u2019acqu\u00e9rir rapidement les comp\u00e9tences n\u00e9cessaires pour devenir performant dans sa fonction.<br \/>\nNos \u00e9quipes re\u00e7oivent donc, en plus d\u2019un <strong>coaching \u00ab on the job \u00bb<\/strong>, des modules de formation \u00a0commerciales, en l\u00e9gislation sociale, de gestion de consultants, de sourcing et autres.<br \/>\nLe d\u00e9veloppement des comp\u00e9tences et les possibilit\u00e9s de <strong>mobilit\u00e9 interne<\/strong> sont des \u00e9l\u00e9ments de motivation que nous ne voulons pas n\u00e9gliger.<\/p>\n","protected":false},"excerpt":{"rendered":"<p>Experis, accorde non seulement de l\u2019importance \u00e0 l\u2019\u00e9volution de carri\u00e8re de ses consultants, mais investit \u00e9galement dans le d\u00e9veloppement de ses employ\u00e9s internes. Gr\u00e2ce au programme de Talent management et \u00e0 la Experis HR Academy, chaque collaborateur a l\u2019opportunit\u00e9 de grandir dans sa propre fonction, de passer d\u2019une position de junior \u00e0 un niveau exp\u00e9riment\u00e9, &hellip; <a href=\"https:\/\/experis.lu\/fr\/evolution-et-developpement\/\" class=\"more-link\">Continuer la lecture<span class=\"screen-reader-text\"> de &laquo;&nbsp;Carri\u00e8re et d\u00e9veloppement&nbsp;&raquo;<\/span><\/a><\/p>\n","protected":false},"author":83,"featured_media":0,"parent":0,"menu_order":0,"comment_status":"closed","ping_status":"closed","template":"","meta":{"footnotes":""},"class_list":["post-3926","page","type-page","status-publish","hentry"],"yoast_head":"<!-- This site is optimized with the Yoast SEO plugin v27.3 - https:\/\/yoast.com\/product\/yoast-seo-wordpress\/ -->\n<title>\u00c9volution et d\u00e9veloppement - Experis Luxembourg<\/title>\n<meta name=\"description\" content=\"Experis accorde non seulement de l\u2019importance \u00e0 l\u2019\u00e9volution de carri\u00e8re de ses consultants, mais investit \u00e9galement dans le d\u00e9veloppement de ses employ\u00e9s internes.\" \/>\n<meta name=\"robots\" content=\"index, follow, max-snippet:-1, max-image-preview:large, max-video-preview:-1\" \/>\n<link rel=\"canonical\" href=\"https:\/\/experis.lu\/fr\/evolution-et-developpement\/\" \/>\n<meta property=\"og:locale\" content=\"fr_FR\" \/>\n<meta property=\"og:type\" content=\"article\" \/>\n<meta property=\"og:title\" content=\"\u00c9volution et d\u00e9veloppement - Experis Luxembourg\" \/>\n<meta property=\"og:description\" content=\"Experis accorde non seulement de l\u2019importance \u00e0 l\u2019\u00e9volution de carri\u00e8re de ses consultants, mais investit \u00e9galement dans le d\u00e9veloppement de ses employ\u00e9s internes.\" \/>\n<meta property=\"og:url\" content=\"https:\/\/experis.lu\/fr\/evolution-et-developpement\/\" \/>\n<meta property=\"article:modified_time\" content=\"2017-07-07T09:51:13+00:00\" \/>\n<meta name=\"twitter:card\" content=\"summary_large_image\" \/>\n<meta name=\"twitter:label1\" content=\"Dur\u00e9e de lecture estim\u00e9e\" \/>\n\t<meta name=\"twitter:data1\" content=\"1 minute\" \/>\n<script type=\"application\/ld+json\" class=\"yoast-schema-graph\">{\"@context\":\"https:\\\/\\\/schema.org\",\"@graph\":[{\"@type\":\"WebPage\",\"@id\":\"https:\\\/\\\/experis.lu\\\/fr\\\/evolution-et-developpement\\\/\",\"url\":\"https:\\\/\\\/experis.lu\\\/fr\\\/evolution-et-developpement\\\/\",\"name\":\"\u00c9volution et d\u00e9veloppement - Experis Luxembourg\",\"isPartOf\":{\"@id\":\"https:\\\/\\\/experis.lu\\\/#website\"},\"datePublished\":\"2016-12-29T13:28:03+00:00\",\"dateModified\":\"2017-07-07T09:51:13+00:00\",\"description\":\"Experis accorde non seulement de l\u2019importance \u00e0 l\u2019\u00e9volution de carri\u00e8re de ses consultants, mais investit \u00e9galement dans le d\u00e9veloppement de ses employ\u00e9s internes.\",\"breadcrumb\":{\"@id\":\"https:\\\/\\\/experis.lu\\\/fr\\\/evolution-et-developpement\\\/#breadcrumb\"},\"inLanguage\":\"fr-FR\",\"potentialAction\":[{\"@type\":\"ReadAction\",\"target\":[\"https:\\\/\\\/experis.lu\\\/fr\\\/evolution-et-developpement\\\/\"]}]},{\"@type\":\"BreadcrumbList\",\"@id\":\"https:\\\/\\\/experis.lu\\\/fr\\\/evolution-et-developpement\\\/#breadcrumb\",\"itemListElement\":[{\"@type\":\"ListItem\",\"position\":1,\"name\":\"Home\",\"item\":\"https:\\\/\\\/experis.lu\\\/fr\\\/\"},{\"@type\":\"ListItem\",\"position\":2,\"name\":\"Carri\u00e8re et d\u00e9veloppement\"}]},{\"@type\":\"WebSite\",\"@id\":\"https:\\\/\\\/experis.lu\\\/#website\",\"url\":\"https:\\\/\\\/experis.lu\\\/\",\"name\":\"\",\"description\":\"\",\"potentialAction\":[{\"@type\":\"SearchAction\",\"target\":{\"@type\":\"EntryPoint\",\"urlTemplate\":\"https:\\\/\\\/experis.lu\\\/?s={search_term_string}\"},\"query-input\":{\"@type\":\"PropertyValueSpecification\",\"valueRequired\":true,\"valueName\":\"search_term_string\"}}],\"inLanguage\":\"fr-FR\"}]}<\/script>\n<!-- \/ Yoast SEO plugin. -->","yoast_head_json":{"title":"\u00c9volution et d\u00e9veloppement - Experis Luxembourg","description":"Experis accorde non seulement de l\u2019importance \u00e0 l\u2019\u00e9volution de carri\u00e8re de ses consultants, mais investit \u00e9galement dans le d\u00e9veloppement de ses employ\u00e9s internes.","robots":{"index":"index","follow":"follow","max-snippet":"max-snippet:-1","max-image-preview":"max-image-preview:large","max-video-preview":"max-video-preview:-1"},"canonical":"https:\/\/experis.lu\/fr\/evolution-et-developpement\/","og_locale":"fr_FR","og_type":"article","og_title":"\u00c9volution et d\u00e9veloppement - Experis Luxembourg","og_description":"Experis accorde non seulement de l\u2019importance \u00e0 l\u2019\u00e9volution de carri\u00e8re de ses consultants, mais investit \u00e9galement dans le d\u00e9veloppement de ses employ\u00e9s internes.","og_url":"https:\/\/experis.lu\/fr\/evolution-et-developpement\/","article_modified_time":"2017-07-07T09:51:13+00:00","twitter_card":"summary_large_image","twitter_misc":{"Dur\u00e9e de lecture estim\u00e9e":"1 minute"},"schema":{"@context":"https:\/\/schema.org","@graph":[{"@type":"WebPage","@id":"https:\/\/experis.lu\/fr\/evolution-et-developpement\/","url":"https:\/\/experis.lu\/fr\/evolution-et-developpement\/","name":"\u00c9volution et d\u00e9veloppement - Experis Luxembourg","isPartOf":{"@id":"https:\/\/experis.lu\/#website"},"datePublished":"2016-12-29T13:28:03+00:00","dateModified":"2017-07-07T09:51:13+00:00","description":"Experis accorde non seulement de l\u2019importance \u00e0 l\u2019\u00e9volution de carri\u00e8re de ses consultants, mais investit \u00e9galement dans le d\u00e9veloppement de ses employ\u00e9s internes.","breadcrumb":{"@id":"https:\/\/experis.lu\/fr\/evolution-et-developpement\/#breadcrumb"},"inLanguage":"fr-FR","potentialAction":[{"@type":"ReadAction","target":["https:\/\/experis.lu\/fr\/evolution-et-developpement\/"]}]},{"@type":"BreadcrumbList","@id":"https:\/\/experis.lu\/fr\/evolution-et-developpement\/#breadcrumb","itemListElement":[{"@type":"ListItem","position":1,"name":"Home","item":"https:\/\/experis.lu\/fr\/"},{"@type":"ListItem","position":2,"name":"Carri\u00e8re et d\u00e9veloppement"}]},{"@type":"WebSite","@id":"https:\/\/experis.lu\/#website","url":"https:\/\/experis.lu\/","name":"","description":"","potentialAction":[{"@type":"SearchAction","target":{"@type":"EntryPoint","urlTemplate":"https:\/\/experis.lu\/?s={search_term_string}"},"query-input":{"@type":"PropertyValueSpecification","valueRequired":true,"valueName":"search_term_string"}}],"inLanguage":"fr-FR"}]}},"_links":{"self":[{"href":"https:\/\/experis.lu\/fr\/wp-json\/wp\/v2\/pages\/3926","targetHints":{"allow":["GET"]}}],"collection":[{"href":"https:\/\/experis.lu\/fr\/wp-json\/wp\/v2\/pages"}],"about":[{"href":"https:\/\/experis.lu\/fr\/wp-json\/wp\/v2\/types\/page"}],"author":[{"embeddable":true,"href":"https:\/\/experis.lu\/fr\/wp-json\/wp\/v2\/users\/83"}],"replies":[{"embeddable":true,"href":"https:\/\/experis.lu\/fr\/wp-json\/wp\/v2\/comments?post=3926"}],"version-history":[{"count":4,"href":"https:\/\/experis.lu\/fr\/wp-json\/wp\/v2\/pages\/3926\/revisions"}],"predecessor-version":[{"id":54723,"href":"https:\/\/experis.lu\/fr\/wp-json\/wp\/v2\/pages\/3926\/revisions\/54723"}],"wp:attachment":[{"href":"https:\/\/experis.lu\/fr\/wp-json\/wp\/v2\/media?parent=3926"}],"curies":[{"name":"wp","href":"https:\/\/api.w.org\/{rel}","templated":true}]}}