
{"id":3920,"date":"2016-12-29T13:23:37","date_gmt":"2016-12-29T13:23:37","guid":{"rendered":"http:\/\/experislvh.cluster023.hosting.ovh.net\/fr\/?page_id=3920"},"modified":"2017-02-15T10:58:43","modified_gmt":"2017-02-15T10:58:43","slug":"travailler-pour-experis","status":"publish","type":"page","link":"https:\/\/experis.lu\/fr\/travailler-pour-experis\/","title":{"rendered":"Travailler pour Experis"},"content":{"rendered":"<p><em><strong>C\u00e9dric, Business Consultant :<\/strong><\/em><\/p>\n<p>J\u2019arrive tous les jours au travail le sourire aux l\u00e8vres. J\u2019ai la chance de travailler dans une \u00e9quipe formidable. M\u00eame si il existe une hi\u00e9rarchie, on ne la ressent pas car tout le monde reste disponible. Il y a \u00e9galement une reconnaissance et un suivi personnalis\u00e9 qui me permettent de grandir dans ma fonction par un apprentissage et des formations. Experis offre \u00e0 mes yeux un service flexible et de qualit\u00e9. De par son c\u00f4t\u00e9 humain, Experis est pour moi un leader dans le monde du recrutement.<\/p>\n<p><em><strong>Vina, Consultante en Recrutement\u00a0:<\/strong><\/em><\/p>\n<p>Apr\u00e8s avoir travaill\u00e9 pendant plus de 15 ans dans le secteur de l\u2019 ICT, j&rsquo;ai rejoint Experis IT d\u00e9but 2015. J&rsquo;ai appris beaucoup en un laps de temps tr\u00e8s court et encore maintenant, il n\u2019y a pas deux journ\u00e9es de travail qui se ressemblent. Cette diversit\u00e9, la flexibilit\u00e9 et l\u2019esprit d&rsquo;\u00e9quipe rendent mon travail au sein d\u2019Experis IT tr\u00e8s agr\u00e9able. M\u00eame si Experis a une ligne de conduite commerciale, je suis tr\u00e8s heureuse qu&rsquo;il y ait \u00e9galement une place pour une approche et un suivi des candidats suffisamment personnel. L&rsquo;interaction coll\u00e9giale avec les autres marques du groupe Manpower nous font sentir que nous faisons tous partie de la m\u00eame famille !<\/p>\n","protected":false},"excerpt":{"rendered":"<p>C\u00e9dric, Business Consultant : J\u2019arrive tous les jours au travail le sourire aux l\u00e8vres. J\u2019ai la chance de travailler dans une \u00e9quipe formidable. M\u00eame si il existe une hi\u00e9rarchie, on ne la ressent pas car tout le monde reste disponible. Il y a \u00e9galement une reconnaissance et un suivi personnalis\u00e9 qui me permettent de grandir &hellip; <a href=\"https:\/\/experis.lu\/fr\/travailler-pour-experis\/\" class=\"more-link\">Continuer la lecture<span class=\"screen-reader-text\"> de &laquo;&nbsp;Travailler pour Experis&nbsp;&raquo;<\/span><\/a><\/p>\n","protected":false},"author":83,"featured_media":0,"parent":0,"menu_order":0,"comment_status":"closed","ping_status":"closed","template":"","meta":{"footnotes":""},"class_list":["post-3920","page","type-page","status-publish","hentry"],"yoast_head":"<!-- This site is optimized with the Yoast SEO plugin v27.0 - https:\/\/yoast.com\/product\/yoast-seo-wordpress\/ -->\n<title>Travailler pour Experis -<\/title>\n<meta name=\"description\" content=\"C\u00e9dric, Business Consultant : J\u2019arrive tous les jours au travail le sourire aux l\u00e8vres. J\u2019ai la chance de travailler dans une \u00e9quipe formidable.\" \/>\n<meta name=\"robots\" content=\"index, follow, max-snippet:-1, max-image-preview:large, max-video-preview:-1\" \/>\n<link rel=\"canonical\" href=\"https:\/\/experis.lu\/fr\/travailler-pour-experis\/\" \/>\n<meta property=\"og:locale\" content=\"fr_FR\" \/>\n<meta property=\"og:type\" content=\"article\" \/>\n<meta property=\"og:title\" content=\"Travailler pour Experis -\" \/>\n<meta property=\"og:description\" content=\"C\u00e9dric, Business Consultant : J\u2019arrive tous les jours au travail le sourire aux l\u00e8vres. J\u2019ai la chance de travailler dans une \u00e9quipe formidable.\" \/>\n<meta property=\"og:url\" content=\"https:\/\/experis.lu\/fr\/travailler-pour-experis\/\" \/>\n<meta property=\"article:modified_time\" content=\"2017-02-15T10:58:43+00:00\" \/>\n<meta name=\"twitter:card\" content=\"summary_large_image\" \/>\n<meta name=\"twitter:label1\" content=\"Dur\u00e9e de lecture estim\u00e9e\" \/>\n\t<meta name=\"twitter:data1\" content=\"1 minute\" \/>\n<script type=\"application\/ld+json\" class=\"yoast-schema-graph\">{\"@context\":\"https:\/\/schema.org\",\"@graph\":[{\"@type\":\"WebPage\",\"@id\":\"https:\/\/experis.lu\/fr\/travailler-pour-experis\/\",\"url\":\"https:\/\/experis.lu\/fr\/travailler-pour-experis\/\",\"name\":\"Travailler pour Experis -\",\"isPartOf\":{\"@id\":\"https:\/\/experis.lu\/#website\"},\"datePublished\":\"2016-12-29T13:23:37+00:00\",\"dateModified\":\"2017-02-15T10:58:43+00:00\",\"description\":\"C\u00e9dric, Business Consultant : J\u2019arrive tous les jours au travail le sourire aux l\u00e8vres. J\u2019ai la chance de travailler dans une \u00e9quipe formidable.\",\"breadcrumb\":{\"@id\":\"https:\/\/experis.lu\/fr\/travailler-pour-experis\/#breadcrumb\"},\"inLanguage\":\"fr-FR\",\"potentialAction\":[{\"@type\":\"ReadAction\",\"target\":[\"https:\/\/experis.lu\/fr\/travailler-pour-experis\/\"]}]},{\"@type\":\"BreadcrumbList\",\"@id\":\"https:\/\/experis.lu\/fr\/travailler-pour-experis\/#breadcrumb\",\"itemListElement\":[{\"@type\":\"ListItem\",\"position\":1,\"name\":\"Home\",\"item\":\"https:\/\/experis.lu\/fr\/\"},{\"@type\":\"ListItem\",\"position\":2,\"name\":\"Travailler pour Experis\"}]},{\"@type\":\"WebSite\",\"@id\":\"https:\/\/experis.lu\/#website\",\"url\":\"https:\/\/experis.lu\/\",\"name\":\"\",\"description\":\"\",\"potentialAction\":[{\"@type\":\"SearchAction\",\"target\":{\"@type\":\"EntryPoint\",\"urlTemplate\":\"https:\/\/experis.lu\/?s={search_term_string}\"},\"query-input\":{\"@type\":\"PropertyValueSpecification\",\"valueRequired\":true,\"valueName\":\"search_term_string\"}}],\"inLanguage\":\"fr-FR\"}]}<\/script>\n<!-- \/ Yoast SEO plugin. -->","yoast_head_json":{"title":"Travailler pour Experis -","description":"C\u00e9dric, Business Consultant : J\u2019arrive tous les jours au travail le sourire aux l\u00e8vres. J\u2019ai la chance de travailler dans une \u00e9quipe formidable.","robots":{"index":"index","follow":"follow","max-snippet":"max-snippet:-1","max-image-preview":"max-image-preview:large","max-video-preview":"max-video-preview:-1"},"canonical":"https:\/\/experis.lu\/fr\/travailler-pour-experis\/","og_locale":"fr_FR","og_type":"article","og_title":"Travailler pour Experis -","og_description":"C\u00e9dric, Business Consultant : J\u2019arrive tous les jours au travail le sourire aux l\u00e8vres. J\u2019ai la chance de travailler dans une \u00e9quipe formidable.","og_url":"https:\/\/experis.lu\/fr\/travailler-pour-experis\/","article_modified_time":"2017-02-15T10:58:43+00:00","twitter_card":"summary_large_image","twitter_misc":{"Dur\u00e9e de lecture estim\u00e9e":"1 minute"},"schema":{"@context":"https:\/\/schema.org","@graph":[{"@type":"WebPage","@id":"https:\/\/experis.lu\/fr\/travailler-pour-experis\/","url":"https:\/\/experis.lu\/fr\/travailler-pour-experis\/","name":"Travailler pour Experis -","isPartOf":{"@id":"https:\/\/experis.lu\/#website"},"datePublished":"2016-12-29T13:23:37+00:00","dateModified":"2017-02-15T10:58:43+00:00","description":"C\u00e9dric, Business Consultant : J\u2019arrive tous les jours au travail le sourire aux l\u00e8vres. J\u2019ai la chance de travailler dans une \u00e9quipe formidable.","breadcrumb":{"@id":"https:\/\/experis.lu\/fr\/travailler-pour-experis\/#breadcrumb"},"inLanguage":"fr-FR","potentialAction":[{"@type":"ReadAction","target":["https:\/\/experis.lu\/fr\/travailler-pour-experis\/"]}]},{"@type":"BreadcrumbList","@id":"https:\/\/experis.lu\/fr\/travailler-pour-experis\/#breadcrumb","itemListElement":[{"@type":"ListItem","position":1,"name":"Home","item":"https:\/\/experis.lu\/fr\/"},{"@type":"ListItem","position":2,"name":"Travailler pour Experis"}]},{"@type":"WebSite","@id":"https:\/\/experis.lu\/#website","url":"https:\/\/experis.lu\/","name":"","description":"","potentialAction":[{"@type":"SearchAction","target":{"@type":"EntryPoint","urlTemplate":"https:\/\/experis.lu\/?s={search_term_string}"},"query-input":{"@type":"PropertyValueSpecification","valueRequired":true,"valueName":"search_term_string"}}],"inLanguage":"fr-FR"}]}},"_links":{"self":[{"href":"https:\/\/experis.lu\/fr\/wp-json\/wp\/v2\/pages\/3920","targetHints":{"allow":["GET"]}}],"collection":[{"href":"https:\/\/experis.lu\/fr\/wp-json\/wp\/v2\/pages"}],"about":[{"href":"https:\/\/experis.lu\/fr\/wp-json\/wp\/v2\/types\/page"}],"author":[{"embeddable":true,"href":"https:\/\/experis.lu\/fr\/wp-json\/wp\/v2\/users\/83"}],"replies":[{"embeddable":true,"href":"https:\/\/experis.lu\/fr\/wp-json\/wp\/v2\/comments?post=3920"}],"version-history":[{"count":0,"href":"https:\/\/experis.lu\/fr\/wp-json\/wp\/v2\/pages\/3920\/revisions"}],"wp:attachment":[{"href":"https:\/\/experis.lu\/fr\/wp-json\/wp\/v2\/media?parent=3920"}],"curies":[{"name":"wp","href":"https:\/\/api.w.org\/{rel}","templated":true}]}}