
{"id":3914,"date":"2016-12-29T13:06:00","date_gmt":"2016-12-29T13:06:00","guid":{"rendered":"http:\/\/experislvh.cluster023.hosting.ovh.net\/fr\/?page_id=3914"},"modified":"2017-06-23T11:49:05","modified_gmt":"2017-06-23T11:49:05","slug":"nos-fonctions","status":"publish","type":"page","link":"https:\/\/experis.lu\/fr\/nos-fonctions\/","title":{"rendered":"Nos fonctions"},"content":{"rendered":"<section class=\"wpb-content-wrapper\"><p>[vc_row][vc_column][vc_tta_accordion][vc_tta_section title=\u00a0\u00bbBusiness Consultant en contracting \u00a0\u00bb tab_id=\u00a0\u00bb1483015768514-46a20207-8d5e\u00a0\u00bb el_class=\u00a0\u00bbbusiness-consultant\u00a0\u00bb][vc_column_text]<b>Le Business consultant en contracting<\/b> est un expert dans son domaine. Il est en charge de la s\u00e9lection des candidats et trouve la ressource la plus ad\u00e9quate pour le poste. Il est un sp\u00e9cialiste dans son domaine de comp\u00e9tences.<br \/>\nLe Business Consultant en contracting recrute des candidats pour de la consultance et agit en tant que mentor pour ses candidats.<br \/>\nIl effectue un coaching de carri\u00e8re actif et est capable de g\u00e9rer des profils plus complexes.<br \/>\nIl est \u00e9galement le point de contact pour nos clients et \u00e9value la qualit\u00e9 du travail effectu\u00e9 avec ceux-ci.<br \/>\nIl peut \u00eatre soutenu par un consultant en recrutement afin de r\u00e9pondre de la mani\u00e8re la plus ad\u00e9quate au march\u00e9 des candidats. Ainsi, il peut mettre l\u2019accent sur la gestion de projet, \u00a0l&rsquo;encadrement des candidats, le coaching de carri\u00e8res et le d\u00e9veloppement de nouveaux projets avec ses clients.<br \/>\n\u00c0 travers son r\u00f4le de Business Developer, d\u2019Account Manager et de coach carri\u00e8re, le Business consultant, soutenu par des recruteurs, exerce un r\u00f4le cl\u00e9 dans la croissance d\u2019Experis.[\/vc_column_text][\/vc_tta_section][vc_tta_section title=\u00a0\u00bbBusiness Consultant en Recrutement et S\u00e9lection\u00a0\u00bb tab_id=\u00a0\u00bb1483016027125-36933630-d60f\u00a0\u00bb el_class=\u00a0\u00bbbusiness-selection\u00a0\u00bb][vc_column_text]<b>Le Business Consultant en Recrutement et S\u00e9lection<\/b> est sp\u00e9cialiste dans son domaine, il est responsable de la recherche et du processus de recrutement des candidats. Il entretient des contacts commerciaux quotidiens avec ses clients. Il recrute des candidats experts pour un poste permanent aupr\u00e8s des clients. Il peut \u00eatre soutenu par un consultant en recrutement afin de r\u00e9pondre de la mani\u00e8re la plus ad\u00e9quate au march\u00e9 des candidats.<br \/>\nGr\u00e2ce \u00e0 sa bonne compr\u00e9hension des besoins et du march\u00e9 du client, le Business Consultant en Recrutement et S\u00e9lection est un v\u00e9ritable partenaire pour ses clients et exerce \u00e9galement un r\u00f4le central chez Experis.[\/vc_column_text][\/vc_tta_section][vc_tta_section title=\u00a0\u00bbConsultant en Recrutement \u00a0\u00bb tab_id=\u00a0\u00bb1483015768602-ecf72770-c737&Prime; el_class=\u00a0\u00bbrecruitment-consultant \u00ab\u00a0][vc_column_text]<b>Le Consultant en Recrutement<\/b> agit comme un expert dans la recherche de nouveaux talents dans son secteur.<br \/>\nIl effectue une analyse approfondie des besoins en recrutement et des exigences du Business Consultant. Il recherche activement les candidats par le biais de divers canaux de recrutement et de son propre r\u00e9seau. Gr\u00e2ce \u00e0 son expertise, il g\u00e8re les premiers screening et entretiens. Il est \u00e9galement en mesure de tester et d&rsquo;\u00e9valuer les comp\u00e9tences et la personnalit\u00e9 des candidats.<br \/>\nLe Consultant en Recrutement est le partenaire du Business Consultant. Il l&rsquo;aide \u00e0 attirer les meilleurs talents , tant pour des jobs de consultance que pour des postes permanents.[\/vc_column_text][\/vc_tta_section][vc_tta_section title=\u00a0\u00bbBusiness Manager\u00a0\u00bb tab_id=\u00a0\u00bb1483016123260-f4d36c32-4c95&Prime; el_class=\u00a0\u00bbbusiness-manager \u00ab\u00a0][vc_column_text]<b>Le Business Manager<\/b> est responsable d&rsquo;une \u00e9quipe compos\u00e9e de business consultants et de recruteurs. Il doit dynamiser et motiver son \u00e9quipe pour atteindre ses objectifs et d\u00e9velopper son activit\u00e9. Il a pour responsabilit\u00e9 de d\u00e9velopper de nouveaux clients et d\u2019entretenir la relation avec les comptes existants et ainsi augmenter la part de march\u00e9 d\u2019Experis. Son objectif est de mettre en \u0153uvre la strat\u00e9gie d\u2019Experis, en fonction du plan tactique et des priorit\u00e9s op\u00e9rationnelles telles que d\u00e9finies par le Business Unit Manager.[\/vc_column_text][\/vc_tta_section][\/vc_tta_accordion][\/vc_column][\/vc_row]<\/p>\n<\/section>","protected":false},"excerpt":{"rendered":"<p>[vc_row][vc_column][vc_tta_accordion][vc_tta_section title=\u00a0\u00bbBusiness Consultant en contracting \u00a0\u00bb tab_id=\u00a0\u00bb1483015768514-46a20207-8d5e\u00a0\u00bb el_class=\u00a0\u00bbbusiness-consultant\u00a0\u00bb][vc_column_text]Le Business consultant en contracting est un expert dans son domaine. Il est en charge de la s\u00e9lection des candidats et trouve la ressource la plus ad\u00e9quate pour le poste. Il est un sp\u00e9cialiste dans son domaine de comp\u00e9tences. Le Business Consultant en contracting recrute des candidats pour &hellip; <a href=\"https:\/\/experis.lu\/fr\/nos-fonctions\/\" class=\"more-link\">Continuer la lecture<span class=\"screen-reader-text\"> de &laquo;&nbsp;Nos fonctions&nbsp;&raquo;<\/span><\/a><\/p>\n","protected":false},"author":83,"featured_media":0,"parent":0,"menu_order":0,"comment_status":"closed","ping_status":"closed","template":"","meta":{"footnotes":""},"class_list":["post-3914","page","type-page","status-publish","hentry"],"yoast_head":"<!-- This site is optimized with the Yoast SEO plugin v27.3 - https:\/\/yoast.com\/product\/yoast-seo-wordpress\/ -->\n<title>Nos fonctions - Experis Luxembourg<\/title>\n<meta name=\"description\" content=\"Business consultant en contracting Consultant en recrutement Business consultant en recrutement et s\u00e9lection Business manager\" \/>\n<meta name=\"robots\" content=\"index, follow, max-snippet:-1, max-image-preview:large, max-video-preview:-1\" \/>\n<link rel=\"canonical\" href=\"https:\/\/experis.lu\/fr\/nos-fonctions\/\" \/>\n<meta property=\"og:locale\" content=\"fr_FR\" \/>\n<meta property=\"og:type\" content=\"article\" \/>\n<meta property=\"og:title\" content=\"Nos fonctions - Experis Luxembourg\" \/>\n<meta property=\"og:description\" content=\"Business consultant en contracting Consultant en recrutement Business consultant en recrutement et s\u00e9lection Business manager\" \/>\n<meta property=\"og:url\" content=\"https:\/\/experis.lu\/fr\/nos-fonctions\/\" \/>\n<meta property=\"article:modified_time\" content=\"2017-06-23T11:49:05+00:00\" \/>\n<meta name=\"twitter:card\" content=\"summary_large_image\" \/>\n<meta name=\"twitter:label1\" content=\"Dur\u00e9e de lecture estim\u00e9e\" \/>\n\t<meta name=\"twitter:data1\" content=\"3 minutes\" \/>\n<script type=\"application\/ld+json\" class=\"yoast-schema-graph\">{\"@context\":\"https:\\\/\\\/schema.org\",\"@graph\":[{\"@type\":\"WebPage\",\"@id\":\"https:\\\/\\\/experis.lu\\\/fr\\\/nos-fonctions\\\/\",\"url\":\"https:\\\/\\\/experis.lu\\\/fr\\\/nos-fonctions\\\/\",\"name\":\"Nos fonctions - Experis Luxembourg\",\"isPartOf\":{\"@id\":\"https:\\\/\\\/experis.lu\\\/#website\"},\"datePublished\":\"2016-12-29T13:06:00+00:00\",\"dateModified\":\"2017-06-23T11:49:05+00:00\",\"description\":\"Business consultant en contracting Consultant en recrutement Business consultant en recrutement et s\u00e9lection Business manager\",\"breadcrumb\":{\"@id\":\"https:\\\/\\\/experis.lu\\\/fr\\\/nos-fonctions\\\/#breadcrumb\"},\"inLanguage\":\"fr-FR\",\"potentialAction\":[{\"@type\":\"ReadAction\",\"target\":[\"https:\\\/\\\/experis.lu\\\/fr\\\/nos-fonctions\\\/\"]}]},{\"@type\":\"BreadcrumbList\",\"@id\":\"https:\\\/\\\/experis.lu\\\/fr\\\/nos-fonctions\\\/#breadcrumb\",\"itemListElement\":[{\"@type\":\"ListItem\",\"position\":1,\"name\":\"Home\",\"item\":\"https:\\\/\\\/experis.lu\\\/fr\\\/\"},{\"@type\":\"ListItem\",\"position\":2,\"name\":\"Nos fonctions\"}]},{\"@type\":\"WebSite\",\"@id\":\"https:\\\/\\\/experis.lu\\\/#website\",\"url\":\"https:\\\/\\\/experis.lu\\\/\",\"name\":\"\",\"description\":\"\",\"potentialAction\":[{\"@type\":\"SearchAction\",\"target\":{\"@type\":\"EntryPoint\",\"urlTemplate\":\"https:\\\/\\\/experis.lu\\\/?s={search_term_string}\"},\"query-input\":{\"@type\":\"PropertyValueSpecification\",\"valueRequired\":true,\"valueName\":\"search_term_string\"}}],\"inLanguage\":\"fr-FR\"}]}<\/script>\n<!-- \/ Yoast SEO plugin. -->","yoast_head_json":{"title":"Nos fonctions - Experis Luxembourg","description":"Business consultant en contracting Consultant en recrutement Business consultant en recrutement et s\u00e9lection Business manager","robots":{"index":"index","follow":"follow","max-snippet":"max-snippet:-1","max-image-preview":"max-image-preview:large","max-video-preview":"max-video-preview:-1"},"canonical":"https:\/\/experis.lu\/fr\/nos-fonctions\/","og_locale":"fr_FR","og_type":"article","og_title":"Nos fonctions - Experis Luxembourg","og_description":"Business consultant en contracting Consultant en recrutement Business consultant en recrutement et s\u00e9lection Business manager","og_url":"https:\/\/experis.lu\/fr\/nos-fonctions\/","article_modified_time":"2017-06-23T11:49:05+00:00","twitter_card":"summary_large_image","twitter_misc":{"Dur\u00e9e de lecture estim\u00e9e":"3 minutes"},"schema":{"@context":"https:\/\/schema.org","@graph":[{"@type":"WebPage","@id":"https:\/\/experis.lu\/fr\/nos-fonctions\/","url":"https:\/\/experis.lu\/fr\/nos-fonctions\/","name":"Nos fonctions - Experis Luxembourg","isPartOf":{"@id":"https:\/\/experis.lu\/#website"},"datePublished":"2016-12-29T13:06:00+00:00","dateModified":"2017-06-23T11:49:05+00:00","description":"Business consultant en contracting Consultant en recrutement Business consultant en recrutement et s\u00e9lection Business manager","breadcrumb":{"@id":"https:\/\/experis.lu\/fr\/nos-fonctions\/#breadcrumb"},"inLanguage":"fr-FR","potentialAction":[{"@type":"ReadAction","target":["https:\/\/experis.lu\/fr\/nos-fonctions\/"]}]},{"@type":"BreadcrumbList","@id":"https:\/\/experis.lu\/fr\/nos-fonctions\/#breadcrumb","itemListElement":[{"@type":"ListItem","position":1,"name":"Home","item":"https:\/\/experis.lu\/fr\/"},{"@type":"ListItem","position":2,"name":"Nos fonctions"}]},{"@type":"WebSite","@id":"https:\/\/experis.lu\/#website","url":"https:\/\/experis.lu\/","name":"","description":"","potentialAction":[{"@type":"SearchAction","target":{"@type":"EntryPoint","urlTemplate":"https:\/\/experis.lu\/?s={search_term_string}"},"query-input":{"@type":"PropertyValueSpecification","valueRequired":true,"valueName":"search_term_string"}}],"inLanguage":"fr-FR"}]}},"_links":{"self":[{"href":"https:\/\/experis.lu\/fr\/wp-json\/wp\/v2\/pages\/3914","targetHints":{"allow":["GET"]}}],"collection":[{"href":"https:\/\/experis.lu\/fr\/wp-json\/wp\/v2\/pages"}],"about":[{"href":"https:\/\/experis.lu\/fr\/wp-json\/wp\/v2\/types\/page"}],"author":[{"embeddable":true,"href":"https:\/\/experis.lu\/fr\/wp-json\/wp\/v2\/users\/83"}],"replies":[{"embeddable":true,"href":"https:\/\/experis.lu\/fr\/wp-json\/wp\/v2\/comments?post=3914"}],"version-history":[{"count":2,"href":"https:\/\/experis.lu\/fr\/wp-json\/wp\/v2\/pages\/3914\/revisions"}],"predecessor-version":[{"id":50772,"href":"https:\/\/experis.lu\/fr\/wp-json\/wp\/v2\/pages\/3914\/revisions\/50772"}],"wp:attachment":[{"href":"https:\/\/experis.lu\/fr\/wp-json\/wp\/v2\/media?parent=3914"}],"curies":[{"name":"wp","href":"https:\/\/api.w.org\/{rel}","templated":true}]}}