
{"id":3899,"date":"2016-12-29T12:39:13","date_gmt":"2016-12-29T12:39:13","guid":{"rendered":"http:\/\/experislvh.cluster023.hosting.ovh.net\/fr\/?page_id=3899"},"modified":"2023-05-08T12:05:10","modified_gmt":"2023-05-08T12:05:10","slug":"nos-equipes","status":"publish","type":"page","link":"https:\/\/experis.lu\/fr\/nos-equipes\/","title":{"rendered":"Nos \u00e9quipes"},"content":{"rendered":"<p>Nos consultants Experis prennent perp\u00e9tuellement le pouls du march\u00e9 du travail. Au Luxembourg, Experis dispose \u00e9galement d&rsquo;une \u00e9quipe forte de dix consultants qui r\u00e9alisent de belles performances sur le march\u00e9 local.<\/p>\n<p>Nos consultants Experis sont des experts dans leur domaine. Gr\u00e2ce \u00e0 une politique d\u00e9lib\u00e9r\u00e9e de promotion interne, ils sont form\u00e9s aux valeurs, attitudes et processus qui diff\u00e9rencient Experis de la grande majorit\u00e9 des entreprises op\u00e9rant dans notre secteur d\u2019activit\u00e9s. Cela se d\u00e9montre quand vous parlez \u00e0 Experis. Notre acad\u00e9mie Experis forme chaque collaborateur \u00e0 sa fonction et veille \u00e9galement \u00e0 son d\u00e9veloppement et son \u00e9volution au sein de notre organisation.<\/p>\n<p>Lors de l&rsquo;enqu\u00eate annuelle 2016 des employ\u00e9s Experis, en r\u00e9ponse \u00e0 la question \u00ab\u00cates-vous engag\u00e9(e) \u00e0 faire tout ce qu&rsquo;il faut pour aider notre organisation \u00e0 r\u00e9ussir ? \u00bb, nous avons obtenu le score parfait de 100 %. Ce r\u00e9sultat n\u2019est pas une co\u00efncidence. Nos employ\u00e9s savent ce qu\u2019Experis repr\u00e9sente, ils ont conscience que conjuguer qualit\u00e9 et rapidit\u00e9 exige de grands efforts et ils sont pr\u00eats \u00e0 les faire.<\/p>\n<p><b>Vina, Consultante en Recrutement<\/b><\/p>\n<p>\u00ab Apr\u00e8s avoir travaill\u00e9 pendant plus de 15 ans dans le secteur de l\u2019 ICT, j&rsquo;ai rejoint Experis IT d\u00e9but 2015. J&rsquo;ai appris beaucoup en un laps de temps tr\u00e8s court et encore maintenant, il n\u2019y a pas deux journ\u00e9es de travail qui se ressemblent. Cette diversit\u00e9, la flexibilit\u00e9 et l\u2019esprit d&rsquo;\u00e9quipe rendent mon travail au sein d\u2019Experis IT tr\u00e8s agr\u00e9able. M\u00eame si Experis a une ligne de conduite commerciale, je suis tr\u00e8s heureuse qu&rsquo;il y ait \u00e9galement une place pour une approche et un suivi des candidats suffisamment personnel. L&rsquo;interaction coll\u00e9giale avec les autres marques du groupe Manpower nous font sentir que nous faisons tous partie de la m\u00eame famille ! \u00bb<\/p>\n","protected":false},"excerpt":{"rendered":"<p>Nos consultants Experis prennent perp\u00e9tuellement le pouls du march\u00e9 du travail. Au Luxembourg, Experis dispose \u00e9galement d&rsquo;une \u00e9quipe forte de dix consultants qui r\u00e9alisent de belles performances sur le march\u00e9 local. Nos consultants Experis sont des experts dans leur domaine. Gr\u00e2ce \u00e0 une politique d\u00e9lib\u00e9r\u00e9e de promotion interne, ils sont form\u00e9s aux valeurs, attitudes et &hellip; <a href=\"https:\/\/experis.lu\/fr\/nos-equipes\/\" class=\"more-link\">Continuer la lecture<span class=\"screen-reader-text\"> de &laquo;&nbsp;Nos \u00e9quipes&nbsp;&raquo;<\/span><\/a><\/p>\n","protected":false},"author":83,"featured_media":0,"parent":0,"menu_order":0,"comment_status":"closed","ping_status":"closed","template":"","meta":{"footnotes":""},"class_list":["post-3899","page","type-page","status-publish","hentry"],"yoast_head":"<!-- This site is optimized with the Yoast SEO plugin v27.3 - https:\/\/yoast.com\/product\/yoast-seo-wordpress\/ -->\n<title>Nos \u00e9quipes - Experis Luxembourg<\/title>\n<meta name=\"description\" content=\"Depuis nos bureaux \u00e0 Bruxelles, Anvers, Drongen et Braine, plus de 65 consultants Experis prennent perp\u00e9tuellement le pouls du march\u00e9 du travail.\" \/>\n<meta name=\"robots\" content=\"index, follow, max-snippet:-1, max-image-preview:large, max-video-preview:-1\" \/>\n<link rel=\"canonical\" href=\"https:\/\/experis.lu\/fr\/nos-equipes\/\" \/>\n<meta property=\"og:locale\" content=\"fr_FR\" \/>\n<meta property=\"og:type\" content=\"article\" \/>\n<meta property=\"og:title\" content=\"Nos \u00e9quipes - Experis Luxembourg\" \/>\n<meta property=\"og:description\" content=\"Depuis nos bureaux \u00e0 Bruxelles, Anvers, Drongen et Braine, plus de 65 consultants Experis prennent perp\u00e9tuellement le pouls du march\u00e9 du travail.\" \/>\n<meta property=\"og:url\" content=\"https:\/\/experis.lu\/fr\/nos-equipes\/\" \/>\n<meta property=\"article:modified_time\" content=\"2023-05-08T12:05:10+00:00\" \/>\n<meta name=\"twitter:card\" content=\"summary_large_image\" \/>\n<meta name=\"twitter:label1\" content=\"Dur\u00e9e de lecture estim\u00e9e\" \/>\n\t<meta name=\"twitter:data1\" content=\"2 minutes\" \/>\n<script type=\"application\/ld+json\" class=\"yoast-schema-graph\">{\"@context\":\"https:\\\/\\\/schema.org\",\"@graph\":[{\"@type\":\"WebPage\",\"@id\":\"https:\\\/\\\/experis.lu\\\/fr\\\/nos-equipes\\\/\",\"url\":\"https:\\\/\\\/experis.lu\\\/fr\\\/nos-equipes\\\/\",\"name\":\"Nos \u00e9quipes - Experis Luxembourg\",\"isPartOf\":{\"@id\":\"https:\\\/\\\/experis.lu\\\/#website\"},\"datePublished\":\"2016-12-29T12:39:13+00:00\",\"dateModified\":\"2023-05-08T12:05:10+00:00\",\"description\":\"Depuis nos bureaux \u00e0 Bruxelles, Anvers, Drongen et Braine, plus de 65 consultants Experis prennent perp\u00e9tuellement le pouls du march\u00e9 du travail.\",\"breadcrumb\":{\"@id\":\"https:\\\/\\\/experis.lu\\\/fr\\\/nos-equipes\\\/#breadcrumb\"},\"inLanguage\":\"fr-FR\",\"potentialAction\":[{\"@type\":\"ReadAction\",\"target\":[\"https:\\\/\\\/experis.lu\\\/fr\\\/nos-equipes\\\/\"]}]},{\"@type\":\"BreadcrumbList\",\"@id\":\"https:\\\/\\\/experis.lu\\\/fr\\\/nos-equipes\\\/#breadcrumb\",\"itemListElement\":[{\"@type\":\"ListItem\",\"position\":1,\"name\":\"Home\",\"item\":\"https:\\\/\\\/experis.lu\\\/fr\\\/\"},{\"@type\":\"ListItem\",\"position\":2,\"name\":\"Nos \u00e9quipes\"}]},{\"@type\":\"WebSite\",\"@id\":\"https:\\\/\\\/experis.lu\\\/#website\",\"url\":\"https:\\\/\\\/experis.lu\\\/\",\"name\":\"\",\"description\":\"\",\"potentialAction\":[{\"@type\":\"SearchAction\",\"target\":{\"@type\":\"EntryPoint\",\"urlTemplate\":\"https:\\\/\\\/experis.lu\\\/?s={search_term_string}\"},\"query-input\":{\"@type\":\"PropertyValueSpecification\",\"valueRequired\":true,\"valueName\":\"search_term_string\"}}],\"inLanguage\":\"fr-FR\"}]}<\/script>\n<!-- \/ Yoast SEO plugin. -->","yoast_head_json":{"title":"Nos \u00e9quipes - Experis Luxembourg","description":"Depuis nos bureaux \u00e0 Bruxelles, Anvers, Drongen et Braine, plus de 65 consultants Experis prennent perp\u00e9tuellement le pouls du march\u00e9 du travail.","robots":{"index":"index","follow":"follow","max-snippet":"max-snippet:-1","max-image-preview":"max-image-preview:large","max-video-preview":"max-video-preview:-1"},"canonical":"https:\/\/experis.lu\/fr\/nos-equipes\/","og_locale":"fr_FR","og_type":"article","og_title":"Nos \u00e9quipes - Experis Luxembourg","og_description":"Depuis nos bureaux \u00e0 Bruxelles, Anvers, Drongen et Braine, plus de 65 consultants Experis prennent perp\u00e9tuellement le pouls du march\u00e9 du travail.","og_url":"https:\/\/experis.lu\/fr\/nos-equipes\/","article_modified_time":"2023-05-08T12:05:10+00:00","twitter_card":"summary_large_image","twitter_misc":{"Dur\u00e9e de lecture estim\u00e9e":"2 minutes"},"schema":{"@context":"https:\/\/schema.org","@graph":[{"@type":"WebPage","@id":"https:\/\/experis.lu\/fr\/nos-equipes\/","url":"https:\/\/experis.lu\/fr\/nos-equipes\/","name":"Nos \u00e9quipes - Experis Luxembourg","isPartOf":{"@id":"https:\/\/experis.lu\/#website"},"datePublished":"2016-12-29T12:39:13+00:00","dateModified":"2023-05-08T12:05:10+00:00","description":"Depuis nos bureaux \u00e0 Bruxelles, Anvers, Drongen et Braine, plus de 65 consultants Experis prennent perp\u00e9tuellement le pouls du march\u00e9 du travail.","breadcrumb":{"@id":"https:\/\/experis.lu\/fr\/nos-equipes\/#breadcrumb"},"inLanguage":"fr-FR","potentialAction":[{"@type":"ReadAction","target":["https:\/\/experis.lu\/fr\/nos-equipes\/"]}]},{"@type":"BreadcrumbList","@id":"https:\/\/experis.lu\/fr\/nos-equipes\/#breadcrumb","itemListElement":[{"@type":"ListItem","position":1,"name":"Home","item":"https:\/\/experis.lu\/fr\/"},{"@type":"ListItem","position":2,"name":"Nos \u00e9quipes"}]},{"@type":"WebSite","@id":"https:\/\/experis.lu\/#website","url":"https:\/\/experis.lu\/","name":"","description":"","potentialAction":[{"@type":"SearchAction","target":{"@type":"EntryPoint","urlTemplate":"https:\/\/experis.lu\/?s={search_term_string}"},"query-input":{"@type":"PropertyValueSpecification","valueRequired":true,"valueName":"search_term_string"}}],"inLanguage":"fr-FR"}]}},"_links":{"self":[{"href":"https:\/\/experis.lu\/fr\/wp-json\/wp\/v2\/pages\/3899","targetHints":{"allow":["GET"]}}],"collection":[{"href":"https:\/\/experis.lu\/fr\/wp-json\/wp\/v2\/pages"}],"about":[{"href":"https:\/\/experis.lu\/fr\/wp-json\/wp\/v2\/types\/page"}],"author":[{"embeddable":true,"href":"https:\/\/experis.lu\/fr\/wp-json\/wp\/v2\/users\/83"}],"replies":[{"embeddable":true,"href":"https:\/\/experis.lu\/fr\/wp-json\/wp\/v2\/comments?post=3899"}],"version-history":[{"count":6,"href":"https:\/\/experis.lu\/fr\/wp-json\/wp\/v2\/pages\/3899\/revisions"}],"predecessor-version":[{"id":58084,"href":"https:\/\/experis.lu\/fr\/wp-json\/wp\/v2\/pages\/3899\/revisions\/58084"}],"wp:attachment":[{"href":"https:\/\/experis.lu\/fr\/wp-json\/wp\/v2\/media?parent=3899"}],"curies":[{"name":"wp","href":"https:\/\/api.w.org\/{rel}","templated":true}]}}