
{"id":3512,"date":"2016-12-29T11:15:57","date_gmt":"2016-12-29T11:15:57","guid":{"rendered":"http:\/\/experislvh.cluster023.hosting.ovh.net\/fr\/?page_id=3512"},"modified":"2017-02-15T10:48:40","modified_gmt":"2017-02-15T10:48:40","slug":"temoignages","status":"publish","type":"page","link":"https:\/\/experis.lu\/fr\/temoignages\/","title":{"rendered":"T\u00e9moignages"},"content":{"rendered":"<h5>T\u00e9moignage : diff\u00e9renciateurs selon notre responsable de la verticale finance<\/h5>\n<ul>\n<li>La gestion de consultants est notre principale priorit\u00e9. Elle nous permet de fournir un excellent service \u00e0 nos clients et d&rsquo;am\u00e9liorer continuellement les comp\u00e9tences de notre main-d&rsquo;\u0153uvre externe. Investir dans nos consultants fait de notre organisation un endroit id\u00e9al pour travailler !<\/li>\n<li>Experis prend le temps n\u00e9cessaire pour comprendre et analyser les besoins sp\u00e9cifiques de chaque candidat et de chaque client. Nous appelons cette solution \u00ab\u00a0sur mesure\u00a0\u00bb.<\/li>\n<li>Le coaching commence avant m\u00eame l\u2019entr\u00e9e en fonction des candidats chez nos clients. C&rsquo;est notre passion que d&rsquo;\u00eatre un bon conseiller d\u00e8s l\u2019arriv\u00e9e du CV dans notre base de donn\u00e9es. Nous prenons le temps d&rsquo;appeler le candidat et de regarder au-del\u00e0 de ce qui est \u00e9crit dans son CV, l\u2019approche humaine est ce qui nous diff\u00e9rencie.<\/li>\n<li>Le personnel interne d&rsquo;Experis est r\u00e9compens\u00e9 pour ses efforts, ce qui stimule la X-Collaboration. Le partage des candidats est une activit\u00e9 tr\u00e8s commune, \u00e0 travers nos diff\u00e9rentes verticales mais aussi dans l&rsquo;ensemble de ManpowerGroup.<\/li>\n<\/ul>\n","protected":false},"excerpt":{"rendered":"<p>T\u00e9moignage : diff\u00e9renciateurs selon notre responsable de la verticale finance La gestion de consultants est notre principale priorit\u00e9. Elle nous permet de fournir un excellent service \u00e0 nos clients et d&rsquo;am\u00e9liorer continuellement les comp\u00e9tences de notre main-d&rsquo;\u0153uvre externe. Investir dans nos consultants fait de notre organisation un endroit id\u00e9al pour travailler ! Experis prend le &hellip; <a href=\"https:\/\/experis.lu\/fr\/temoignages\/\" class=\"more-link\">Continuer la lecture<span class=\"screen-reader-text\"> de &laquo;&nbsp;T\u00e9moignages&nbsp;&raquo;<\/span><\/a><\/p>\n","protected":false},"author":83,"featured_media":0,"parent":0,"menu_order":0,"comment_status":"closed","ping_status":"closed","template":"","meta":{"footnotes":""},"class_list":["post-3512","page","type-page","status-publish","hentry"],"yoast_head":"<!-- This site is optimized with the Yoast SEO plugin v27.3 - https:\/\/yoast.com\/product\/yoast-seo-wordpress\/ -->\n<title>T\u00e9moignages - Experis Luxembourg<\/title>\n<meta name=\"description\" content=\"La gestion de consultants est notre principale priorit\u00e9. Elle nous permet de fournir un excellent service \u00e0 nos clients.\" \/>\n<meta name=\"robots\" content=\"index, follow, max-snippet:-1, max-image-preview:large, max-video-preview:-1\" \/>\n<link rel=\"canonical\" href=\"https:\/\/experis.lu\/fr\/temoignages\/\" \/>\n<meta property=\"og:locale\" content=\"fr_FR\" \/>\n<meta property=\"og:type\" content=\"article\" \/>\n<meta property=\"og:title\" content=\"T\u00e9moignages - Experis Luxembourg\" \/>\n<meta property=\"og:description\" content=\"La gestion de consultants est notre principale priorit\u00e9. Elle nous permet de fournir un excellent service \u00e0 nos clients.\" \/>\n<meta property=\"og:url\" content=\"https:\/\/experis.lu\/fr\/temoignages\/\" \/>\n<meta property=\"article:modified_time\" content=\"2017-02-15T10:48:40+00:00\" \/>\n<meta name=\"twitter:card\" content=\"summary_large_image\" \/>\n<meta name=\"twitter:label1\" content=\"Dur\u00e9e de lecture estim\u00e9e\" \/>\n\t<meta name=\"twitter:data1\" content=\"1 minute\" \/>\n<script type=\"application\/ld+json\" class=\"yoast-schema-graph\">{\"@context\":\"https:\\\/\\\/schema.org\",\"@graph\":[{\"@type\":\"WebPage\",\"@id\":\"https:\\\/\\\/experis.lu\\\/fr\\\/temoignages\\\/\",\"url\":\"https:\\\/\\\/experis.lu\\\/fr\\\/temoignages\\\/\",\"name\":\"T\u00e9moignages - Experis Luxembourg\",\"isPartOf\":{\"@id\":\"https:\\\/\\\/experis.lu\\\/#website\"},\"datePublished\":\"2016-12-29T11:15:57+00:00\",\"dateModified\":\"2017-02-15T10:48:40+00:00\",\"description\":\"La gestion de consultants est notre principale priorit\u00e9. Elle nous permet de fournir un excellent service \u00e0 nos clients.\",\"breadcrumb\":{\"@id\":\"https:\\\/\\\/experis.lu\\\/fr\\\/temoignages\\\/#breadcrumb\"},\"inLanguage\":\"fr-FR\",\"potentialAction\":[{\"@type\":\"ReadAction\",\"target\":[\"https:\\\/\\\/experis.lu\\\/fr\\\/temoignages\\\/\"]}]},{\"@type\":\"BreadcrumbList\",\"@id\":\"https:\\\/\\\/experis.lu\\\/fr\\\/temoignages\\\/#breadcrumb\",\"itemListElement\":[{\"@type\":\"ListItem\",\"position\":1,\"name\":\"Home\",\"item\":\"https:\\\/\\\/experis.lu\\\/fr\\\/\"},{\"@type\":\"ListItem\",\"position\":2,\"name\":\"T\u00e9moignages\"}]},{\"@type\":\"WebSite\",\"@id\":\"https:\\\/\\\/experis.lu\\\/#website\",\"url\":\"https:\\\/\\\/experis.lu\\\/\",\"name\":\"\",\"description\":\"\",\"potentialAction\":[{\"@type\":\"SearchAction\",\"target\":{\"@type\":\"EntryPoint\",\"urlTemplate\":\"https:\\\/\\\/experis.lu\\\/?s={search_term_string}\"},\"query-input\":{\"@type\":\"PropertyValueSpecification\",\"valueRequired\":true,\"valueName\":\"search_term_string\"}}],\"inLanguage\":\"fr-FR\"}]}<\/script>\n<!-- \/ Yoast SEO plugin. -->","yoast_head_json":{"title":"T\u00e9moignages - Experis Luxembourg","description":"La gestion de consultants est notre principale priorit\u00e9. Elle nous permet de fournir un excellent service \u00e0 nos clients.","robots":{"index":"index","follow":"follow","max-snippet":"max-snippet:-1","max-image-preview":"max-image-preview:large","max-video-preview":"max-video-preview:-1"},"canonical":"https:\/\/experis.lu\/fr\/temoignages\/","og_locale":"fr_FR","og_type":"article","og_title":"T\u00e9moignages - Experis Luxembourg","og_description":"La gestion de consultants est notre principale priorit\u00e9. Elle nous permet de fournir un excellent service \u00e0 nos clients.","og_url":"https:\/\/experis.lu\/fr\/temoignages\/","article_modified_time":"2017-02-15T10:48:40+00:00","twitter_card":"summary_large_image","twitter_misc":{"Dur\u00e9e de lecture estim\u00e9e":"1 minute"},"schema":{"@context":"https:\/\/schema.org","@graph":[{"@type":"WebPage","@id":"https:\/\/experis.lu\/fr\/temoignages\/","url":"https:\/\/experis.lu\/fr\/temoignages\/","name":"T\u00e9moignages - Experis Luxembourg","isPartOf":{"@id":"https:\/\/experis.lu\/#website"},"datePublished":"2016-12-29T11:15:57+00:00","dateModified":"2017-02-15T10:48:40+00:00","description":"La gestion de consultants est notre principale priorit\u00e9. Elle nous permet de fournir un excellent service \u00e0 nos clients.","breadcrumb":{"@id":"https:\/\/experis.lu\/fr\/temoignages\/#breadcrumb"},"inLanguage":"fr-FR","potentialAction":[{"@type":"ReadAction","target":["https:\/\/experis.lu\/fr\/temoignages\/"]}]},{"@type":"BreadcrumbList","@id":"https:\/\/experis.lu\/fr\/temoignages\/#breadcrumb","itemListElement":[{"@type":"ListItem","position":1,"name":"Home","item":"https:\/\/experis.lu\/fr\/"},{"@type":"ListItem","position":2,"name":"T\u00e9moignages"}]},{"@type":"WebSite","@id":"https:\/\/experis.lu\/#website","url":"https:\/\/experis.lu\/","name":"","description":"","potentialAction":[{"@type":"SearchAction","target":{"@type":"EntryPoint","urlTemplate":"https:\/\/experis.lu\/?s={search_term_string}"},"query-input":{"@type":"PropertyValueSpecification","valueRequired":true,"valueName":"search_term_string"}}],"inLanguage":"fr-FR"}]}},"_links":{"self":[{"href":"https:\/\/experis.lu\/fr\/wp-json\/wp\/v2\/pages\/3512","targetHints":{"allow":["GET"]}}],"collection":[{"href":"https:\/\/experis.lu\/fr\/wp-json\/wp\/v2\/pages"}],"about":[{"href":"https:\/\/experis.lu\/fr\/wp-json\/wp\/v2\/types\/page"}],"author":[{"embeddable":true,"href":"https:\/\/experis.lu\/fr\/wp-json\/wp\/v2\/users\/83"}],"replies":[{"embeddable":true,"href":"https:\/\/experis.lu\/fr\/wp-json\/wp\/v2\/comments?post=3512"}],"version-history":[{"count":0,"href":"https:\/\/experis.lu\/fr\/wp-json\/wp\/v2\/pages\/3512\/revisions"}],"wp:attachment":[{"href":"https:\/\/experis.lu\/fr\/wp-json\/wp\/v2\/media?parent=3512"}],"curies":[{"name":"wp","href":"https:\/\/api.w.org\/{rel}","templated":true}]}}