
{"id":3505,"date":"2016-12-29T11:02:50","date_gmt":"2016-12-29T11:02:50","guid":{"rendered":"http:\/\/experislvh.cluster023.hosting.ovh.net\/fr\/?page_id=3505"},"modified":"2017-07-17T08:47:38","modified_gmt":"2017-07-17T08:47:38","slug":"notre-methode","status":"publish","type":"page","link":"https:\/\/experis.lu\/fr\/notre-methode\/","title":{"rendered":"Notre m\u00e9thode"},"content":{"rendered":"<section class=\"wpb-content-wrapper\"><p>[vc_row][vc_column][vc_tta_accordion][vc_tta_section title=\u00a0\u00bbQue faisons-nous ?\u00a0\u00bb tab_id=\u00a0\u00bb1483008804219-f87294b7-6600&Prime; el_class=\u00a0\u00bbWhat we do\u00a0\u00bb][vc_column_text]En tant que sp\u00e9cialiste, Experis met en relation les entreprises avec les meilleurs talents. Nous nous concentrons exclusivement sur les talents dans les domaines de l\u2019ICT, des finances &amp; ressources humaines, de l\u2019ing\u00e9nierie &amp; des sciences de la vie, tant pour des projets temporaires que pour les postes permanents. Et parce que nous sommes des experts dans notre propre domaine, vous pouvez \u00eatre s\u00fbr(e) que nous trouverons le job de vos r\u00eaves.<br \/>\nVous \u00eates sp\u00e9cialiste en ICT, finances, ressources humaines ou en Ing\u00e9nierie\/sciences de la vie, \u00e0 la recherche d&rsquo;un emploi &#8211; temporaire ou permanent ? Nous sommes l\u00e0 pour vous.[\/vc_column_text][\/vc_tta_section][vc_tta_section title=\u00a0\u00bbComment ?\u00a0\u00bb tab_id=\u00a0\u00bb1483008804299-2cdfefca-01a0&Prime; el_class=\u00a0\u00bbHow we do it\u00a0\u00bb][vc_column_text]Ensemble, nous examinons vos objectifs de carri\u00e8re. Nous vous aidons \u00e0 \u00e9laborer un profil professionnel et un CV impeccable. Nous chercherons ensuite les positions les plus appropri\u00e9es sur la base de vos capacit\u00e9s et forces. Tout cela est enti\u00e8rement gratuit, naturellement.<br \/>\nVous devenez consultant pour Experis ? Acc\u00e9dez aussi \u00e0 notre plateforme de formation en ligne avec des milliers de cours directement disponibles.<\/p>\n<p>N&rsquo;oubliez pas qu\u2019Experis reste votre partenaire tout au long de votre carri\u00e8re. Nous continuerons \u00e0 vous contacter r\u00e9guli\u00e8rement pour voir comment cela se passe pour vous, m\u00eame apr\u00e8s que vous ayez sign\u00e9 un contrat permanent. Notre priorit\u00e9 chez Experis est de mettre les gens talentueux comme vous au travail.[\/vc_column_text][\/vc_tta_section][vc_tta_section title=\u00a0\u00bbLe recrutement de talent selon Experis\u00a0\u00bb tab_id=\u00a0\u00bb1483008975259-d0fe6d96-df41&Prime; el_class=\u00a0\u00bbTalent recruitment\u00a0\u00bb][vc_column_text]Lorsque vous soumettez votre candidature, nous examinerons attentivement votre CV et vous donnons toujours un premier feedback.<\/p>\n<p>Si vous \u00eates s\u00e9lectionn\u00e9(e) pour une interview, vous pouvez vous attendre \u00e0 un appel t\u00e9l\u00e9phonique de notre \u00e9quipe de recrutement dans les jours qui suivent votre envoi de candidature. Si vous n\u2019\u00eates pas retenu(e) pour une certaine fonction, continuez \u00e0 r\u00e9pondre aux offres ou envoyez-nous une candidature spontan\u00e9e. En attendant, n\u2019h\u00e9sitez pas \u00e0 parcourir nos derni\u00e8res offres d&#8217;emploi.<br \/>\nSi un changement survient au niveau de votre exp\u00e9rience, vos coordonn\u00e9es, vos intentions de recherche d&#8217;emploi\u2026, veillez \u00e0 garder votre CV \u00e0 jour, afin que nous poss\u00e9dions les informations les plus pr\u00e9cises possibles et que nous puissions vous pr\u00e9senter \u00e0 tout moment la mission la plus appropri\u00e9e.<\/p>\n<p>Si, \u00e0 un moment donn\u00e9, vous avez eu des contacts avec l\u2019un de nos consultants, n&rsquo;h\u00e9sitez pas \u00e0 le contacter chaque fois que vous verrez un poste qui pourrait vous int\u00e9resser[\/vc_column_text][\/vc_tta_section][\/vc_tta_accordion][\/vc_column][\/vc_row]<\/p>\n<\/section>","protected":false},"excerpt":{"rendered":"<p>[vc_row][vc_column][vc_tta_accordion][vc_tta_section title=\u00a0\u00bbQue faisons-nous ?\u00a0\u00bb tab_id=\u00a0\u00bb1483008804219-f87294b7-6600&Prime; el_class=\u00a0\u00bbWhat we do\u00a0\u00bb][vc_column_text]En tant que sp\u00e9cialiste, Experis met en relation les entreprises avec les meilleurs talents. Nous nous concentrons exclusivement sur les talents dans les domaines de l\u2019ICT, des finances &amp; ressources humaines, de l\u2019ing\u00e9nierie &amp; des sciences de la vie, tant pour des projets temporaires que pour les postes &hellip; <a href=\"https:\/\/experis.lu\/fr\/notre-methode\/\" class=\"more-link\">Continuer la lecture<span class=\"screen-reader-text\"> de &laquo;&nbsp;Notre m\u00e9thode&nbsp;&raquo;<\/span><\/a><\/p>\n","protected":false},"author":83,"featured_media":0,"parent":0,"menu_order":0,"comment_status":"closed","ping_status":"closed","template":"","meta":{"footnotes":""},"class_list":["post-3505","page","type-page","status-publish","hentry"],"yoast_head":"<!-- This site is optimized with the Yoast SEO plugin v27.3 - https:\/\/yoast.com\/product\/yoast-seo-wordpress\/ -->\n<title>Notre m\u00e9thode - Experis Luxembourg<\/title>\n<meta name=\"description\" content=\"En tant que sp\u00e9cialiste, Experis r\u00e9unit des entreprises et talents exceptionnels. Nous nous concentrons exclusivement sur les talents de premier plan.\" \/>\n<meta name=\"robots\" content=\"index, follow, max-snippet:-1, max-image-preview:large, max-video-preview:-1\" \/>\n<link rel=\"canonical\" href=\"https:\/\/experis.lu\/fr\/notre-methode\/\" \/>\n<meta property=\"og:locale\" content=\"fr_FR\" \/>\n<meta property=\"og:type\" content=\"article\" \/>\n<meta property=\"og:title\" content=\"Notre m\u00e9thode - Experis Luxembourg\" \/>\n<meta property=\"og:description\" content=\"En tant que sp\u00e9cialiste, Experis r\u00e9unit des entreprises et talents exceptionnels. Nous nous concentrons exclusivement sur les talents de premier plan.\" \/>\n<meta property=\"og:url\" content=\"https:\/\/experis.lu\/fr\/notre-methode\/\" \/>\n<meta property=\"article:modified_time\" content=\"2017-07-17T08:47:38+00:00\" \/>\n<meta name=\"twitter:card\" content=\"summary_large_image\" \/>\n<meta name=\"twitter:label1\" content=\"Dur\u00e9e de lecture estim\u00e9e\" \/>\n\t<meta name=\"twitter:data1\" content=\"2 minutes\" \/>\n<script type=\"application\/ld+json\" class=\"yoast-schema-graph\">{\"@context\":\"https:\\\/\\\/schema.org\",\"@graph\":[{\"@type\":\"WebPage\",\"@id\":\"https:\\\/\\\/experis.lu\\\/fr\\\/notre-methode\\\/\",\"url\":\"https:\\\/\\\/experis.lu\\\/fr\\\/notre-methode\\\/\",\"name\":\"Notre m\u00e9thode - Experis Luxembourg\",\"isPartOf\":{\"@id\":\"https:\\\/\\\/experis.lu\\\/#website\"},\"datePublished\":\"2016-12-29T11:02:50+00:00\",\"dateModified\":\"2017-07-17T08:47:38+00:00\",\"description\":\"En tant que sp\u00e9cialiste, Experis r\u00e9unit des entreprises et talents exceptionnels. Nous nous concentrons exclusivement sur les talents de premier plan.\",\"breadcrumb\":{\"@id\":\"https:\\\/\\\/experis.lu\\\/fr\\\/notre-methode\\\/#breadcrumb\"},\"inLanguage\":\"fr-FR\",\"potentialAction\":[{\"@type\":\"ReadAction\",\"target\":[\"https:\\\/\\\/experis.lu\\\/fr\\\/notre-methode\\\/\"]}]},{\"@type\":\"BreadcrumbList\",\"@id\":\"https:\\\/\\\/experis.lu\\\/fr\\\/notre-methode\\\/#breadcrumb\",\"itemListElement\":[{\"@type\":\"ListItem\",\"position\":1,\"name\":\"Home\",\"item\":\"https:\\\/\\\/experis.lu\\\/fr\\\/\"},{\"@type\":\"ListItem\",\"position\":2,\"name\":\"Notre m\u00e9thode\"}]},{\"@type\":\"WebSite\",\"@id\":\"https:\\\/\\\/experis.lu\\\/#website\",\"url\":\"https:\\\/\\\/experis.lu\\\/\",\"name\":\"\",\"description\":\"\",\"potentialAction\":[{\"@type\":\"SearchAction\",\"target\":{\"@type\":\"EntryPoint\",\"urlTemplate\":\"https:\\\/\\\/experis.lu\\\/?s={search_term_string}\"},\"query-input\":{\"@type\":\"PropertyValueSpecification\",\"valueRequired\":true,\"valueName\":\"search_term_string\"}}],\"inLanguage\":\"fr-FR\"}]}<\/script>\n<!-- \/ Yoast SEO plugin. -->","yoast_head_json":{"title":"Notre m\u00e9thode - Experis Luxembourg","description":"En tant que sp\u00e9cialiste, Experis r\u00e9unit des entreprises et talents exceptionnels. Nous nous concentrons exclusivement sur les talents de premier plan.","robots":{"index":"index","follow":"follow","max-snippet":"max-snippet:-1","max-image-preview":"max-image-preview:large","max-video-preview":"max-video-preview:-1"},"canonical":"https:\/\/experis.lu\/fr\/notre-methode\/","og_locale":"fr_FR","og_type":"article","og_title":"Notre m\u00e9thode - Experis Luxembourg","og_description":"En tant que sp\u00e9cialiste, Experis r\u00e9unit des entreprises et talents exceptionnels. Nous nous concentrons exclusivement sur les talents de premier plan.","og_url":"https:\/\/experis.lu\/fr\/notre-methode\/","article_modified_time":"2017-07-17T08:47:38+00:00","twitter_card":"summary_large_image","twitter_misc":{"Dur\u00e9e de lecture estim\u00e9e":"2 minutes"},"schema":{"@context":"https:\/\/schema.org","@graph":[{"@type":"WebPage","@id":"https:\/\/experis.lu\/fr\/notre-methode\/","url":"https:\/\/experis.lu\/fr\/notre-methode\/","name":"Notre m\u00e9thode - Experis Luxembourg","isPartOf":{"@id":"https:\/\/experis.lu\/#website"},"datePublished":"2016-12-29T11:02:50+00:00","dateModified":"2017-07-17T08:47:38+00:00","description":"En tant que sp\u00e9cialiste, Experis r\u00e9unit des entreprises et talents exceptionnels. Nous nous concentrons exclusivement sur les talents de premier plan.","breadcrumb":{"@id":"https:\/\/experis.lu\/fr\/notre-methode\/#breadcrumb"},"inLanguage":"fr-FR","potentialAction":[{"@type":"ReadAction","target":["https:\/\/experis.lu\/fr\/notre-methode\/"]}]},{"@type":"BreadcrumbList","@id":"https:\/\/experis.lu\/fr\/notre-methode\/#breadcrumb","itemListElement":[{"@type":"ListItem","position":1,"name":"Home","item":"https:\/\/experis.lu\/fr\/"},{"@type":"ListItem","position":2,"name":"Notre m\u00e9thode"}]},{"@type":"WebSite","@id":"https:\/\/experis.lu\/#website","url":"https:\/\/experis.lu\/","name":"","description":"","potentialAction":[{"@type":"SearchAction","target":{"@type":"EntryPoint","urlTemplate":"https:\/\/experis.lu\/?s={search_term_string}"},"query-input":{"@type":"PropertyValueSpecification","valueRequired":true,"valueName":"search_term_string"}}],"inLanguage":"fr-FR"}]}},"_links":{"self":[{"href":"https:\/\/experis.lu\/fr\/wp-json\/wp\/v2\/pages\/3505","targetHints":{"allow":["GET"]}}],"collection":[{"href":"https:\/\/experis.lu\/fr\/wp-json\/wp\/v2\/pages"}],"about":[{"href":"https:\/\/experis.lu\/fr\/wp-json\/wp\/v2\/types\/page"}],"author":[{"embeddable":true,"href":"https:\/\/experis.lu\/fr\/wp-json\/wp\/v2\/users\/83"}],"replies":[{"embeddable":true,"href":"https:\/\/experis.lu\/fr\/wp-json\/wp\/v2\/comments?post=3505"}],"version-history":[{"count":2,"href":"https:\/\/experis.lu\/fr\/wp-json\/wp\/v2\/pages\/3505\/revisions"}],"predecessor-version":[{"id":57016,"href":"https:\/\/experis.lu\/fr\/wp-json\/wp\/v2\/pages\/3505\/revisions\/57016"}],"wp:attachment":[{"href":"https:\/\/experis.lu\/fr\/wp-json\/wp\/v2\/media?parent=3505"}],"curies":[{"name":"wp","href":"https:\/\/api.w.org\/{rel}","templated":true}]}}