
{"id":3499,"date":"2016-12-29T10:48:09","date_gmt":"2016-12-29T10:48:09","guid":{"rendered":"http:\/\/experislvh.cluster023.hosting.ovh.net\/fr\/?page_id=3499"},"modified":"2017-07-17T08:44:15","modified_gmt":"2017-07-17T08:44:15","slug":"votre-contrat","status":"publish","type":"page","link":"https:\/\/experis.lu\/fr\/votre-contrat\/","title":{"rendered":"Votre contrat"},"content":{"rendered":"<p>Que vous soyez \u00e0 la recherche d\u2019un contrat comme employ\u00e9 ou ind\u00e9pendant, pour une mission \u00e0 long ou \u00e0 court terme, ou pour un contrat permanent, vous pourrez le trouver avec Experis.<\/p>\n<h5>Un poste en consultance<\/h5>\n<p>Une mission de consultance par le biais d&rsquo;Experis vous permet de faire \u00e9voluer votre carri\u00e8re \u00e0 travers des projets stimulants \u00e0 court ou \u00e0 long terme. Notre vaste r\u00e9seau de clients vous am\u00e8ne \u00e0 effectuer des missions aupr\u00e8s des entreprises les plus cot\u00e9es et ainsi construire votre CV et votre r\u00e9seau par votre expertise et vos comp\u00e9tences.<\/p>\n<h5>Un poste en consultance en vue d\u2019un contrat permanent<\/h5>\n<p>Une entreprise pour laquelle vous r\u00eavez de travailler ? Vous pouvez certainement y effectuer une mission gr\u00e2ce \u00e0 Experis ! Le meilleur moyen de d\u00e9montrer dans la pratique votre valeur ajout\u00e9e et vous placer au sommet de la liste d\u2019embauche pour un contrat fixe.<\/p>\n<h5>Un poste en tant que freelance<\/h5>\n<p>En tant que freelance vous avez le contr\u00f4le mais vous connaissez les risques : trouver votre prochaine mission alors que vous travaillez. Elargissez votre champs d\u2019opportunit\u00e9s avec Experis et acc\u00e9dez \u00e0 de nouvelles ressources en rejoignant notre base de donn\u00e9es. Nous trouvons ensemble la prochaine mission qui correspondra \u00e0 vos comp\u00e9tences.<\/p>\n<h5>Un poste permanent<\/h5>\n<p>Experis prend le temps de d\u00e9couvrir qui vous \u00eates, vos comp\u00e9tences et votre exp\u00e9rience. Nous recherchons toujours des entreprises dans lesquelles vous aurez l\u2019opportunit\u00e9 de vous d\u00e9velopper et c\u2019est pourquoi notre connaissance du march\u00e9 est d\u00e9terminante. Notre objectif ? Que vous puissiez trouver le poste qui r\u00e9pond parfaitement \u00e0 votre objectif de carri\u00e8re.<\/p>\n<p><b>Vous souhaitez faire le point sur votre carri\u00e8re et les possibilit\u00e9s qui s\u2019offrent \u00e0 vous ?<br \/>\n<\/b>Contactez-nous pour prendre rendez-vous :<a href=\"http:\/\/experislvh.cluster023.hosting.ovh.net\/fr\/contact-2\/\"> ici<\/a><\/p>\n","protected":false},"excerpt":{"rendered":"<p>Que vous soyez \u00e0 la recherche d\u2019un contrat comme employ\u00e9 ou ind\u00e9pendant, pour une mission \u00e0 long ou \u00e0 court terme, ou pour un contrat permanent, vous pourrez le trouver avec Experis. Un poste en consultance Une mission de consultance par le biais d&rsquo;Experis vous permet de faire \u00e9voluer votre carri\u00e8re \u00e0 travers des projets &hellip; <a href=\"https:\/\/experis.lu\/fr\/votre-contrat\/\" class=\"more-link\">Continuer la lecture<span class=\"screen-reader-text\"> de &laquo;&nbsp;Votre contrat&nbsp;&raquo;<\/span><\/a><\/p>\n","protected":false},"author":83,"featured_media":0,"parent":0,"menu_order":0,"comment_status":"closed","ping_status":"closed","template":"","meta":{"footnotes":""},"class_list":["post-3499","page","type-page","status-publish","hentry"],"yoast_head":"<!-- This site is optimized with the Yoast SEO plugin v27.3 - https:\/\/yoast.com\/product\/yoast-seo-wordpress\/ -->\n<title>Votre contrat - Experis Luxembourg<\/title>\n<meta name=\"description\" content=\"Que vous soyez \u00e0 la recherche d\u2019un contrat comme employ\u00e9 ou ind\u00e9pendant, pour une mission \u00e0 long ou \u00e0 court terme, ou pour un contrat permanent...\" \/>\n<meta name=\"robots\" content=\"index, follow, max-snippet:-1, max-image-preview:large, max-video-preview:-1\" \/>\n<link rel=\"canonical\" href=\"https:\/\/experis.lu\/fr\/votre-contrat\/\" \/>\n<meta property=\"og:locale\" content=\"fr_FR\" \/>\n<meta property=\"og:type\" content=\"article\" \/>\n<meta property=\"og:title\" content=\"Votre contrat - Experis Luxembourg\" \/>\n<meta property=\"og:description\" content=\"Que vous soyez \u00e0 la recherche d\u2019un contrat comme employ\u00e9 ou ind\u00e9pendant, pour une mission \u00e0 long ou \u00e0 court terme, ou pour un contrat permanent...\" \/>\n<meta property=\"og:url\" content=\"https:\/\/experis.lu\/fr\/votre-contrat\/\" \/>\n<meta property=\"article:modified_time\" content=\"2017-07-17T08:44:15+00:00\" \/>\n<meta name=\"twitter:card\" content=\"summary_large_image\" \/>\n<meta name=\"twitter:label1\" content=\"Dur\u00e9e de lecture estim\u00e9e\" \/>\n\t<meta name=\"twitter:data1\" content=\"1 minute\" \/>\n<script type=\"application\/ld+json\" class=\"yoast-schema-graph\">{\"@context\":\"https:\\\/\\\/schema.org\",\"@graph\":[{\"@type\":\"WebPage\",\"@id\":\"https:\\\/\\\/experis.lu\\\/fr\\\/votre-contrat\\\/\",\"url\":\"https:\\\/\\\/experis.lu\\\/fr\\\/votre-contrat\\\/\",\"name\":\"Votre contrat - Experis Luxembourg\",\"isPartOf\":{\"@id\":\"https:\\\/\\\/experis.lu\\\/#website\"},\"datePublished\":\"2016-12-29T10:48:09+00:00\",\"dateModified\":\"2017-07-17T08:44:15+00:00\",\"description\":\"Que vous soyez \u00e0 la recherche d\u2019un contrat comme employ\u00e9 ou ind\u00e9pendant, pour une mission \u00e0 long ou \u00e0 court terme, ou pour un contrat permanent...\",\"breadcrumb\":{\"@id\":\"https:\\\/\\\/experis.lu\\\/fr\\\/votre-contrat\\\/#breadcrumb\"},\"inLanguage\":\"fr-FR\",\"potentialAction\":[{\"@type\":\"ReadAction\",\"target\":[\"https:\\\/\\\/experis.lu\\\/fr\\\/votre-contrat\\\/\"]}]},{\"@type\":\"BreadcrumbList\",\"@id\":\"https:\\\/\\\/experis.lu\\\/fr\\\/votre-contrat\\\/#breadcrumb\",\"itemListElement\":[{\"@type\":\"ListItem\",\"position\":1,\"name\":\"Home\",\"item\":\"https:\\\/\\\/experis.lu\\\/fr\\\/\"},{\"@type\":\"ListItem\",\"position\":2,\"name\":\"Votre contrat\"}]},{\"@type\":\"WebSite\",\"@id\":\"https:\\\/\\\/experis.lu\\\/#website\",\"url\":\"https:\\\/\\\/experis.lu\\\/\",\"name\":\"\",\"description\":\"\",\"potentialAction\":[{\"@type\":\"SearchAction\",\"target\":{\"@type\":\"EntryPoint\",\"urlTemplate\":\"https:\\\/\\\/experis.lu\\\/?s={search_term_string}\"},\"query-input\":{\"@type\":\"PropertyValueSpecification\",\"valueRequired\":true,\"valueName\":\"search_term_string\"}}],\"inLanguage\":\"fr-FR\"}]}<\/script>\n<!-- \/ Yoast SEO plugin. -->","yoast_head_json":{"title":"Votre contrat - Experis Luxembourg","description":"Que vous soyez \u00e0 la recherche d\u2019un contrat comme employ\u00e9 ou ind\u00e9pendant, pour une mission \u00e0 long ou \u00e0 court terme, ou pour un contrat permanent...","robots":{"index":"index","follow":"follow","max-snippet":"max-snippet:-1","max-image-preview":"max-image-preview:large","max-video-preview":"max-video-preview:-1"},"canonical":"https:\/\/experis.lu\/fr\/votre-contrat\/","og_locale":"fr_FR","og_type":"article","og_title":"Votre contrat - Experis Luxembourg","og_description":"Que vous soyez \u00e0 la recherche d\u2019un contrat comme employ\u00e9 ou ind\u00e9pendant, pour une mission \u00e0 long ou \u00e0 court terme, ou pour un contrat permanent...","og_url":"https:\/\/experis.lu\/fr\/votre-contrat\/","article_modified_time":"2017-07-17T08:44:15+00:00","twitter_card":"summary_large_image","twitter_misc":{"Dur\u00e9e de lecture estim\u00e9e":"1 minute"},"schema":{"@context":"https:\/\/schema.org","@graph":[{"@type":"WebPage","@id":"https:\/\/experis.lu\/fr\/votre-contrat\/","url":"https:\/\/experis.lu\/fr\/votre-contrat\/","name":"Votre contrat - Experis Luxembourg","isPartOf":{"@id":"https:\/\/experis.lu\/#website"},"datePublished":"2016-12-29T10:48:09+00:00","dateModified":"2017-07-17T08:44:15+00:00","description":"Que vous soyez \u00e0 la recherche d\u2019un contrat comme employ\u00e9 ou ind\u00e9pendant, pour une mission \u00e0 long ou \u00e0 court terme, ou pour un contrat permanent...","breadcrumb":{"@id":"https:\/\/experis.lu\/fr\/votre-contrat\/#breadcrumb"},"inLanguage":"fr-FR","potentialAction":[{"@type":"ReadAction","target":["https:\/\/experis.lu\/fr\/votre-contrat\/"]}]},{"@type":"BreadcrumbList","@id":"https:\/\/experis.lu\/fr\/votre-contrat\/#breadcrumb","itemListElement":[{"@type":"ListItem","position":1,"name":"Home","item":"https:\/\/experis.lu\/fr\/"},{"@type":"ListItem","position":2,"name":"Votre contrat"}]},{"@type":"WebSite","@id":"https:\/\/experis.lu\/#website","url":"https:\/\/experis.lu\/","name":"","description":"","potentialAction":[{"@type":"SearchAction","target":{"@type":"EntryPoint","urlTemplate":"https:\/\/experis.lu\/?s={search_term_string}"},"query-input":{"@type":"PropertyValueSpecification","valueRequired":true,"valueName":"search_term_string"}}],"inLanguage":"fr-FR"}]}},"_links":{"self":[{"href":"https:\/\/experis.lu\/fr\/wp-json\/wp\/v2\/pages\/3499","targetHints":{"allow":["GET"]}}],"collection":[{"href":"https:\/\/experis.lu\/fr\/wp-json\/wp\/v2\/pages"}],"about":[{"href":"https:\/\/experis.lu\/fr\/wp-json\/wp\/v2\/types\/page"}],"author":[{"embeddable":true,"href":"https:\/\/experis.lu\/fr\/wp-json\/wp\/v2\/users\/83"}],"replies":[{"embeddable":true,"href":"https:\/\/experis.lu\/fr\/wp-json\/wp\/v2\/comments?post=3499"}],"version-history":[{"count":4,"href":"https:\/\/experis.lu\/fr\/wp-json\/wp\/v2\/pages\/3499\/revisions"}],"predecessor-version":[{"id":57015,"href":"https:\/\/experis.lu\/fr\/wp-json\/wp\/v2\/pages\/3499\/revisions\/57015"}],"wp:attachment":[{"href":"https:\/\/experis.lu\/fr\/wp-json\/wp\/v2\/media?parent=3499"}],"curies":[{"name":"wp","href":"https:\/\/api.w.org\/{rel}","templated":true}]}}