
{"id":3493,"date":"2016-12-29T10:42:05","date_gmt":"2016-12-29T10:42:05","guid":{"rendered":"http:\/\/experislvh.cluster023.hosting.ovh.net\/fr\/?page_id=3493"},"modified":"2017-02-15T09:40:22","modified_gmt":"2017-02-15T09:40:22","slug":"interim-managers","status":"publish","type":"page","link":"https:\/\/experis.lu\/fr\/interim-managers\/","title":{"rendered":"Interim managers"},"content":{"rendered":"<p>Vous \u00eates un interim manager exp\u00e9riment\u00e9, \u00e0 la recherche d\u2019une nouvelle mission\u00a0? Passez voir Experis\u00a0!<\/p>\n<p>Pour nos missions nous recherchons r\u00e9guli\u00e8rement des sp\u00e9cialistes avec des connaissances tr\u00e8s sp\u00e9cifiques telles que reprises ci-dessous\u00a0:<\/p>\n<h3>ICT\u00a0:<\/h3>\n<p>Java developer\u00a0:\u00a0\u00a0\u00a0\u00a0\u00a0\u00a0\u00a0\u00a0\u00a0\u00a0\u00a0\u00a0\u00a0\u00a0\u00a0\u00a0\u00a0\u00a0\u00a0\u00a0\u00a0\u00a0\u00a0\u00a0\u00a0\u00a0\u00a0\u00a0\u00a0\u00a0\u00a0\u00a0\u00a0\u00a0\u00a0\u00a0\u00a0\u00a0 J2EE, Hibernate, Sping<\/p>\n<p>DataScience\u00a0:\u00a0\u00a0\u00a0\u00a0\u00a0\u00a0\u00a0\u00a0\u00a0\u00a0\u00a0\u00a0\u00a0\u00a0\u00a0\u00a0\u00a0\u00a0\u00a0\u00a0\u00a0\u00a0\u00a0\u00a0\u00a0\u00a0\u00a0\u00a0\u00a0\u00a0\u00a0\u00a0\u00a0\u00a0\u00a0\u00a0\u00a0\u00a0\u00a0\u00a0\u00a0\u00a0\u00a0\u00a0\u00a0 Hadoop, QlikView, Big Data<\/p>\n<p>Support Engineer :\u00a0\u00a0\u00a0\u00a0\u00a0\u00a0\u00a0\u00a0\u00a0\u00a0\u00a0\u00a0\u00a0\u00a0\u00a0\u00a0\u00a0\u00a0\u00a0\u00a0\u00a0\u00a0\u00a0\u00a0\u00a0\u00a0\u00a0\u00a0\u00a0\u00a0\u00a0\u00a0\u00a0\u00a0\u00a0 Windows, Active Directory, Microsoft<\/p>\n<p>Net Developer\u00a0:\u00a0\u00a0\u00a0\u00a0\u00a0\u00a0\u00a0\u00a0\u00a0\u00a0\u00a0\u00a0\u00a0\u00a0\u00a0\u00a0\u00a0\u00a0\u00a0\u00a0\u00a0\u00a0\u00a0\u00a0\u00a0\u00a0\u00a0\u00a0\u00a0\u00a0\u00a0\u00a0\u00a0\u00a0\u00a0\u00a0\u00a0\u00a0\u00a0\u00a0 C#, .Net, Asp.net, WPF<\/p>\n<h3>Finance:<\/h3>\n<p>Payroll Officer\u00a0: \u00a0\u00a0\u00a0\u00a0\u00a0\u00a0\u00a0\u00a0\u00a0\u00a0\u00a0\u00a0\u00a0\u00a0\u00a0\u00a0\u00a0\u00a0\u00a0\u00a0\u00a0\u00a0\u00a0\u00a0\u00a0\u00a0\u00a0\u00a0\u00a0\u00a0\u00a0\u00a0\u00a0\u00a0\u00a0\u00a0\u00a0\u00a0\u00a0\u00a0 Payroll, salary, social law<\/p>\n<p>Conseiller financier: \u00a0\u00a0\u00a0\u00a0\u00a0\u00a0\u00a0\u00a0\u00a0\u00a0\u00a0\u00a0\u00a0\u00a0\u00a0\u00a0\u00a0\u00a0\u00a0\u00a0\u00a0\u00a0\u00a0\u00a0\u00a0\u00a0\u00a0\u00a0\u00a0\u00a0\u00a0\u00a0 Banque, investissement, client<\/p>\n<p>Gestionnaire Back Office Banques\u00a0: \u00a0\u00a0\u00a0\u00a0\u00a0\u00a0 March\u00e9 financier, analyse, banque<\/p>\n<p>Comptable \u00a0\u00a0\u00a0\u00a0\u00a0\u00a0\u00a0\u00a0\u00a0\u00a0\u00a0\u00a0\u00a0\u00a0\u00a0\u00a0\u00a0\u00a0\u00a0\u00a0\u00a0\u00a0\u00a0\u00a0\u00a0\u00a0\u00a0\u00a0\u00a0\u00a0\u00a0\u00a0\u00a0\u00a0\u00a0\u00a0\u00a0\u00a0\u00a0\u00a0\u00a0\u00a0\u00a0\u00a0\u00a0\u00a0\u00a0\u00a0 March\u00e9 financier, analyse, banque<\/p>\n<h3>Ing\u00e9nieurs\u00a0:<\/h3>\n<p>Project Quality Manager\u00a0\u00a0\u00a0\u00a0\u00a0\u00a0\u00a0\u00a0\u00a0\u00a0\u00a0\u00a0\u00a0\u00a0\u00a0\u00a0\u00a0\u00a0\u00a0\u00a0\u00a0\u00a0\u00a0\u00a0\u00a0 PDCA, Quality Management Plan, Gate review<\/p>\n<p>Supplier Quality Assurance Engineer\u00a0\u00a0\u00a0\u00a0\u00a0 Supplier quality, APQP, Root cause analysis<\/p>\n<p>Clinical Trial Assistant\u00a0\u00a0\u00a0\u00a0\u00a0\u00a0\u00a0\u00a0\u00a0\u00a0\u00a0\u00a0\u00a0\u00a0\u00a0\u00a0\u00a0\u00a0\u00a0\u00a0\u00a0\u00a0\u00a0\u00a0\u00a0\u00a0\u00a0\u00a0\u00a0\u00a0 Etudes cliniques, Case reports forms, GCP<\/p>\n<p>QC Consultant\u00a0\u00a0\u00a0\u00a0\u00a0\u00a0\u00a0\u00a0\u00a0\u00a0\u00a0\u00a0\u00a0\u00a0\u00a0\u00a0\u00a0\u00a0\u00a0\u00a0\u00a0\u00a0\u00a0\u00a0\u00a0\u00a0\u00a0\u00a0\u00a0\u00a0\u00a0\u00a0\u00a0\u00a0\u00a0\u00a0\u00a0\u00a0\u00a0\u00a0\u00a0\u00a0 GMP, Quality control, Relaese tests<\/p>\n<h5><strong><br \/>\n<\/strong>Quels sont les avantages de faire appel \u00e0 Experis ?<\/h5>\n<ul>\n<li>Experis Belgium fait partie des 11 soci\u00e9t\u00e9s certifi\u00e9es en Belgique par Federgon, ce qui garantit un processus de recrutement clair et une collaboration transparente.<\/li>\n<li>Le groupe Manpower et ses filiales en Belgique, dont Experis fait partie, dispose d\u2019une longue exp\u00e9rience de collaboration avec des ind\u00e9pendants \u2013 interim managers\u00a0: nous connaissons les avantages et contraintes de ce statut et pouvons r\u00e9pondre efficacement \u00e0 leurs demandes.<\/li>\n<li>Au sein d\u2019Experis Belgium, nous comptons actuellement de nombreux interim managers dans nos diff\u00e9rents verticaux\u00a0: il est possible de b\u00e9n\u00e9ficier de leurs conseils, de leur expertise en cas de besoin.<\/li>\n<li>Des questions pratiques durant une mission\u00a0? Discuter de futures opportunit\u00e9s d\u2019\u00e9volution ? Un consultant Experis d\u00e9di\u00e9 s\u2019occupe du suivi tout au long de la collaboration.<\/li>\n<li>Notre processus de facturation et de paiement est clair, flexible et transparent.<\/li>\n<li>Avec une implantation historique en Belgique, le groupe Manpower offre de nombreuses opportunit\u00e9s pour d\u00e9velopper son r\u00e9seau.<\/li>\n<\/ul>\n","protected":false},"excerpt":{"rendered":"<p>Vous \u00eates un interim manager exp\u00e9riment\u00e9, \u00e0 la recherche d\u2019une nouvelle mission\u00a0? Passez voir Experis\u00a0! Pour nos missions nous recherchons r\u00e9guli\u00e8rement des sp\u00e9cialistes avec des connaissances tr\u00e8s sp\u00e9cifiques telles que reprises ci-dessous\u00a0: ICT\u00a0: Java developer\u00a0:\u00a0\u00a0\u00a0\u00a0\u00a0\u00a0\u00a0\u00a0\u00a0\u00a0\u00a0\u00a0\u00a0\u00a0\u00a0\u00a0\u00a0\u00a0\u00a0\u00a0\u00a0\u00a0\u00a0\u00a0\u00a0\u00a0\u00a0\u00a0\u00a0\u00a0\u00a0\u00a0\u00a0\u00a0\u00a0\u00a0\u00a0\u00a0 J2EE, Hibernate, Sping DataScience\u00a0:\u00a0\u00a0\u00a0\u00a0\u00a0\u00a0\u00a0\u00a0\u00a0\u00a0\u00a0\u00a0\u00a0\u00a0\u00a0\u00a0\u00a0\u00a0\u00a0\u00a0\u00a0\u00a0\u00a0\u00a0\u00a0\u00a0\u00a0\u00a0\u00a0\u00a0\u00a0\u00a0\u00a0\u00a0\u00a0\u00a0\u00a0\u00a0\u00a0\u00a0\u00a0\u00a0\u00a0\u00a0\u00a0 Hadoop, QlikView, Big Data Support Engineer :\u00a0\u00a0\u00a0\u00a0\u00a0\u00a0\u00a0\u00a0\u00a0\u00a0\u00a0\u00a0\u00a0\u00a0\u00a0\u00a0\u00a0\u00a0\u00a0\u00a0\u00a0\u00a0\u00a0\u00a0\u00a0\u00a0\u00a0\u00a0\u00a0\u00a0\u00a0\u00a0\u00a0\u00a0\u00a0 Windows, Active Directory, Microsoft Net Developer\u00a0:\u00a0\u00a0\u00a0\u00a0\u00a0\u00a0\u00a0\u00a0\u00a0\u00a0\u00a0\u00a0\u00a0\u00a0\u00a0\u00a0\u00a0\u00a0\u00a0\u00a0\u00a0\u00a0\u00a0\u00a0\u00a0\u00a0\u00a0\u00a0\u00a0\u00a0\u00a0\u00a0\u00a0\u00a0\u00a0\u00a0\u00a0\u00a0\u00a0\u00a0 C#, .Net, Asp.net, &hellip; <a href=\"https:\/\/experis.lu\/fr\/interim-managers\/\" class=\"more-link\">Continuer la lecture<span class=\"screen-reader-text\"> de &laquo;&nbsp;Interim managers&nbsp;&raquo;<\/span><\/a><\/p>\n","protected":false},"author":83,"featured_media":0,"parent":0,"menu_order":0,"comment_status":"closed","ping_status":"closed","template":"","meta":{"footnotes":""},"class_list":["post-3493","page","type-page","status-publish","hentry"],"yoast_head":"<!-- This site is optimized with the Yoast SEO plugin v27.3 - https:\/\/yoast.com\/product\/yoast-seo-wordpress\/ -->\n<title>Interim managers - Experis Luxembourg<\/title>\n<meta name=\"description\" content=\"Vous \u00eates un interim manager exp\u00e9riment\u00e9, \u00e0 la recherche d\u2019une nouvelle mission ? Nous recherchons r\u00e9guli\u00e8rement des sp\u00e9cialistes.\" \/>\n<meta name=\"robots\" content=\"index, follow, max-snippet:-1, max-image-preview:large, max-video-preview:-1\" \/>\n<link rel=\"canonical\" href=\"https:\/\/experis.lu\/fr\/interim-managers\/\" \/>\n<meta property=\"og:locale\" content=\"fr_FR\" \/>\n<meta property=\"og:type\" content=\"article\" \/>\n<meta property=\"og:title\" content=\"Interim managers - Experis Luxembourg\" \/>\n<meta property=\"og:description\" content=\"Vous \u00eates un interim manager exp\u00e9riment\u00e9, \u00e0 la recherche d\u2019une nouvelle mission ? Nous recherchons r\u00e9guli\u00e8rement des sp\u00e9cialistes.\" \/>\n<meta property=\"og:url\" content=\"https:\/\/experis.lu\/fr\/interim-managers\/\" \/>\n<meta property=\"article:modified_time\" content=\"2017-02-15T09:40:22+00:00\" \/>\n<meta name=\"twitter:card\" content=\"summary_large_image\" \/>\n<meta name=\"twitter:label1\" content=\"Dur\u00e9e de lecture estim\u00e9e\" \/>\n\t<meta name=\"twitter:data1\" content=\"1 minute\" \/>\n<script type=\"application\/ld+json\" class=\"yoast-schema-graph\">{\"@context\":\"https:\\\/\\\/schema.org\",\"@graph\":[{\"@type\":\"WebPage\",\"@id\":\"https:\\\/\\\/experis.lu\\\/fr\\\/interim-managers\\\/\",\"url\":\"https:\\\/\\\/experis.lu\\\/fr\\\/interim-managers\\\/\",\"name\":\"Interim managers - Experis Luxembourg\",\"isPartOf\":{\"@id\":\"https:\\\/\\\/experis.lu\\\/#website\"},\"datePublished\":\"2016-12-29T10:42:05+00:00\",\"dateModified\":\"2017-02-15T09:40:22+00:00\",\"description\":\"Vous \u00eates un interim manager exp\u00e9riment\u00e9, \u00e0 la recherche d\u2019une nouvelle mission ? Nous recherchons r\u00e9guli\u00e8rement des sp\u00e9cialistes.\",\"breadcrumb\":{\"@id\":\"https:\\\/\\\/experis.lu\\\/fr\\\/interim-managers\\\/#breadcrumb\"},\"inLanguage\":\"fr-FR\",\"potentialAction\":[{\"@type\":\"ReadAction\",\"target\":[\"https:\\\/\\\/experis.lu\\\/fr\\\/interim-managers\\\/\"]}]},{\"@type\":\"BreadcrumbList\",\"@id\":\"https:\\\/\\\/experis.lu\\\/fr\\\/interim-managers\\\/#breadcrumb\",\"itemListElement\":[{\"@type\":\"ListItem\",\"position\":1,\"name\":\"Home\",\"item\":\"https:\\\/\\\/experis.lu\\\/fr\\\/\"},{\"@type\":\"ListItem\",\"position\":2,\"name\":\"Interim managers\"}]},{\"@type\":\"WebSite\",\"@id\":\"https:\\\/\\\/experis.lu\\\/#website\",\"url\":\"https:\\\/\\\/experis.lu\\\/\",\"name\":\"\",\"description\":\"\",\"potentialAction\":[{\"@type\":\"SearchAction\",\"target\":{\"@type\":\"EntryPoint\",\"urlTemplate\":\"https:\\\/\\\/experis.lu\\\/?s={search_term_string}\"},\"query-input\":{\"@type\":\"PropertyValueSpecification\",\"valueRequired\":true,\"valueName\":\"search_term_string\"}}],\"inLanguage\":\"fr-FR\"}]}<\/script>\n<!-- \/ Yoast SEO plugin. -->","yoast_head_json":{"title":"Interim managers - Experis Luxembourg","description":"Vous \u00eates un interim manager exp\u00e9riment\u00e9, \u00e0 la recherche d\u2019une nouvelle mission ? Nous recherchons r\u00e9guli\u00e8rement des sp\u00e9cialistes.","robots":{"index":"index","follow":"follow","max-snippet":"max-snippet:-1","max-image-preview":"max-image-preview:large","max-video-preview":"max-video-preview:-1"},"canonical":"https:\/\/experis.lu\/fr\/interim-managers\/","og_locale":"fr_FR","og_type":"article","og_title":"Interim managers - Experis Luxembourg","og_description":"Vous \u00eates un interim manager exp\u00e9riment\u00e9, \u00e0 la recherche d\u2019une nouvelle mission ? Nous recherchons r\u00e9guli\u00e8rement des sp\u00e9cialistes.","og_url":"https:\/\/experis.lu\/fr\/interim-managers\/","article_modified_time":"2017-02-15T09:40:22+00:00","twitter_card":"summary_large_image","twitter_misc":{"Dur\u00e9e de lecture estim\u00e9e":"1 minute"},"schema":{"@context":"https:\/\/schema.org","@graph":[{"@type":"WebPage","@id":"https:\/\/experis.lu\/fr\/interim-managers\/","url":"https:\/\/experis.lu\/fr\/interim-managers\/","name":"Interim managers - Experis Luxembourg","isPartOf":{"@id":"https:\/\/experis.lu\/#website"},"datePublished":"2016-12-29T10:42:05+00:00","dateModified":"2017-02-15T09:40:22+00:00","description":"Vous \u00eates un interim manager exp\u00e9riment\u00e9, \u00e0 la recherche d\u2019une nouvelle mission ? Nous recherchons r\u00e9guli\u00e8rement des sp\u00e9cialistes.","breadcrumb":{"@id":"https:\/\/experis.lu\/fr\/interim-managers\/#breadcrumb"},"inLanguage":"fr-FR","potentialAction":[{"@type":"ReadAction","target":["https:\/\/experis.lu\/fr\/interim-managers\/"]}]},{"@type":"BreadcrumbList","@id":"https:\/\/experis.lu\/fr\/interim-managers\/#breadcrumb","itemListElement":[{"@type":"ListItem","position":1,"name":"Home","item":"https:\/\/experis.lu\/fr\/"},{"@type":"ListItem","position":2,"name":"Interim managers"}]},{"@type":"WebSite","@id":"https:\/\/experis.lu\/#website","url":"https:\/\/experis.lu\/","name":"","description":"","potentialAction":[{"@type":"SearchAction","target":{"@type":"EntryPoint","urlTemplate":"https:\/\/experis.lu\/?s={search_term_string}"},"query-input":{"@type":"PropertyValueSpecification","valueRequired":true,"valueName":"search_term_string"}}],"inLanguage":"fr-FR"}]}},"_links":{"self":[{"href":"https:\/\/experis.lu\/fr\/wp-json\/wp\/v2\/pages\/3493","targetHints":{"allow":["GET"]}}],"collection":[{"href":"https:\/\/experis.lu\/fr\/wp-json\/wp\/v2\/pages"}],"about":[{"href":"https:\/\/experis.lu\/fr\/wp-json\/wp\/v2\/types\/page"}],"author":[{"embeddable":true,"href":"https:\/\/experis.lu\/fr\/wp-json\/wp\/v2\/users\/83"}],"replies":[{"embeddable":true,"href":"https:\/\/experis.lu\/fr\/wp-json\/wp\/v2\/comments?post=3493"}],"version-history":[{"count":0,"href":"https:\/\/experis.lu\/fr\/wp-json\/wp\/v2\/pages\/3493\/revisions"}],"wp:attachment":[{"href":"https:\/\/experis.lu\/fr\/wp-json\/wp\/v2\/media?parent=3493"}],"curies":[{"name":"wp","href":"https:\/\/api.w.org\/{rel}","templated":true}]}}