
{"id":3485,"date":"2016-12-29T10:33:31","date_gmt":"2016-12-29T10:33:31","guid":{"rendered":"http:\/\/experislvh.cluster023.hosting.ovh.net\/fr\/?page_id=3485"},"modified":"2017-07-17T07:59:19","modified_gmt":"2017-07-17T07:59:19","slug":"consultants","status":"publish","type":"page","link":"https:\/\/experis.lu\/fr\/consultants\/","title":{"rendered":"Consultants"},"content":{"rendered":"<p>Vous appr\u00e9ciez travailler pour diff\u00e9rents clients, mais vous cherchez la s\u00e9curit\u00e9 d&rsquo;un employeur fixe ? Vous \u00eates un vrai professionnel Experis !<\/p>\n<h5>Pourquoi faire confiance \u00e0 Experis ?<\/h5>\n<p><b>D\u00e9veloppement personnel et missions appropri\u00e9es<br \/>\n<\/b>En tant que professionnel Experis, vous travaillez pour Experis mais sur diff\u00e9rentes missions dans diverses organisations. Nous recherchons pour vous des missions appropri\u00e9es et continuons \u00e9galement \u00e0 vous guider dans votre d\u00e9veloppement personnel. Nous \u00e9valuons ensemble votre mission avant, pendant et apr\u00e8s.<\/p>\n<p><b>Construire votre r\u00e9seau<br \/>\n<\/b>Vous \u00eates au c\u0153ur d&rsquo;un r\u00e9seau de professionnels qui, tout comme vous, veulent r\u00e9aliser leurs propres ambitions en s\u2019engageant sur diverses missions. Un r\u00e9seau qui constitue une mine d\u2019or d\u2019informations sur des clients, projets, sur le champ de vos possibilit\u00e9s et formations, qu\u2019ils partageront volontiers avec vous. L&rsquo;\u00e9change d\u2019informations va dans les deux sens. Nous attendons de vous que vous partagiez \u00e9galement vos connaissances et que vous \u00e9tablissiez des relations avec d&rsquo;autres professionnels Experis.<\/p>\n","protected":false},"excerpt":{"rendered":"<p>Vous appr\u00e9ciez travailler pour diff\u00e9rents clients, mais vous cherchez la s\u00e9curit\u00e9 d&rsquo;un employeur fixe ? Vous \u00eates un vrai professionnel Experis ! Pourquoi faire confiance \u00e0 Experis ? D\u00e9veloppement personnel et missions appropri\u00e9es En tant que professionnel Experis, vous travaillez pour Experis mais sur diff\u00e9rentes missions dans diverses organisations. Nous recherchons pour vous des missions &hellip; <a href=\"https:\/\/experis.lu\/fr\/consultants\/\" class=\"more-link\">Continuer la lecture<span class=\"screen-reader-text\"> de &laquo;&nbsp;Consultants&nbsp;&raquo;<\/span><\/a><\/p>\n","protected":false},"author":83,"featured_media":0,"parent":0,"menu_order":0,"comment_status":"closed","ping_status":"closed","template":"","meta":{"footnotes":""},"class_list":["post-3485","page","type-page","status-publish","hentry"],"yoast_head":"<!-- This site is optimized with the Yoast SEO plugin v27.3 - https:\/\/yoast.com\/product\/yoast-seo-wordpress\/ -->\n<title>Consultants - Experis Luxembourg<\/title>\n<meta name=\"description\" content=\"Vous appr\u00e9ciez travailler pour diff\u00e9rents clients, mais vous cherchez la s\u00e9curit\u00e9 d&#039;un employeur fixe ? Vous \u00eates un vrai professionnel Experis !\" \/>\n<meta name=\"robots\" content=\"index, follow, max-snippet:-1, max-image-preview:large, max-video-preview:-1\" \/>\n<link rel=\"canonical\" href=\"https:\/\/experis.lu\/fr\/consultants\/\" \/>\n<meta property=\"og:locale\" content=\"fr_FR\" \/>\n<meta property=\"og:type\" content=\"article\" \/>\n<meta property=\"og:title\" content=\"Consultants - Experis Luxembourg\" \/>\n<meta property=\"og:description\" content=\"Vous appr\u00e9ciez travailler pour diff\u00e9rents clients, mais vous cherchez la s\u00e9curit\u00e9 d&#039;un employeur fixe ? Vous \u00eates un vrai professionnel Experis !\" \/>\n<meta property=\"og:url\" content=\"https:\/\/experis.lu\/fr\/consultants\/\" \/>\n<meta property=\"article:modified_time\" content=\"2017-07-17T07:59:19+00:00\" \/>\n<meta name=\"twitter:card\" content=\"summary_large_image\" \/>\n<meta name=\"twitter:label1\" content=\"Dur\u00e9e de lecture estim\u00e9e\" \/>\n\t<meta name=\"twitter:data1\" content=\"1 minute\" \/>\n<script type=\"application\/ld+json\" class=\"yoast-schema-graph\">{\"@context\":\"https:\\\/\\\/schema.org\",\"@graph\":[{\"@type\":\"WebPage\",\"@id\":\"https:\\\/\\\/experis.lu\\\/fr\\\/consultants\\\/\",\"url\":\"https:\\\/\\\/experis.lu\\\/fr\\\/consultants\\\/\",\"name\":\"Consultants - Experis Luxembourg\",\"isPartOf\":{\"@id\":\"https:\\\/\\\/experis.lu\\\/#website\"},\"datePublished\":\"2016-12-29T10:33:31+00:00\",\"dateModified\":\"2017-07-17T07:59:19+00:00\",\"description\":\"Vous appr\u00e9ciez travailler pour diff\u00e9rents clients, mais vous cherchez la s\u00e9curit\u00e9 d'un employeur fixe ? Vous \u00eates un vrai professionnel Experis !\",\"breadcrumb\":{\"@id\":\"https:\\\/\\\/experis.lu\\\/fr\\\/consultants\\\/#breadcrumb\"},\"inLanguage\":\"fr-FR\",\"potentialAction\":[{\"@type\":\"ReadAction\",\"target\":[\"https:\\\/\\\/experis.lu\\\/fr\\\/consultants\\\/\"]}]},{\"@type\":\"BreadcrumbList\",\"@id\":\"https:\\\/\\\/experis.lu\\\/fr\\\/consultants\\\/#breadcrumb\",\"itemListElement\":[{\"@type\":\"ListItem\",\"position\":1,\"name\":\"Home\",\"item\":\"https:\\\/\\\/experis.lu\\\/fr\\\/\"},{\"@type\":\"ListItem\",\"position\":2,\"name\":\"Consultants\"}]},{\"@type\":\"WebSite\",\"@id\":\"https:\\\/\\\/experis.lu\\\/#website\",\"url\":\"https:\\\/\\\/experis.lu\\\/\",\"name\":\"\",\"description\":\"\",\"potentialAction\":[{\"@type\":\"SearchAction\",\"target\":{\"@type\":\"EntryPoint\",\"urlTemplate\":\"https:\\\/\\\/experis.lu\\\/?s={search_term_string}\"},\"query-input\":{\"@type\":\"PropertyValueSpecification\",\"valueRequired\":true,\"valueName\":\"search_term_string\"}}],\"inLanguage\":\"fr-FR\"}]}<\/script>\n<!-- \/ Yoast SEO plugin. -->","yoast_head_json":{"title":"Consultants - Experis Luxembourg","description":"Vous appr\u00e9ciez travailler pour diff\u00e9rents clients, mais vous cherchez la s\u00e9curit\u00e9 d'un employeur fixe ? Vous \u00eates un vrai professionnel Experis !","robots":{"index":"index","follow":"follow","max-snippet":"max-snippet:-1","max-image-preview":"max-image-preview:large","max-video-preview":"max-video-preview:-1"},"canonical":"https:\/\/experis.lu\/fr\/consultants\/","og_locale":"fr_FR","og_type":"article","og_title":"Consultants - Experis Luxembourg","og_description":"Vous appr\u00e9ciez travailler pour diff\u00e9rents clients, mais vous cherchez la s\u00e9curit\u00e9 d'un employeur fixe ? Vous \u00eates un vrai professionnel Experis !","og_url":"https:\/\/experis.lu\/fr\/consultants\/","article_modified_time":"2017-07-17T07:59:19+00:00","twitter_card":"summary_large_image","twitter_misc":{"Dur\u00e9e de lecture estim\u00e9e":"1 minute"},"schema":{"@context":"https:\/\/schema.org","@graph":[{"@type":"WebPage","@id":"https:\/\/experis.lu\/fr\/consultants\/","url":"https:\/\/experis.lu\/fr\/consultants\/","name":"Consultants - Experis Luxembourg","isPartOf":{"@id":"https:\/\/experis.lu\/#website"},"datePublished":"2016-12-29T10:33:31+00:00","dateModified":"2017-07-17T07:59:19+00:00","description":"Vous appr\u00e9ciez travailler pour diff\u00e9rents clients, mais vous cherchez la s\u00e9curit\u00e9 d'un employeur fixe ? Vous \u00eates un vrai professionnel Experis !","breadcrumb":{"@id":"https:\/\/experis.lu\/fr\/consultants\/#breadcrumb"},"inLanguage":"fr-FR","potentialAction":[{"@type":"ReadAction","target":["https:\/\/experis.lu\/fr\/consultants\/"]}]},{"@type":"BreadcrumbList","@id":"https:\/\/experis.lu\/fr\/consultants\/#breadcrumb","itemListElement":[{"@type":"ListItem","position":1,"name":"Home","item":"https:\/\/experis.lu\/fr\/"},{"@type":"ListItem","position":2,"name":"Consultants"}]},{"@type":"WebSite","@id":"https:\/\/experis.lu\/#website","url":"https:\/\/experis.lu\/","name":"","description":"","potentialAction":[{"@type":"SearchAction","target":{"@type":"EntryPoint","urlTemplate":"https:\/\/experis.lu\/?s={search_term_string}"},"query-input":{"@type":"PropertyValueSpecification","valueRequired":true,"valueName":"search_term_string"}}],"inLanguage":"fr-FR"}]}},"_links":{"self":[{"href":"https:\/\/experis.lu\/fr\/wp-json\/wp\/v2\/pages\/3485","targetHints":{"allow":["GET"]}}],"collection":[{"href":"https:\/\/experis.lu\/fr\/wp-json\/wp\/v2\/pages"}],"about":[{"href":"https:\/\/experis.lu\/fr\/wp-json\/wp\/v2\/types\/page"}],"author":[{"embeddable":true,"href":"https:\/\/experis.lu\/fr\/wp-json\/wp\/v2\/users\/83"}],"replies":[{"embeddable":true,"href":"https:\/\/experis.lu\/fr\/wp-json\/wp\/v2\/comments?post=3485"}],"version-history":[{"count":3,"href":"https:\/\/experis.lu\/fr\/wp-json\/wp\/v2\/pages\/3485\/revisions"}],"predecessor-version":[{"id":57011,"href":"https:\/\/experis.lu\/fr\/wp-json\/wp\/v2\/pages\/3485\/revisions\/57011"}],"wp:attachment":[{"href":"https:\/\/experis.lu\/fr\/wp-json\/wp\/v2\/media?parent=3485"}],"curies":[{"name":"wp","href":"https:\/\/api.w.org\/{rel}","templated":true}]}}