
{"id":3479,"date":"2016-12-29T10:29:44","date_gmt":"2016-12-29T10:29:44","guid":{"rendered":"http:\/\/experislvh.cluster023.hosting.ovh.net\/fr\/?page_id=3479"},"modified":"2017-07-17T08:32:34","modified_gmt":"2017-07-17T08:32:34","slug":"freelances-interim-managers","status":"publish","type":"page","link":"https:\/\/experis.lu\/fr\/freelances-interim-managers\/","title":{"rendered":"Freelances \/ Interim Managers"},"content":{"rendered":"<h5>Freelances<\/h5>\n<p>Lancement d\u2019un nouveau produit, digitalisation des activit\u00e9s, expertise logicielle, construction d\u2019une nouvelle unit\u00e9 de production, recrutement de profils niches, gestion du changement\u2026 De nombreuses entreprises, PME et structures internationales font appel aux ind\u00e9pendants pour r\u00e9pondre \u00e0 des besoins sp\u00e9cifiques qui n\u00e9cessitent une expertise reconnue.<\/p>\n<h5>Pourquoi faire confiance \u00e0 Experis ?<\/h5>\n<p>En tant que sp\u00e9cialiste des solutions RH, Experis propose des conseils, des opportunit\u00e9s de mission et un suivi personnalis\u00e9 dans nos trois domaines d\u2019activit\u00e9s : Finance &amp; Ressources humaines, ICT et Ing\u00e9nierie &amp; sciences de la vie.<\/p>\n<h5>Interim Managers<\/h5>\n<p>Vous \u00eates un Interim manager exp\u00e9riment\u00e9, \u00e0 la recherche d\u2019une nouvelle mission ? Passez voir Experis !<br \/>\nPour nos missions nous recherchons r\u00e9guli\u00e8rement des sp\u00e9cialistes avec des connaissances tr\u00e8s sp\u00e9cifiques telles que reprises ci-dessous :<\/p>\n<p><span style=\"text-decoration: underline;\">ICT :<\/span><\/p>\n<p>Java developer : J2EE, Hibernate, Sping<br \/>\nDataScience : Hadoop, QlikView, Big Data<br \/>\nSupport <span style=\"text-decoration: underline;\">Engineer<\/span> : Windows, Active Directory, Microsoft<br \/>\nNet Developer : C#, .Net, Asp.net, WPF<\/p>\n<p><span style=\"text-decoration: underline;\">Finance :<\/span><\/p>\n<p>Payroll Officer : Payroll, salary, social law<br \/>\nConseiller financier : Banque, investissement, client<br \/>\nGestionnaire Back Office Banques : March\u00e9 financier, analyse, banque<br \/>\nComptable : March\u00e9 financier, analyse, banque<\/p>\n<p><span style=\"text-decoration: underline;\">Ing\u00e9nieurs :<\/span><\/p>\n<p>Project Quality Manager : PDCA, Quality Management Plan, Gate review<br \/>\nSupplier Quality Assurance Engineer : Supplier quality, APQP, Root cause analysis<br \/>\nClinical Trial Assistant : Etudes cliniques, Case reports forms, GCP<br \/>\nQC Consultant : GMP, Quality control, Relaese tests<\/p>\n<h5>Pourquoi faire confiance \u00e0 Experis ?<\/h5>\n<ul>\n<li>Experis fait partie des rares \u00a0soci\u00e9t\u00e9s certifi\u00e9es en Belgique par Federgon pour l\u2019Interim Management, ce qui garantit un processus de recrutement clair et une collaboration transparente.<\/li>\n<li>ManpowerGroup et ses filiales en Belgique, dont Experis fait partie, dispose d\u2019une longue exp\u00e9rience de collaboration avec des ind\u00e9pendants \u2013 Interim managers : nous connaissons les avantages et contraintes de ce statut et pouvons r\u00e9pondre efficacement \u00e0 vos demandes.<\/li>\n<li>Au sein d\u2019Experis Belgium, nous comptons actuellement de nombreux Interim managers actifs dans diff\u00e9rents secteurs : il est possible de b\u00e9n\u00e9ficier de leurs conseils, de leur expertise en cas de besoin.<\/li>\n<li>Des questions pratiques durant une mission ? Discuter de futures opportunit\u00e9s d\u2019\u00e9volution ? Un consultant Experis d\u00e9di\u00e9 restera votre point de contact tout au long de notre collaboration.<\/li>\n<li>Notre processus de facturation et de paiement est transparent.<\/li>\n<li>Implant\u00e9 depuis 45 ans en Belgique, ManpowerGroup vous permet de d\u00e9velopper encore votre r\u00e9seau<\/li>\n<\/ul>\n","protected":false},"excerpt":{"rendered":"<p>Freelances Lancement d\u2019un nouveau produit, digitalisation des activit\u00e9s, expertise logicielle, construction d\u2019une nouvelle unit\u00e9 de production, recrutement de profils niches, gestion du changement\u2026 De nombreuses entreprises, PME et structures internationales font appel aux ind\u00e9pendants pour r\u00e9pondre \u00e0 des besoins sp\u00e9cifiques qui n\u00e9cessitent une expertise reconnue. Pourquoi faire confiance \u00e0 Experis ? En tant que sp\u00e9cialiste &hellip; <a href=\"https:\/\/experis.lu\/fr\/freelances-interim-managers\/\" class=\"more-link\">Continuer la lecture<span class=\"screen-reader-text\"> de &laquo;&nbsp;Freelances \/ Interim Managers&nbsp;&raquo;<\/span><\/a><\/p>\n","protected":false},"author":83,"featured_media":0,"parent":0,"menu_order":0,"comment_status":"closed","ping_status":"closed","template":"","meta":{"footnotes":""},"class_list":["post-3479","page","type-page","status-publish","hentry"],"yoast_head":"<!-- This site is optimized with the Yoast SEO plugin v27.3 - https:\/\/yoast.com\/product\/yoast-seo-wordpress\/ -->\n<title>Freelances \/ Interim Managers - Experis Luxembourg<\/title>\n<meta name=\"description\" content=\"Lancement d\u2019un nouveau produit, digitalisation des activit\u00e9s, expertise logicielle, construction d\u2019une nouvelle unit\u00e9 de production, recrutement\u2026\" \/>\n<meta name=\"robots\" content=\"index, follow, max-snippet:-1, max-image-preview:large, max-video-preview:-1\" \/>\n<link rel=\"canonical\" href=\"https:\/\/experis.lu\/fr\/freelances-interim-managers\/\" \/>\n<meta property=\"og:locale\" content=\"fr_FR\" \/>\n<meta property=\"og:type\" content=\"article\" \/>\n<meta property=\"og:title\" content=\"Freelances \/ Interim Managers - Experis Luxembourg\" \/>\n<meta property=\"og:description\" content=\"Lancement d\u2019un nouveau produit, digitalisation des activit\u00e9s, expertise logicielle, construction d\u2019une nouvelle unit\u00e9 de production, recrutement\u2026\" \/>\n<meta property=\"og:url\" content=\"https:\/\/experis.lu\/fr\/freelances-interim-managers\/\" \/>\n<meta property=\"article:modified_time\" content=\"2017-07-17T08:32:34+00:00\" \/>\n<meta name=\"twitter:card\" content=\"summary_large_image\" \/>\n<meta name=\"twitter:label1\" content=\"Dur\u00e9e de lecture estim\u00e9e\" \/>\n\t<meta name=\"twitter:data1\" content=\"2 minutes\" \/>\n<script type=\"application\/ld+json\" class=\"yoast-schema-graph\">{\"@context\":\"https:\\\/\\\/schema.org\",\"@graph\":[{\"@type\":\"WebPage\",\"@id\":\"https:\\\/\\\/experis.lu\\\/fr\\\/freelances-interim-managers\\\/\",\"url\":\"https:\\\/\\\/experis.lu\\\/fr\\\/freelances-interim-managers\\\/\",\"name\":\"Freelances \\\/ Interim Managers - Experis Luxembourg\",\"isPartOf\":{\"@id\":\"https:\\\/\\\/experis.lu\\\/#website\"},\"datePublished\":\"2016-12-29T10:29:44+00:00\",\"dateModified\":\"2017-07-17T08:32:34+00:00\",\"description\":\"Lancement d\u2019un nouveau produit, digitalisation des activit\u00e9s, expertise logicielle, construction d\u2019une nouvelle unit\u00e9 de production, recrutement\u2026\",\"breadcrumb\":{\"@id\":\"https:\\\/\\\/experis.lu\\\/fr\\\/freelances-interim-managers\\\/#breadcrumb\"},\"inLanguage\":\"fr-FR\",\"potentialAction\":[{\"@type\":\"ReadAction\",\"target\":[\"https:\\\/\\\/experis.lu\\\/fr\\\/freelances-interim-managers\\\/\"]}]},{\"@type\":\"BreadcrumbList\",\"@id\":\"https:\\\/\\\/experis.lu\\\/fr\\\/freelances-interim-managers\\\/#breadcrumb\",\"itemListElement\":[{\"@type\":\"ListItem\",\"position\":1,\"name\":\"Home\",\"item\":\"https:\\\/\\\/experis.lu\\\/fr\\\/\"},{\"@type\":\"ListItem\",\"position\":2,\"name\":\"Freelances \\\/ Interim Managers\"}]},{\"@type\":\"WebSite\",\"@id\":\"https:\\\/\\\/experis.lu\\\/#website\",\"url\":\"https:\\\/\\\/experis.lu\\\/\",\"name\":\"\",\"description\":\"\",\"potentialAction\":[{\"@type\":\"SearchAction\",\"target\":{\"@type\":\"EntryPoint\",\"urlTemplate\":\"https:\\\/\\\/experis.lu\\\/?s={search_term_string}\"},\"query-input\":{\"@type\":\"PropertyValueSpecification\",\"valueRequired\":true,\"valueName\":\"search_term_string\"}}],\"inLanguage\":\"fr-FR\"}]}<\/script>\n<!-- \/ Yoast SEO plugin. -->","yoast_head_json":{"title":"Freelances \/ Interim Managers - Experis Luxembourg","description":"Lancement d\u2019un nouveau produit, digitalisation des activit\u00e9s, expertise logicielle, construction d\u2019une nouvelle unit\u00e9 de production, recrutement\u2026","robots":{"index":"index","follow":"follow","max-snippet":"max-snippet:-1","max-image-preview":"max-image-preview:large","max-video-preview":"max-video-preview:-1"},"canonical":"https:\/\/experis.lu\/fr\/freelances-interim-managers\/","og_locale":"fr_FR","og_type":"article","og_title":"Freelances \/ Interim Managers - Experis Luxembourg","og_description":"Lancement d\u2019un nouveau produit, digitalisation des activit\u00e9s, expertise logicielle, construction d\u2019une nouvelle unit\u00e9 de production, recrutement\u2026","og_url":"https:\/\/experis.lu\/fr\/freelances-interim-managers\/","article_modified_time":"2017-07-17T08:32:34+00:00","twitter_card":"summary_large_image","twitter_misc":{"Dur\u00e9e de lecture estim\u00e9e":"2 minutes"},"schema":{"@context":"https:\/\/schema.org","@graph":[{"@type":"WebPage","@id":"https:\/\/experis.lu\/fr\/freelances-interim-managers\/","url":"https:\/\/experis.lu\/fr\/freelances-interim-managers\/","name":"Freelances \/ Interim Managers - Experis Luxembourg","isPartOf":{"@id":"https:\/\/experis.lu\/#website"},"datePublished":"2016-12-29T10:29:44+00:00","dateModified":"2017-07-17T08:32:34+00:00","description":"Lancement d\u2019un nouveau produit, digitalisation des activit\u00e9s, expertise logicielle, construction d\u2019une nouvelle unit\u00e9 de production, recrutement\u2026","breadcrumb":{"@id":"https:\/\/experis.lu\/fr\/freelances-interim-managers\/#breadcrumb"},"inLanguage":"fr-FR","potentialAction":[{"@type":"ReadAction","target":["https:\/\/experis.lu\/fr\/freelances-interim-managers\/"]}]},{"@type":"BreadcrumbList","@id":"https:\/\/experis.lu\/fr\/freelances-interim-managers\/#breadcrumb","itemListElement":[{"@type":"ListItem","position":1,"name":"Home","item":"https:\/\/experis.lu\/fr\/"},{"@type":"ListItem","position":2,"name":"Freelances \/ Interim Managers"}]},{"@type":"WebSite","@id":"https:\/\/experis.lu\/#website","url":"https:\/\/experis.lu\/","name":"","description":"","potentialAction":[{"@type":"SearchAction","target":{"@type":"EntryPoint","urlTemplate":"https:\/\/experis.lu\/?s={search_term_string}"},"query-input":{"@type":"PropertyValueSpecification","valueRequired":true,"valueName":"search_term_string"}}],"inLanguage":"fr-FR"}]}},"_links":{"self":[{"href":"https:\/\/experis.lu\/fr\/wp-json\/wp\/v2\/pages\/3479","targetHints":{"allow":["GET"]}}],"collection":[{"href":"https:\/\/experis.lu\/fr\/wp-json\/wp\/v2\/pages"}],"about":[{"href":"https:\/\/experis.lu\/fr\/wp-json\/wp\/v2\/types\/page"}],"author":[{"embeddable":true,"href":"https:\/\/experis.lu\/fr\/wp-json\/wp\/v2\/users\/83"}],"replies":[{"embeddable":true,"href":"https:\/\/experis.lu\/fr\/wp-json\/wp\/v2\/comments?post=3479"}],"version-history":[{"count":7,"href":"https:\/\/experis.lu\/fr\/wp-json\/wp\/v2\/pages\/3479\/revisions"}],"predecessor-version":[{"id":57014,"href":"https:\/\/experis.lu\/fr\/wp-json\/wp\/v2\/pages\/3479\/revisions\/57014"}],"wp:attachment":[{"href":"https:\/\/experis.lu\/fr\/wp-json\/wp\/v2\/media?parent=3479"}],"curies":[{"name":"wp","href":"https:\/\/api.w.org\/{rel}","templated":true}]}}