
{"id":3472,"date":"2016-12-29T10:23:33","date_gmt":"2016-12-29T10:23:33","guid":{"rendered":"http:\/\/experislvh.cluster023.hosting.ovh.net\/fr\/?page_id=3472"},"modified":"2017-08-07T06:49:54","modified_gmt":"2017-08-07T06:49:54","slug":"cross-border","status":"publish","type":"page","link":"https:\/\/experis.lu\/fr\/cross-border\/","title":{"rendered":"Cross-border"},"content":{"rendered":"<p>Carrefour multiculturel, situ\u00e9 \u00e0 moins de 2 heures des principales capitales europ\u00e9ennes, la Belgique d\u00e9veloppe depuis longtemps une tradition d\u2019accueil des travailleurs \u00e9trangers. Au sein des institutions publiques, ou d\u2019entreprises internationales et locales, de nombreuses opportunit\u00e9s se pr\u00e9sentent pour les talents venus du monde entier.<\/p>\n<p>Depuis longtemps conscient de cette r\u00e9alit\u00e9, Experis a d\u00e9velopp\u00e9 un savoir-faire sp\u00e9cifique en la mati\u00e8re et accueille aujourd\u2019hui des personnes originaires de toute l\u2019Union europ\u00e9enne, mais aussi de plus loin (Turquie, Br\u00e9sil, Inde, Tunisie\u2026).<\/p>\n<h5>Pourquoi faire confiance \u00e0 Experis ?<\/h5>\n<ul>\n<li>Nous vous \u00a0accompagnons tout au long du processus de recrutement, que nous rendons le plus flexible possible : \u00e9changes et entretiens par t\u00e9l\u00e9phone ou vid\u00e9o-conf\u00e9rence, r\u00e9ponse \u00e0 vos questions sur les sp\u00e9cificit\u00e9s de la Belgique (linguistiques, culturelles, salariales\u2026), coaching avant un \u00e9ventuel entretien chez l\u2019un de nos clients<\/li>\n<li>Vous \u00eates retenu pour un emploi en Belgique \u00a0? Nous vous apportons notre soutien dans vos d\u00e9marches administratives et l\u2019obtention de tous les documents n\u00e9cessaires (visas, permis de travail, etc.) Une fois les documents obtenus et le contrat de travail sign\u00e9, nous vous aidons \u00e0 vous installer\u00a0: o\u00f9 trouver un logement, comment ouvrir un compte bancaire, quels sont les fournisseurs d\u2019eau et d\u2019\u00e9lectricit\u00e9, etc.?<\/li>\n<li>Des questions sp\u00e9cifiques sur la vie et le travail en Belgique ? Nous pouvons vous mettre en relation avec notre r\u00e9seau de consultants venus de l\u2019\u00e9tranger pour des conseils pratiques, un retour sur leur exp\u00e9rience personnelle, etc.<\/li>\n<\/ul>\n","protected":false},"excerpt":{"rendered":"<p>Carrefour multiculturel, situ\u00e9 \u00e0 moins de 2 heures des principales capitales europ\u00e9ennes, la Belgique d\u00e9veloppe depuis longtemps une tradition d\u2019accueil des travailleurs \u00e9trangers. Au sein des institutions publiques, ou d\u2019entreprises internationales et locales, de nombreuses opportunit\u00e9s se pr\u00e9sentent pour les talents venus du monde entier. Depuis longtemps conscient de cette r\u00e9alit\u00e9, Experis a d\u00e9velopp\u00e9 un &hellip; <a href=\"https:\/\/experis.lu\/fr\/cross-border\/\" class=\"more-link\">Continuer la lecture<span class=\"screen-reader-text\"> de &laquo;&nbsp;Cross-border&nbsp;&raquo;<\/span><\/a><\/p>\n","protected":false},"author":83,"featured_media":0,"parent":0,"menu_order":0,"comment_status":"closed","ping_status":"closed","template":"","meta":{"footnotes":""},"class_list":["post-3472","page","type-page","status-publish","hentry"],"yoast_head":"<!-- This site is optimized with the Yoast SEO plugin v27.3 - https:\/\/yoast.com\/product\/yoast-seo-wordpress\/ -->\n<title>Cross-border - Experis Luxembourg<\/title>\n<meta name=\"description\" content=\"Carrefour multiculturel, la Belgique d\u00e9veloppe depuis longtemps une tradition d\u2019accueil des travailleurs \u00e9trangers.\" \/>\n<meta name=\"robots\" content=\"index, follow, max-snippet:-1, max-image-preview:large, max-video-preview:-1\" \/>\n<link rel=\"canonical\" href=\"https:\/\/experis.lu\/fr\/cross-border\/\" \/>\n<meta property=\"og:locale\" content=\"fr_FR\" \/>\n<meta property=\"og:type\" content=\"article\" \/>\n<meta property=\"og:title\" content=\"Cross-border - Experis Luxembourg\" \/>\n<meta property=\"og:description\" content=\"Carrefour multiculturel, la Belgique d\u00e9veloppe depuis longtemps une tradition d\u2019accueil des travailleurs \u00e9trangers.\" \/>\n<meta property=\"og:url\" content=\"https:\/\/experis.lu\/fr\/cross-border\/\" \/>\n<meta property=\"article:modified_time\" content=\"2017-08-07T06:49:54+00:00\" \/>\n<meta name=\"twitter:card\" content=\"summary_large_image\" \/>\n<meta name=\"twitter:label1\" content=\"Dur\u00e9e de lecture estim\u00e9e\" \/>\n\t<meta name=\"twitter:data1\" content=\"1 minute\" \/>\n<script type=\"application\/ld+json\" class=\"yoast-schema-graph\">{\"@context\":\"https:\\\/\\\/schema.org\",\"@graph\":[{\"@type\":\"WebPage\",\"@id\":\"https:\\\/\\\/experis.lu\\\/fr\\\/cross-border\\\/\",\"url\":\"https:\\\/\\\/experis.lu\\\/fr\\\/cross-border\\\/\",\"name\":\"Cross-border - Experis Luxembourg\",\"isPartOf\":{\"@id\":\"https:\\\/\\\/experis.lu\\\/#website\"},\"datePublished\":\"2016-12-29T10:23:33+00:00\",\"dateModified\":\"2017-08-07T06:49:54+00:00\",\"description\":\"Carrefour multiculturel, la Belgique d\u00e9veloppe depuis longtemps une tradition d\u2019accueil des travailleurs \u00e9trangers.\",\"breadcrumb\":{\"@id\":\"https:\\\/\\\/experis.lu\\\/fr\\\/cross-border\\\/#breadcrumb\"},\"inLanguage\":\"fr-FR\",\"potentialAction\":[{\"@type\":\"ReadAction\",\"target\":[\"https:\\\/\\\/experis.lu\\\/fr\\\/cross-border\\\/\"]}]},{\"@type\":\"BreadcrumbList\",\"@id\":\"https:\\\/\\\/experis.lu\\\/fr\\\/cross-border\\\/#breadcrumb\",\"itemListElement\":[{\"@type\":\"ListItem\",\"position\":1,\"name\":\"Home\",\"item\":\"https:\\\/\\\/experis.lu\\\/fr\\\/\"},{\"@type\":\"ListItem\",\"position\":2,\"name\":\"Cross-border\"}]},{\"@type\":\"WebSite\",\"@id\":\"https:\\\/\\\/experis.lu\\\/#website\",\"url\":\"https:\\\/\\\/experis.lu\\\/\",\"name\":\"\",\"description\":\"\",\"potentialAction\":[{\"@type\":\"SearchAction\",\"target\":{\"@type\":\"EntryPoint\",\"urlTemplate\":\"https:\\\/\\\/experis.lu\\\/?s={search_term_string}\"},\"query-input\":{\"@type\":\"PropertyValueSpecification\",\"valueRequired\":true,\"valueName\":\"search_term_string\"}}],\"inLanguage\":\"fr-FR\"}]}<\/script>\n<!-- \/ Yoast SEO plugin. -->","yoast_head_json":{"title":"Cross-border - Experis Luxembourg","description":"Carrefour multiculturel, la Belgique d\u00e9veloppe depuis longtemps une tradition d\u2019accueil des travailleurs \u00e9trangers.","robots":{"index":"index","follow":"follow","max-snippet":"max-snippet:-1","max-image-preview":"max-image-preview:large","max-video-preview":"max-video-preview:-1"},"canonical":"https:\/\/experis.lu\/fr\/cross-border\/","og_locale":"fr_FR","og_type":"article","og_title":"Cross-border - Experis Luxembourg","og_description":"Carrefour multiculturel, la Belgique d\u00e9veloppe depuis longtemps une tradition d\u2019accueil des travailleurs \u00e9trangers.","og_url":"https:\/\/experis.lu\/fr\/cross-border\/","article_modified_time":"2017-08-07T06:49:54+00:00","twitter_card":"summary_large_image","twitter_misc":{"Dur\u00e9e de lecture estim\u00e9e":"1 minute"},"schema":{"@context":"https:\/\/schema.org","@graph":[{"@type":"WebPage","@id":"https:\/\/experis.lu\/fr\/cross-border\/","url":"https:\/\/experis.lu\/fr\/cross-border\/","name":"Cross-border - Experis Luxembourg","isPartOf":{"@id":"https:\/\/experis.lu\/#website"},"datePublished":"2016-12-29T10:23:33+00:00","dateModified":"2017-08-07T06:49:54+00:00","description":"Carrefour multiculturel, la Belgique d\u00e9veloppe depuis longtemps une tradition d\u2019accueil des travailleurs \u00e9trangers.","breadcrumb":{"@id":"https:\/\/experis.lu\/fr\/cross-border\/#breadcrumb"},"inLanguage":"fr-FR","potentialAction":[{"@type":"ReadAction","target":["https:\/\/experis.lu\/fr\/cross-border\/"]}]},{"@type":"BreadcrumbList","@id":"https:\/\/experis.lu\/fr\/cross-border\/#breadcrumb","itemListElement":[{"@type":"ListItem","position":1,"name":"Home","item":"https:\/\/experis.lu\/fr\/"},{"@type":"ListItem","position":2,"name":"Cross-border"}]},{"@type":"WebSite","@id":"https:\/\/experis.lu\/#website","url":"https:\/\/experis.lu\/","name":"","description":"","potentialAction":[{"@type":"SearchAction","target":{"@type":"EntryPoint","urlTemplate":"https:\/\/experis.lu\/?s={search_term_string}"},"query-input":{"@type":"PropertyValueSpecification","valueRequired":true,"valueName":"search_term_string"}}],"inLanguage":"fr-FR"}]}},"_links":{"self":[{"href":"https:\/\/experis.lu\/fr\/wp-json\/wp\/v2\/pages\/3472","targetHints":{"allow":["GET"]}}],"collection":[{"href":"https:\/\/experis.lu\/fr\/wp-json\/wp\/v2\/pages"}],"about":[{"href":"https:\/\/experis.lu\/fr\/wp-json\/wp\/v2\/types\/page"}],"author":[{"embeddable":true,"href":"https:\/\/experis.lu\/fr\/wp-json\/wp\/v2\/users\/83"}],"replies":[{"embeddable":true,"href":"https:\/\/experis.lu\/fr\/wp-json\/wp\/v2\/comments?post=3472"}],"version-history":[{"count":7,"href":"https:\/\/experis.lu\/fr\/wp-json\/wp\/v2\/pages\/3472\/revisions"}],"predecessor-version":[{"id":57825,"href":"https:\/\/experis.lu\/fr\/wp-json\/wp\/v2\/pages\/3472\/revisions\/57825"}],"wp:attachment":[{"href":"https:\/\/experis.lu\/fr\/wp-json\/wp\/v2\/media?parent=3472"}],"curies":[{"name":"wp","href":"https:\/\/api.w.org\/{rel}","templated":true}]}}