
{"id":3466,"date":"2016-12-29T10:19:01","date_gmt":"2016-12-29T10:19:01","guid":{"rendered":"http:\/\/experislvh.cluster023.hosting.ovh.net\/fr\/?page_id=3466"},"modified":"2017-08-07T06:48:21","modified_gmt":"2017-08-07T06:48:21","slug":"jeunes-diplomes","status":"publish","type":"page","link":"https:\/\/experis.lu\/fr\/jeunes-diplomes\/","title":{"rendered":"Jeunes dipl\u00f4m\u00e9s"},"content":{"rendered":"<p>La fin des \u00e9tudes et l\u2019entr\u00e9e dans le monde du travail sont des \u00e9tapes cruciales pour bien lancer sa carri\u00e8re. Cibler des entreprises, des secteurs et des fonctions qui sont int\u00e9ressants, mettre en valeur ses comp\u00e9tences et sa motivation et finalement convaincre un employeur sont autant d\u2019\u00e9tapes qu\u2019il faudra pr\u00e9parer pour d\u00e9crocher un premier emploi.<\/p>\n<p>Experis, entreprise leader dans les solutions en ressources humaines, accompagne les jeunes dipl\u00f4m\u00e9s non seulement dans la recherche d\u2019un premier d\u00e9fi professionnel, mais leur offre \u00e9galement un accompagnement personnalis\u00e9 et des conseils qui permettent \u00a0d\u2019aborder plus sereinement le monde du travail.<\/p>\n<h5>Pourquoi faire confiance \u00e0 Experis ?<\/h5>\n<ul>\n<li><b>Des offres d\u2019emploi<\/b> quotidiennement mises \u00e0 jour sur notre site internet. Consultez r\u00e9guli\u00e8rement nos derni\u00e8res offres et n\u2019h\u00e9sitez pas \u00e0 postuler lorsqu\u2019un job vous int\u00e9resse.<\/li>\n<li><b>Un accompagnement <\/b>dans vos recherches. Nos recruteurs r\u00e9fl\u00e9chissent avec vous \u00e0 vos objectifs de carri\u00e8re et vous proposent pro activement les opportunit\u00e9s qui correspondent le mieux \u00e0 vos ambitions.<\/li>\n<li><b>Un coaching personnalis\u00e9 <\/b>qui s\u2019\u00e9tend au-del\u00e0 des offres d\u2019emploi que nous vous proposons. Nos consultants Experis vous aident \u00e0 mieux aborder votre recherche d\u2019emploi (comment r\u00e9diger un CV, quelles fonctions cibler, statut d\u2019employ\u00e9 ou consultant, comment pr\u00e9parer un entretien d\u2019embauche, comment mettre en valeur ses comp\u00e9tences\u2026).<\/li>\n<\/ul>\n<p>Chaque ann\u00e9e nous participons \u00e0 des forums d\u2019emploi dans plusieurs \u00e9coles sup\u00e9rieures ou universit\u00e9s dans toute la Belgique. N\u2019h\u00e9sitez pas \u00e0 venir discuter directement avec nos recruteurs.<\/p>\n","protected":false},"excerpt":{"rendered":"<p>La fin des \u00e9tudes et l\u2019entr\u00e9e dans le monde du travail sont des \u00e9tapes cruciales pour bien lancer sa carri\u00e8re. Cibler des entreprises, des secteurs et des fonctions qui sont int\u00e9ressants, mettre en valeur ses comp\u00e9tences et sa motivation et finalement convaincre un employeur sont autant d\u2019\u00e9tapes qu\u2019il faudra pr\u00e9parer pour d\u00e9crocher un premier emploi. &hellip; <a href=\"https:\/\/experis.lu\/fr\/jeunes-diplomes\/\" class=\"more-link\">Continuer la lecture<span class=\"screen-reader-text\"> de &laquo;&nbsp;Jeunes dipl\u00f4m\u00e9s&nbsp;&raquo;<\/span><\/a><\/p>\n","protected":false},"author":83,"featured_media":0,"parent":0,"menu_order":0,"comment_status":"closed","ping_status":"closed","template":"","meta":{"footnotes":""},"class_list":["post-3466","page","type-page","status-publish","hentry"],"yoast_head":"<!-- This site is optimized with the Yoast SEO plugin v27.3 - https:\/\/yoast.com\/product\/yoast-seo-wordpress\/ -->\n<title>Jeunes dipl\u00f4m\u00e9s - Experis Luxembourg<\/title>\n<meta name=\"description\" content=\"La fin des \u00e9tudes et l\u2019entr\u00e9e dans le monde du travail sont des \u00e9tapes cruciales pour bien lancer sa carri\u00e8re. Cibler des entreprises, des secteurs et ...\" \/>\n<meta name=\"robots\" content=\"index, follow, max-snippet:-1, max-image-preview:large, max-video-preview:-1\" \/>\n<link rel=\"canonical\" href=\"https:\/\/experis.lu\/fr\/jeunes-diplomes\/\" \/>\n<meta property=\"og:locale\" content=\"fr_FR\" \/>\n<meta property=\"og:type\" content=\"article\" \/>\n<meta property=\"og:title\" content=\"Jeunes dipl\u00f4m\u00e9s - Experis Luxembourg\" \/>\n<meta property=\"og:description\" content=\"La fin des \u00e9tudes et l\u2019entr\u00e9e dans le monde du travail sont des \u00e9tapes cruciales pour bien lancer sa carri\u00e8re. Cibler des entreprises, des secteurs et ...\" \/>\n<meta property=\"og:url\" content=\"https:\/\/experis.lu\/fr\/jeunes-diplomes\/\" \/>\n<meta property=\"article:modified_time\" content=\"2017-08-07T06:48:21+00:00\" \/>\n<meta name=\"twitter:card\" content=\"summary_large_image\" \/>\n<meta name=\"twitter:label1\" content=\"Dur\u00e9e de lecture estim\u00e9e\" \/>\n\t<meta name=\"twitter:data1\" content=\"1 minute\" \/>\n<script type=\"application\/ld+json\" class=\"yoast-schema-graph\">{\"@context\":\"https:\\\/\\\/schema.org\",\"@graph\":[{\"@type\":\"WebPage\",\"@id\":\"https:\\\/\\\/experis.lu\\\/fr\\\/jeunes-diplomes\\\/\",\"url\":\"https:\\\/\\\/experis.lu\\\/fr\\\/jeunes-diplomes\\\/\",\"name\":\"Jeunes dipl\u00f4m\u00e9s - Experis Luxembourg\",\"isPartOf\":{\"@id\":\"https:\\\/\\\/experis.lu\\\/#website\"},\"datePublished\":\"2016-12-29T10:19:01+00:00\",\"dateModified\":\"2017-08-07T06:48:21+00:00\",\"description\":\"La fin des \u00e9tudes et l\u2019entr\u00e9e dans le monde du travail sont des \u00e9tapes cruciales pour bien lancer sa carri\u00e8re. Cibler des entreprises, des secteurs et ...\",\"breadcrumb\":{\"@id\":\"https:\\\/\\\/experis.lu\\\/fr\\\/jeunes-diplomes\\\/#breadcrumb\"},\"inLanguage\":\"fr-FR\",\"potentialAction\":[{\"@type\":\"ReadAction\",\"target\":[\"https:\\\/\\\/experis.lu\\\/fr\\\/jeunes-diplomes\\\/\"]}]},{\"@type\":\"BreadcrumbList\",\"@id\":\"https:\\\/\\\/experis.lu\\\/fr\\\/jeunes-diplomes\\\/#breadcrumb\",\"itemListElement\":[{\"@type\":\"ListItem\",\"position\":1,\"name\":\"Home\",\"item\":\"https:\\\/\\\/experis.lu\\\/fr\\\/\"},{\"@type\":\"ListItem\",\"position\":2,\"name\":\"Jeunes dipl\u00f4m\u00e9s\"}]},{\"@type\":\"WebSite\",\"@id\":\"https:\\\/\\\/experis.lu\\\/#website\",\"url\":\"https:\\\/\\\/experis.lu\\\/\",\"name\":\"\",\"description\":\"\",\"potentialAction\":[{\"@type\":\"SearchAction\",\"target\":{\"@type\":\"EntryPoint\",\"urlTemplate\":\"https:\\\/\\\/experis.lu\\\/?s={search_term_string}\"},\"query-input\":{\"@type\":\"PropertyValueSpecification\",\"valueRequired\":true,\"valueName\":\"search_term_string\"}}],\"inLanguage\":\"fr-FR\"}]}<\/script>\n<!-- \/ Yoast SEO plugin. -->","yoast_head_json":{"title":"Jeunes dipl\u00f4m\u00e9s - Experis Luxembourg","description":"La fin des \u00e9tudes et l\u2019entr\u00e9e dans le monde du travail sont des \u00e9tapes cruciales pour bien lancer sa carri\u00e8re. Cibler des entreprises, des secteurs et ...","robots":{"index":"index","follow":"follow","max-snippet":"max-snippet:-1","max-image-preview":"max-image-preview:large","max-video-preview":"max-video-preview:-1"},"canonical":"https:\/\/experis.lu\/fr\/jeunes-diplomes\/","og_locale":"fr_FR","og_type":"article","og_title":"Jeunes dipl\u00f4m\u00e9s - Experis Luxembourg","og_description":"La fin des \u00e9tudes et l\u2019entr\u00e9e dans le monde du travail sont des \u00e9tapes cruciales pour bien lancer sa carri\u00e8re. Cibler des entreprises, des secteurs et ...","og_url":"https:\/\/experis.lu\/fr\/jeunes-diplomes\/","article_modified_time":"2017-08-07T06:48:21+00:00","twitter_card":"summary_large_image","twitter_misc":{"Dur\u00e9e de lecture estim\u00e9e":"1 minute"},"schema":{"@context":"https:\/\/schema.org","@graph":[{"@type":"WebPage","@id":"https:\/\/experis.lu\/fr\/jeunes-diplomes\/","url":"https:\/\/experis.lu\/fr\/jeunes-diplomes\/","name":"Jeunes dipl\u00f4m\u00e9s - Experis Luxembourg","isPartOf":{"@id":"https:\/\/experis.lu\/#website"},"datePublished":"2016-12-29T10:19:01+00:00","dateModified":"2017-08-07T06:48:21+00:00","description":"La fin des \u00e9tudes et l\u2019entr\u00e9e dans le monde du travail sont des \u00e9tapes cruciales pour bien lancer sa carri\u00e8re. Cibler des entreprises, des secteurs et ...","breadcrumb":{"@id":"https:\/\/experis.lu\/fr\/jeunes-diplomes\/#breadcrumb"},"inLanguage":"fr-FR","potentialAction":[{"@type":"ReadAction","target":["https:\/\/experis.lu\/fr\/jeunes-diplomes\/"]}]},{"@type":"BreadcrumbList","@id":"https:\/\/experis.lu\/fr\/jeunes-diplomes\/#breadcrumb","itemListElement":[{"@type":"ListItem","position":1,"name":"Home","item":"https:\/\/experis.lu\/fr\/"},{"@type":"ListItem","position":2,"name":"Jeunes dipl\u00f4m\u00e9s"}]},{"@type":"WebSite","@id":"https:\/\/experis.lu\/#website","url":"https:\/\/experis.lu\/","name":"","description":"","potentialAction":[{"@type":"SearchAction","target":{"@type":"EntryPoint","urlTemplate":"https:\/\/experis.lu\/?s={search_term_string}"},"query-input":{"@type":"PropertyValueSpecification","valueRequired":true,"valueName":"search_term_string"}}],"inLanguage":"fr-FR"}]}},"_links":{"self":[{"href":"https:\/\/experis.lu\/fr\/wp-json\/wp\/v2\/pages\/3466","targetHints":{"allow":["GET"]}}],"collection":[{"href":"https:\/\/experis.lu\/fr\/wp-json\/wp\/v2\/pages"}],"about":[{"href":"https:\/\/experis.lu\/fr\/wp-json\/wp\/v2\/types\/page"}],"author":[{"embeddable":true,"href":"https:\/\/experis.lu\/fr\/wp-json\/wp\/v2\/users\/83"}],"replies":[{"embeddable":true,"href":"https:\/\/experis.lu\/fr\/wp-json\/wp\/v2\/comments?post=3466"}],"version-history":[{"count":4,"href":"https:\/\/experis.lu\/fr\/wp-json\/wp\/v2\/pages\/3466\/revisions"}],"predecessor-version":[{"id":57824,"href":"https:\/\/experis.lu\/fr\/wp-json\/wp\/v2\/pages\/3466\/revisions\/57824"}],"wp:attachment":[{"href":"https:\/\/experis.lu\/fr\/wp-json\/wp\/v2\/media?parent=3466"}],"curies":[{"name":"wp","href":"https:\/\/api.w.org\/{rel}","templated":true}]}}