
{"id":3454,"date":"2016-12-29T10:12:49","date_gmt":"2016-12-29T10:12:49","guid":{"rendered":"http:\/\/experislvh.cluster023.hosting.ovh.net\/fr\/?page_id=3454"},"modified":"2017-02-15T10:06:39","modified_gmt":"2017-02-15T10:06:39","slug":"nominations-prix-et-certificats","status":"publish","type":"page","link":"https:\/\/experis.lu\/fr\/nominations-prix-et-certificats\/","title":{"rendered":"Nominations, prix et certificats"},"content":{"rendered":"<p>Pendant deux ann\u00e9es cons\u00e9cutives, Experis a \u00e9t\u00e9 nomm\u00e9 (2015 et 2016) aux \u201cTrends Gazelle\u201d dans \u201cles grandes gazelles\u00a0\u00bb \u00e0 Bruxelles.<\/p>\n<p>Experis a obtenu un certificat **** 2015 pour ses excellentes pratiques en Interim Management. Ce certificat a \u00e9t\u00e9 prolong\u00e9 avec succ\u00e8s en 2016.<\/p>\n","protected":false},"excerpt":{"rendered":"<p>Pendant deux ann\u00e9es cons\u00e9cutives, Experis a \u00e9t\u00e9 nomm\u00e9 (2015 et 2016) aux \u201cTrends Gazelle\u201d dans \u201cles grandes gazelles\u00a0\u00bb \u00e0 Bruxelles. Experis a obtenu un certificat **** 2015 pour ses excellentes pratiques en Interim Management. Ce certificat a \u00e9t\u00e9 prolong\u00e9 avec succ\u00e8s en 2016.<\/p>\n","protected":false},"author":83,"featured_media":0,"parent":0,"menu_order":0,"comment_status":"closed","ping_status":"closed","template":"","meta":{"footnotes":""},"class_list":["post-3454","page","type-page","status-publish","hentry"],"yoast_head":"<!-- This site is optimized with the Yoast SEO plugin v27.3 - https:\/\/yoast.com\/product\/yoast-seo-wordpress\/ -->\n<title>Nominations, prix et certificats - Experis Luxembourg<\/title>\n<meta name=\"description\" content=\"Pendant deux ann\u00e9es cons\u00e9cutives, Experis a \u00e9t\u00e9 nomm\u00e9 (2015 et 2016) aux \u201cTrends Gazelle\u201d dans \u201cles grandes gazelles \u00bb \u00e0 Bruxelles.\" \/>\n<meta name=\"robots\" content=\"index, follow, max-snippet:-1, max-image-preview:large, max-video-preview:-1\" \/>\n<link rel=\"canonical\" href=\"https:\/\/experis.lu\/fr\/nominations-prix-et-certificats\/\" \/>\n<meta property=\"og:locale\" content=\"fr_FR\" \/>\n<meta property=\"og:type\" content=\"article\" \/>\n<meta property=\"og:title\" content=\"Nominations, prix et certificats - Experis Luxembourg\" \/>\n<meta property=\"og:description\" content=\"Pendant deux ann\u00e9es cons\u00e9cutives, Experis a \u00e9t\u00e9 nomm\u00e9 (2015 et 2016) aux \u201cTrends Gazelle\u201d dans \u201cles grandes gazelles \u00bb \u00e0 Bruxelles.\" \/>\n<meta property=\"og:url\" content=\"https:\/\/experis.lu\/fr\/nominations-prix-et-certificats\/\" \/>\n<meta property=\"article:modified_time\" content=\"2017-02-15T10:06:39+00:00\" \/>\n<meta name=\"twitter:card\" content=\"summary_large_image\" \/>\n<script type=\"application\/ld+json\" class=\"yoast-schema-graph\">{\"@context\":\"https:\\\/\\\/schema.org\",\"@graph\":[{\"@type\":\"WebPage\",\"@id\":\"https:\\\/\\\/experis.lu\\\/fr\\\/nominations-prix-et-certificats\\\/\",\"url\":\"https:\\\/\\\/experis.lu\\\/fr\\\/nominations-prix-et-certificats\\\/\",\"name\":\"Nominations, prix et certificats - Experis Luxembourg\",\"isPartOf\":{\"@id\":\"https:\\\/\\\/experis.lu\\\/#website\"},\"datePublished\":\"2016-12-29T10:12:49+00:00\",\"dateModified\":\"2017-02-15T10:06:39+00:00\",\"description\":\"Pendant deux ann\u00e9es cons\u00e9cutives, Experis a \u00e9t\u00e9 nomm\u00e9 (2015 et 2016) aux \u201cTrends Gazelle\u201d dans \u201cles grandes gazelles \u00bb \u00e0 Bruxelles.\",\"breadcrumb\":{\"@id\":\"https:\\\/\\\/experis.lu\\\/fr\\\/nominations-prix-et-certificats\\\/#breadcrumb\"},\"inLanguage\":\"fr-FR\",\"potentialAction\":[{\"@type\":\"ReadAction\",\"target\":[\"https:\\\/\\\/experis.lu\\\/fr\\\/nominations-prix-et-certificats\\\/\"]}]},{\"@type\":\"BreadcrumbList\",\"@id\":\"https:\\\/\\\/experis.lu\\\/fr\\\/nominations-prix-et-certificats\\\/#breadcrumb\",\"itemListElement\":[{\"@type\":\"ListItem\",\"position\":1,\"name\":\"Home\",\"item\":\"https:\\\/\\\/experis.lu\\\/fr\\\/\"},{\"@type\":\"ListItem\",\"position\":2,\"name\":\"Nominations, prix et certificats\"}]},{\"@type\":\"WebSite\",\"@id\":\"https:\\\/\\\/experis.lu\\\/#website\",\"url\":\"https:\\\/\\\/experis.lu\\\/\",\"name\":\"\",\"description\":\"\",\"potentialAction\":[{\"@type\":\"SearchAction\",\"target\":{\"@type\":\"EntryPoint\",\"urlTemplate\":\"https:\\\/\\\/experis.lu\\\/?s={search_term_string}\"},\"query-input\":{\"@type\":\"PropertyValueSpecification\",\"valueRequired\":true,\"valueName\":\"search_term_string\"}}],\"inLanguage\":\"fr-FR\"}]}<\/script>\n<!-- \/ Yoast SEO plugin. -->","yoast_head_json":{"title":"Nominations, prix et certificats - Experis Luxembourg","description":"Pendant deux ann\u00e9es cons\u00e9cutives, Experis a \u00e9t\u00e9 nomm\u00e9 (2015 et 2016) aux \u201cTrends Gazelle\u201d dans \u201cles grandes gazelles \u00bb \u00e0 Bruxelles.","robots":{"index":"index","follow":"follow","max-snippet":"max-snippet:-1","max-image-preview":"max-image-preview:large","max-video-preview":"max-video-preview:-1"},"canonical":"https:\/\/experis.lu\/fr\/nominations-prix-et-certificats\/","og_locale":"fr_FR","og_type":"article","og_title":"Nominations, prix et certificats - Experis Luxembourg","og_description":"Pendant deux ann\u00e9es cons\u00e9cutives, Experis a \u00e9t\u00e9 nomm\u00e9 (2015 et 2016) aux \u201cTrends Gazelle\u201d dans \u201cles grandes gazelles \u00bb \u00e0 Bruxelles.","og_url":"https:\/\/experis.lu\/fr\/nominations-prix-et-certificats\/","article_modified_time":"2017-02-15T10:06:39+00:00","twitter_card":"summary_large_image","schema":{"@context":"https:\/\/schema.org","@graph":[{"@type":"WebPage","@id":"https:\/\/experis.lu\/fr\/nominations-prix-et-certificats\/","url":"https:\/\/experis.lu\/fr\/nominations-prix-et-certificats\/","name":"Nominations, prix et certificats - Experis Luxembourg","isPartOf":{"@id":"https:\/\/experis.lu\/#website"},"datePublished":"2016-12-29T10:12:49+00:00","dateModified":"2017-02-15T10:06:39+00:00","description":"Pendant deux ann\u00e9es cons\u00e9cutives, Experis a \u00e9t\u00e9 nomm\u00e9 (2015 et 2016) aux \u201cTrends Gazelle\u201d dans \u201cles grandes gazelles \u00bb \u00e0 Bruxelles.","breadcrumb":{"@id":"https:\/\/experis.lu\/fr\/nominations-prix-et-certificats\/#breadcrumb"},"inLanguage":"fr-FR","potentialAction":[{"@type":"ReadAction","target":["https:\/\/experis.lu\/fr\/nominations-prix-et-certificats\/"]}]},{"@type":"BreadcrumbList","@id":"https:\/\/experis.lu\/fr\/nominations-prix-et-certificats\/#breadcrumb","itemListElement":[{"@type":"ListItem","position":1,"name":"Home","item":"https:\/\/experis.lu\/fr\/"},{"@type":"ListItem","position":2,"name":"Nominations, prix et certificats"}]},{"@type":"WebSite","@id":"https:\/\/experis.lu\/#website","url":"https:\/\/experis.lu\/","name":"","description":"","potentialAction":[{"@type":"SearchAction","target":{"@type":"EntryPoint","urlTemplate":"https:\/\/experis.lu\/?s={search_term_string}"},"query-input":{"@type":"PropertyValueSpecification","valueRequired":true,"valueName":"search_term_string"}}],"inLanguage":"fr-FR"}]}},"_links":{"self":[{"href":"https:\/\/experis.lu\/fr\/wp-json\/wp\/v2\/pages\/3454","targetHints":{"allow":["GET"]}}],"collection":[{"href":"https:\/\/experis.lu\/fr\/wp-json\/wp\/v2\/pages"}],"about":[{"href":"https:\/\/experis.lu\/fr\/wp-json\/wp\/v2\/types\/page"}],"author":[{"embeddable":true,"href":"https:\/\/experis.lu\/fr\/wp-json\/wp\/v2\/users\/83"}],"replies":[{"embeddable":true,"href":"https:\/\/experis.lu\/fr\/wp-json\/wp\/v2\/comments?post=3454"}],"version-history":[{"count":0,"href":"https:\/\/experis.lu\/fr\/wp-json\/wp\/v2\/pages\/3454\/revisions"}],"wp:attachment":[{"href":"https:\/\/experis.lu\/fr\/wp-json\/wp\/v2\/media?parent=3454"}],"curies":[{"name":"wp","href":"https:\/\/api.w.org\/{rel}","templated":true}]}}