
{"id":3448,"date":"2016-12-29T10:09:43","date_gmt":"2016-12-29T10:09:43","guid":{"rendered":"http:\/\/experislvh.cluster023.hosting.ovh.net\/fr\/?page_id=3448"},"modified":"2017-02-15T08:56:03","modified_gmt":"2017-02-15T08:56:03","slug":"business-case-et-temoignage","status":"publish","type":"page","link":"https:\/\/experis.lu\/fr\/business-case-et-temoignage\/","title":{"rendered":"Business case et t\u00e9moignage"},"content":{"rendered":"<h3>Finance :<\/h3>\n<p><strong>Steven Bauweraerts (IBM delivery program manager)<\/strong><\/p>\n<p>Dans le cadre du pilotage d\u2019une division importante d\u2019un grand acteur mondial de l&rsquo;industrie chimique, notre projet avait un besoin urgent de chefs d&rsquo;\u00e9quipes \u00a0pour la gestion op\u00e9rationnelle d&rsquo;un effectif \u00abProcure to Pay\u00a0\u00bb.Nous avons demand\u00e9 \u00e0 Experis de r\u00e9fl\u00e9chir avec nous au moyen de trouver ces chefs d&rsquo;\u00e9quipes. Ils devaient \u00eatre dot\u00e9s d\u2019un \u00e9tat d&rsquo;esprit souple en raison de la complexit\u00e9 du contrat \u00e0 long terme ainsi que la diversit\u00e9 de la main-d&rsquo;\u0153uvre : 25 nationalit\u00e9s diff\u00e9rentes avec autant de cultures et langues. Gr\u00e2ce \u00e0 la communication facile et ouverte avec la direction d\u2019Experis, six chefs d&rsquo;\u00e9quipe ont rejoint nos rangs dans laps de temps tr\u00e8s court. Experis avait tr\u00e8s bien compris notre demande et a livr\u00e9 une \u00e9quipe h\u00e9t\u00e9roclite de cinq nationalit\u00e9s diff\u00e9rentes. Quatre mois plus tard, nous constatons que ces six chefs d&rsquo;\u00e9quipes pr\u00e9sentent une caract\u00e9ristique commune : ce sont de v\u00e9ritables experts dans leur domaine qui se d\u00e9m\u00e8nent pour la satisfaction totale du client. \u00a0Merci Experis.<\/p>\n","protected":false},"excerpt":{"rendered":"<p>Finance : Steven Bauweraerts (IBM delivery program manager) Dans le cadre du pilotage d\u2019une division importante d\u2019un grand acteur mondial de l&rsquo;industrie chimique, notre projet avait un besoin urgent de chefs d&rsquo;\u00e9quipes \u00a0pour la gestion op\u00e9rationnelle d&rsquo;un effectif \u00abProcure to Pay\u00a0\u00bb.Nous avons demand\u00e9 \u00e0 Experis de r\u00e9fl\u00e9chir avec nous au moyen de trouver ces chefs &hellip; <a href=\"https:\/\/experis.lu\/fr\/business-case-et-temoignage\/\" class=\"more-link\">Continuer la lecture<span class=\"screen-reader-text\"> de &laquo;&nbsp;Business case et t\u00e9moignage&nbsp;&raquo;<\/span><\/a><\/p>\n","protected":false},"author":83,"featured_media":0,"parent":0,"menu_order":0,"comment_status":"closed","ping_status":"closed","template":"","meta":{"footnotes":""},"class_list":["post-3448","page","type-page","status-publish","hentry"],"yoast_head":"<!-- This site is optimized with the Yoast SEO plugin v27.3 - https:\/\/yoast.com\/product\/yoast-seo-wordpress\/ -->\n<title>Business case et t\u00e9moignage - Experis Luxembourg<\/title>\n<meta name=\"description\" content=\"Notre projet avait un besoin urgent de chefs d\u2019\u00e9quipes pour la gestion op\u00e9rationnelle d\u2019un effectif \u00abProcure to Pay \u00bb.\" \/>\n<meta name=\"robots\" content=\"index, follow, max-snippet:-1, max-image-preview:large, max-video-preview:-1\" \/>\n<link rel=\"canonical\" href=\"https:\/\/experis.lu\/fr\/business-case-et-temoignage\/\" \/>\n<meta property=\"og:locale\" content=\"fr_FR\" \/>\n<meta property=\"og:type\" content=\"article\" \/>\n<meta property=\"og:title\" content=\"Business case et t\u00e9moignage - Experis Luxembourg\" \/>\n<meta property=\"og:description\" content=\"Notre projet avait un besoin urgent de chefs d\u2019\u00e9quipes pour la gestion op\u00e9rationnelle d\u2019un effectif \u00abProcure to Pay \u00bb.\" \/>\n<meta property=\"og:url\" content=\"https:\/\/experis.lu\/fr\/business-case-et-temoignage\/\" \/>\n<meta property=\"article:modified_time\" content=\"2017-02-15T08:56:03+00:00\" \/>\n<meta name=\"twitter:card\" content=\"summary_large_image\" \/>\n<meta name=\"twitter:label1\" content=\"Dur\u00e9e de lecture estim\u00e9e\" \/>\n\t<meta name=\"twitter:data1\" content=\"1 minute\" \/>\n<script type=\"application\/ld+json\" class=\"yoast-schema-graph\">{\"@context\":\"https:\\\/\\\/schema.org\",\"@graph\":[{\"@type\":\"WebPage\",\"@id\":\"https:\\\/\\\/experis.lu\\\/fr\\\/business-case-et-temoignage\\\/\",\"url\":\"https:\\\/\\\/experis.lu\\\/fr\\\/business-case-et-temoignage\\\/\",\"name\":\"Business case et t\u00e9moignage - Experis Luxembourg\",\"isPartOf\":{\"@id\":\"https:\\\/\\\/experis.lu\\\/#website\"},\"datePublished\":\"2016-12-29T10:09:43+00:00\",\"dateModified\":\"2017-02-15T08:56:03+00:00\",\"description\":\"Notre projet avait un besoin urgent de chefs d\u2019\u00e9quipes pour la gestion op\u00e9rationnelle d\u2019un effectif \u00abProcure to Pay \u00bb.\",\"breadcrumb\":{\"@id\":\"https:\\\/\\\/experis.lu\\\/fr\\\/business-case-et-temoignage\\\/#breadcrumb\"},\"inLanguage\":\"fr-FR\",\"potentialAction\":[{\"@type\":\"ReadAction\",\"target\":[\"https:\\\/\\\/experis.lu\\\/fr\\\/business-case-et-temoignage\\\/\"]}]},{\"@type\":\"BreadcrumbList\",\"@id\":\"https:\\\/\\\/experis.lu\\\/fr\\\/business-case-et-temoignage\\\/#breadcrumb\",\"itemListElement\":[{\"@type\":\"ListItem\",\"position\":1,\"name\":\"Home\",\"item\":\"https:\\\/\\\/experis.lu\\\/fr\\\/\"},{\"@type\":\"ListItem\",\"position\":2,\"name\":\"Business case et t\u00e9moignage\"}]},{\"@type\":\"WebSite\",\"@id\":\"https:\\\/\\\/experis.lu\\\/#website\",\"url\":\"https:\\\/\\\/experis.lu\\\/\",\"name\":\"\",\"description\":\"\",\"potentialAction\":[{\"@type\":\"SearchAction\",\"target\":{\"@type\":\"EntryPoint\",\"urlTemplate\":\"https:\\\/\\\/experis.lu\\\/?s={search_term_string}\"},\"query-input\":{\"@type\":\"PropertyValueSpecification\",\"valueRequired\":true,\"valueName\":\"search_term_string\"}}],\"inLanguage\":\"fr-FR\"}]}<\/script>\n<!-- \/ Yoast SEO plugin. -->","yoast_head_json":{"title":"Business case et t\u00e9moignage - Experis Luxembourg","description":"Notre projet avait un besoin urgent de chefs d\u2019\u00e9quipes pour la gestion op\u00e9rationnelle d\u2019un effectif \u00abProcure to Pay \u00bb.","robots":{"index":"index","follow":"follow","max-snippet":"max-snippet:-1","max-image-preview":"max-image-preview:large","max-video-preview":"max-video-preview:-1"},"canonical":"https:\/\/experis.lu\/fr\/business-case-et-temoignage\/","og_locale":"fr_FR","og_type":"article","og_title":"Business case et t\u00e9moignage - Experis Luxembourg","og_description":"Notre projet avait un besoin urgent de chefs d\u2019\u00e9quipes pour la gestion op\u00e9rationnelle d\u2019un effectif \u00abProcure to Pay \u00bb.","og_url":"https:\/\/experis.lu\/fr\/business-case-et-temoignage\/","article_modified_time":"2017-02-15T08:56:03+00:00","twitter_card":"summary_large_image","twitter_misc":{"Dur\u00e9e de lecture estim\u00e9e":"1 minute"},"schema":{"@context":"https:\/\/schema.org","@graph":[{"@type":"WebPage","@id":"https:\/\/experis.lu\/fr\/business-case-et-temoignage\/","url":"https:\/\/experis.lu\/fr\/business-case-et-temoignage\/","name":"Business case et t\u00e9moignage - Experis Luxembourg","isPartOf":{"@id":"https:\/\/experis.lu\/#website"},"datePublished":"2016-12-29T10:09:43+00:00","dateModified":"2017-02-15T08:56:03+00:00","description":"Notre projet avait un besoin urgent de chefs d\u2019\u00e9quipes pour la gestion op\u00e9rationnelle d\u2019un effectif \u00abProcure to Pay \u00bb.","breadcrumb":{"@id":"https:\/\/experis.lu\/fr\/business-case-et-temoignage\/#breadcrumb"},"inLanguage":"fr-FR","potentialAction":[{"@type":"ReadAction","target":["https:\/\/experis.lu\/fr\/business-case-et-temoignage\/"]}]},{"@type":"BreadcrumbList","@id":"https:\/\/experis.lu\/fr\/business-case-et-temoignage\/#breadcrumb","itemListElement":[{"@type":"ListItem","position":1,"name":"Home","item":"https:\/\/experis.lu\/fr\/"},{"@type":"ListItem","position":2,"name":"Business case et t\u00e9moignage"}]},{"@type":"WebSite","@id":"https:\/\/experis.lu\/#website","url":"https:\/\/experis.lu\/","name":"","description":"","potentialAction":[{"@type":"SearchAction","target":{"@type":"EntryPoint","urlTemplate":"https:\/\/experis.lu\/?s={search_term_string}"},"query-input":{"@type":"PropertyValueSpecification","valueRequired":true,"valueName":"search_term_string"}}],"inLanguage":"fr-FR"}]}},"_links":{"self":[{"href":"https:\/\/experis.lu\/fr\/wp-json\/wp\/v2\/pages\/3448","targetHints":{"allow":["GET"]}}],"collection":[{"href":"https:\/\/experis.lu\/fr\/wp-json\/wp\/v2\/pages"}],"about":[{"href":"https:\/\/experis.lu\/fr\/wp-json\/wp\/v2\/types\/page"}],"author":[{"embeddable":true,"href":"https:\/\/experis.lu\/fr\/wp-json\/wp\/v2\/users\/83"}],"replies":[{"embeddable":true,"href":"https:\/\/experis.lu\/fr\/wp-json\/wp\/v2\/comments?post=3448"}],"version-history":[{"count":0,"href":"https:\/\/experis.lu\/fr\/wp-json\/wp\/v2\/pages\/3448\/revisions"}],"wp:attachment":[{"href":"https:\/\/experis.lu\/fr\/wp-json\/wp\/v2\/media?parent=3448"}],"curies":[{"name":"wp","href":"https:\/\/api.w.org\/{rel}","templated":true}]}}