
{"id":3442,"date":"2016-12-29T09:55:18","date_gmt":"2016-12-29T09:55:18","guid":{"rendered":"http:\/\/experislvh.cluster023.hosting.ovh.net\/fr\/?page_id=3442"},"modified":"2017-09-11T09:30:43","modified_gmt":"2017-09-11T09:30:43","slug":"pourquoi-experis-2","status":"publish","type":"page","link":"https:\/\/experis.lu\/fr\/pourquoi-experis-2\/","title":{"rendered":"Pourquoi Experis ?"},"content":{"rendered":"<p>Depuis des ann\u00e9es, Experis se diff\u00e9rencie en tant qu\u2019entreprise gr\u00e2ce \u00e0 la qualit\u00e9 de sa base de donn\u00e9es. Au fil des ans, cette base de donn\u00e9es a \u00e9t\u00e9 aliment\u00e9e quotidiennement par nos experts avec une multitude de CV qui ont \u00e9t\u00e9 collect\u00e9s et conserv\u00e9s dans environnement particuli\u00e8rement bien prot\u00e9g\u00e9. Vous pouvez sans doute supposer, \u00e0 juste titre, que cette base de donn\u00e9es fait aujourd\u2019hui partie du domaine public. La plupart de nos experts ont en effet cr\u00e9\u00e9 un profil d\u00e9taill\u00e9 sur LinkedIn, visible pour ceux qui y font une recherche.<\/p>\n<p>Naturellement, nous disposons d\u2019une excellente r\u00e9putation en ce qui concerne la recherche des candidats les plus adapt\u00e9s, mais Experis voit aujourd&rsquo;hui beaucoup plus loin que l\u2019\u00e9tape de la simple d\u00e9livrance de CV. Notre valeur ajout\u00e9e r\u00e9side de plus en plus dans le travail sur mesure qui associe la supervision de l&rsquo;ensemble du processus d&rsquo;identification et de persuasion, de la signature du contrat \u00e0 l\u2019entr\u00e9e en fonction. Gr\u00e2ce \u00e0 la vision \u00e9largie qu\u2019ils ont de la globalit\u00e9 du monde du travail, nos experts sont capables d&rsquo;identifier mieux qu\u2019un d\u00e9partement interne ce qu&rsquo;une entreprise peut proposer comme points positifs uniques aux candidats. Nos experts examinent cette relation \u00e0 long terme parce que votre exp\u00e9rience positive avec nos services constitue notre meilleure publicit\u00e9.<\/p>\n<p>&nbsp;<\/p>\n","protected":false},"excerpt":{"rendered":"<p>Depuis des ann\u00e9es, Experis se diff\u00e9rencie en tant qu\u2019entreprise gr\u00e2ce \u00e0 la qualit\u00e9 de sa base de donn\u00e9es. Au fil des ans, cette base de donn\u00e9es a \u00e9t\u00e9 aliment\u00e9e quotidiennement par nos experts avec une multitude de CV qui ont \u00e9t\u00e9 collect\u00e9s et conserv\u00e9s dans environnement particuli\u00e8rement bien prot\u00e9g\u00e9. Vous pouvez sans doute supposer, \u00e0 &hellip; <a href=\"https:\/\/experis.lu\/fr\/pourquoi-experis-2\/\" class=\"more-link\">Continuer la lecture<span class=\"screen-reader-text\"> de &laquo;&nbsp;Pourquoi Experis ?&nbsp;&raquo;<\/span><\/a><\/p>\n","protected":false},"author":83,"featured_media":0,"parent":0,"menu_order":0,"comment_status":"closed","ping_status":"closed","template":"","meta":{"footnotes":""},"class_list":["post-3442","page","type-page","status-publish","hentry"],"yoast_head":"<!-- This site is optimized with the Yoast SEO plugin v27.3 - https:\/\/yoast.com\/product\/yoast-seo-wordpress\/ -->\n<title>Pourquoi Experis ? - Experis Luxembourg<\/title>\n<meta name=\"description\" content=\"Depuis des ann\u00e9es, Experis se diff\u00e9rencie en tant qu\u2019entreprise gr\u00e2ce \u00e0 la qualit\u00e9 de sa base de donn\u00e9es.\" \/>\n<meta name=\"robots\" content=\"index, follow, max-snippet:-1, max-image-preview:large, max-video-preview:-1\" \/>\n<link rel=\"canonical\" href=\"https:\/\/experis.lu\/fr\/pourquoi-experis-2\/\" \/>\n<meta property=\"og:locale\" content=\"fr_FR\" \/>\n<meta property=\"og:type\" content=\"article\" \/>\n<meta property=\"og:title\" content=\"Pourquoi Experis ? - Experis Luxembourg\" \/>\n<meta property=\"og:description\" content=\"Depuis des ann\u00e9es, Experis se diff\u00e9rencie en tant qu\u2019entreprise gr\u00e2ce \u00e0 la qualit\u00e9 de sa base de donn\u00e9es.\" \/>\n<meta property=\"og:url\" content=\"https:\/\/experis.lu\/fr\/pourquoi-experis-2\/\" \/>\n<meta property=\"article:modified_time\" content=\"2017-09-11T09:30:43+00:00\" \/>\n<meta name=\"twitter:card\" content=\"summary_large_image\" \/>\n<meta name=\"twitter:label1\" content=\"Dur\u00e9e de lecture estim\u00e9e\" \/>\n\t<meta name=\"twitter:data1\" content=\"1 minute\" \/>\n<script type=\"application\/ld+json\" class=\"yoast-schema-graph\">{\"@context\":\"https:\\\/\\\/schema.org\",\"@graph\":[{\"@type\":\"WebPage\",\"@id\":\"https:\\\/\\\/experis.lu\\\/fr\\\/pourquoi-experis-2\\\/\",\"url\":\"https:\\\/\\\/experis.lu\\\/fr\\\/pourquoi-experis-2\\\/\",\"name\":\"Pourquoi Experis ? - Experis Luxembourg\",\"isPartOf\":{\"@id\":\"https:\\\/\\\/experis.lu\\\/#website\"},\"datePublished\":\"2016-12-29T09:55:18+00:00\",\"dateModified\":\"2017-09-11T09:30:43+00:00\",\"description\":\"Depuis des ann\u00e9es, Experis se diff\u00e9rencie en tant qu\u2019entreprise gr\u00e2ce \u00e0 la qualit\u00e9 de sa base de donn\u00e9es.\",\"breadcrumb\":{\"@id\":\"https:\\\/\\\/experis.lu\\\/fr\\\/pourquoi-experis-2\\\/#breadcrumb\"},\"inLanguage\":\"fr-FR\",\"potentialAction\":[{\"@type\":\"ReadAction\",\"target\":[\"https:\\\/\\\/experis.lu\\\/fr\\\/pourquoi-experis-2\\\/\"]}]},{\"@type\":\"BreadcrumbList\",\"@id\":\"https:\\\/\\\/experis.lu\\\/fr\\\/pourquoi-experis-2\\\/#breadcrumb\",\"itemListElement\":[{\"@type\":\"ListItem\",\"position\":1,\"name\":\"Home\",\"item\":\"https:\\\/\\\/experis.lu\\\/fr\\\/\"},{\"@type\":\"ListItem\",\"position\":2,\"name\":\"Pourquoi Experis ?\"}]},{\"@type\":\"WebSite\",\"@id\":\"https:\\\/\\\/experis.lu\\\/#website\",\"url\":\"https:\\\/\\\/experis.lu\\\/\",\"name\":\"\",\"description\":\"\",\"potentialAction\":[{\"@type\":\"SearchAction\",\"target\":{\"@type\":\"EntryPoint\",\"urlTemplate\":\"https:\\\/\\\/experis.lu\\\/?s={search_term_string}\"},\"query-input\":{\"@type\":\"PropertyValueSpecification\",\"valueRequired\":true,\"valueName\":\"search_term_string\"}}],\"inLanguage\":\"fr-FR\"}]}<\/script>\n<!-- \/ Yoast SEO plugin. -->","yoast_head_json":{"title":"Pourquoi Experis ? - Experis Luxembourg","description":"Depuis des ann\u00e9es, Experis se diff\u00e9rencie en tant qu\u2019entreprise gr\u00e2ce \u00e0 la qualit\u00e9 de sa base de donn\u00e9es.","robots":{"index":"index","follow":"follow","max-snippet":"max-snippet:-1","max-image-preview":"max-image-preview:large","max-video-preview":"max-video-preview:-1"},"canonical":"https:\/\/experis.lu\/fr\/pourquoi-experis-2\/","og_locale":"fr_FR","og_type":"article","og_title":"Pourquoi Experis ? - Experis Luxembourg","og_description":"Depuis des ann\u00e9es, Experis se diff\u00e9rencie en tant qu\u2019entreprise gr\u00e2ce \u00e0 la qualit\u00e9 de sa base de donn\u00e9es.","og_url":"https:\/\/experis.lu\/fr\/pourquoi-experis-2\/","article_modified_time":"2017-09-11T09:30:43+00:00","twitter_card":"summary_large_image","twitter_misc":{"Dur\u00e9e de lecture estim\u00e9e":"1 minute"},"schema":{"@context":"https:\/\/schema.org","@graph":[{"@type":"WebPage","@id":"https:\/\/experis.lu\/fr\/pourquoi-experis-2\/","url":"https:\/\/experis.lu\/fr\/pourquoi-experis-2\/","name":"Pourquoi Experis ? - Experis Luxembourg","isPartOf":{"@id":"https:\/\/experis.lu\/#website"},"datePublished":"2016-12-29T09:55:18+00:00","dateModified":"2017-09-11T09:30:43+00:00","description":"Depuis des ann\u00e9es, Experis se diff\u00e9rencie en tant qu\u2019entreprise gr\u00e2ce \u00e0 la qualit\u00e9 de sa base de donn\u00e9es.","breadcrumb":{"@id":"https:\/\/experis.lu\/fr\/pourquoi-experis-2\/#breadcrumb"},"inLanguage":"fr-FR","potentialAction":[{"@type":"ReadAction","target":["https:\/\/experis.lu\/fr\/pourquoi-experis-2\/"]}]},{"@type":"BreadcrumbList","@id":"https:\/\/experis.lu\/fr\/pourquoi-experis-2\/#breadcrumb","itemListElement":[{"@type":"ListItem","position":1,"name":"Home","item":"https:\/\/experis.lu\/fr\/"},{"@type":"ListItem","position":2,"name":"Pourquoi Experis ?"}]},{"@type":"WebSite","@id":"https:\/\/experis.lu\/#website","url":"https:\/\/experis.lu\/","name":"","description":"","potentialAction":[{"@type":"SearchAction","target":{"@type":"EntryPoint","urlTemplate":"https:\/\/experis.lu\/?s={search_term_string}"},"query-input":{"@type":"PropertyValueSpecification","valueRequired":true,"valueName":"search_term_string"}}],"inLanguage":"fr-FR"}]}},"_links":{"self":[{"href":"https:\/\/experis.lu\/fr\/wp-json\/wp\/v2\/pages\/3442","targetHints":{"allow":["GET"]}}],"collection":[{"href":"https:\/\/experis.lu\/fr\/wp-json\/wp\/v2\/pages"}],"about":[{"href":"https:\/\/experis.lu\/fr\/wp-json\/wp\/v2\/types\/page"}],"author":[{"embeddable":true,"href":"https:\/\/experis.lu\/fr\/wp-json\/wp\/v2\/users\/83"}],"replies":[{"embeddable":true,"href":"https:\/\/experis.lu\/fr\/wp-json\/wp\/v2\/comments?post=3442"}],"version-history":[{"count":6,"href":"https:\/\/experis.lu\/fr\/wp-json\/wp\/v2\/pages\/3442\/revisions"}],"predecessor-version":[{"id":57844,"href":"https:\/\/experis.lu\/fr\/wp-json\/wp\/v2\/pages\/3442\/revisions\/57844"}],"wp:attachment":[{"href":"https:\/\/experis.lu\/fr\/wp-json\/wp\/v2\/media?parent=3442"}],"curies":[{"name":"wp","href":"https:\/\/api.w.org\/{rel}","templated":true}]}}