
{"id":3433,"date":"2016-12-29T08:55:05","date_gmt":"2016-12-29T08:55:05","guid":{"rendered":"http:\/\/experislvh.cluster023.hosting.ovh.net\/fr\/?page_id=3433"},"modified":"2023-05-08T11:50:09","modified_gmt":"2023-05-08T11:50:09","slug":"nos-formules","status":"publish","type":"page","link":"https:\/\/experis.lu\/fr\/nos-formules\/","title":{"rendered":"Nos formules"},"content":{"rendered":"<h5>Ressources professionnelles :<\/h5>\n<p>L&rsquo;\u00e9volution des produits et des services progresse \u00e0 une vitesse d\u00e9mesur\u00e9e et vos clients ne s\u2019attendent pas \u00e0 ce que vous soyez \u00e0 la page, mais bien \u00e0 ce que vous ayez une longueur d\u2019avance. C&rsquo;est pourquoi les solutions de ressources professionnelles d&rsquo;Experis sont con\u00e7ues pour que votre entreprise conserve son agilit\u00e9 et soit pr\u00e9par\u00e9e au mieux \u00e0 toutes les exigences du march\u00e9.<\/p>\n<p>Pour des projets \u00e0 court terme ou des postes permanents dans l\u2019ICT, Experis cr\u00e9e des solutions en recrutement id\u00e9ales pour r\u00e9pondre \u00e0 vos besoins. Par exemple lors d\u2019une fluctuation de charge de travail. Experis vous aidera \u00e0 atteindre vos objectifs \u00e0 long terme, am\u00e9liorer vos performances, acqu\u00e9rir un avantage concurrentiel et garantir votre rentabilit\u00e9.<\/p>\n<h5>Placement permanent :<\/h5>\n<p>Cette formule est con\u00e7ue pour les clients qui cherchent \u00e0 remplir un poste qui n&rsquo;est g\u00e9n\u00e9ralement pas temporaire ou li\u00e9 \u00e0 un seul projet. Apr\u00e8s avoir aid\u00e9 les clients \u00e0 d\u00e9finir les comp\u00e9tences et l&rsquo;exp\u00e9rience requises pour le poste, nous allons identifier, interviewer et trouver le candidat id\u00e9al. Nous pouvons \u00e9galement aider le client lors de l\u2019entr\u00e9e en service du candidat.<\/p>\n<p>Nous s\u00e9lectionnons les meilleurs candidats, parfaitement qualifi\u00e9s, que nous avons \u00e9valu\u00e9s et test\u00e9s et vous proposons ainsi les bonnes personnes qui contribueront \u00e0 votre productivit\u00e9, votre innovation et votre croissance.<\/p>\n<h5>Solutions sous forme de projets :<\/h5>\n<p>Pour maintenir la comp\u00e9titivit\u00e9 et soutenir la croissance des entreprises, le talent et le temps sont essentiels. Gr\u00e2ce aux solutions de projet d&rsquo;Experis, vous b\u00e9n\u00e9ficierez des deux, avec des m\u00e9thodologies \u00e9prouv\u00e9es et des professionnels exp\u00e9riment\u00e9s ax\u00e9s sur la conduite en avant de votre mission critique et de vos initiatives au quotidien.<\/p>\n<p>Forte de son expertise en ICT, Experis propose des solutions efficaces et \u00e9volutives ainsi que des mod\u00e8les de livraison souples, adapt\u00e9s \u00e0 vos objectifs et au style de votre organisation. Vous obtenez le degr\u00e9 de contr\u00f4le souhait\u00e9 et l&rsquo;expertise dont vous avez besoin pour maintenir votre entreprise agile et vos initiatives sur la bonne voie.<\/p>\n<p>Gr\u00e2ce \u00e0 ce mod\u00e8le, Experis mesure et d\u00e9livre un haut niveau de responsabilit\u00e9 pour le rendement de ses \u00e9quipes ainsi que celles de ses clients. En plus de g\u00e9rer les ressources humaines li\u00e9es \u00e0 un projet, nous pouvons \u00e9galement proposer l&rsquo;infrastructure, les outils et les ressources n\u00e9cessaires pour fournir des services.<\/p>\n<p>Les gestionnaires supervisent toutes les facettes de nos projets externalis\u00e9s, y compris :<\/p>\n<ul>\n<li>D\u00e9veloppement du cahier des charges<\/li>\n<li>Gestion des PO<\/li>\n<li>Contr\u00f4le des changements<\/li>\n<li>Am\u00e9lioration continue des processus<\/li>\n<li>Satisfaction clients<\/li>\n<li>M\u00e9thodes\/rapports<\/li>\n<li>Gestion du personnel au jour le jour<\/li>\n<\/ul>\n<p>Lorsque vous externalisez un programme, un service ou une unit\u00e9 d&rsquo;affaires \u00e0 Experis, vous gagnez :<\/p>\n<ul>\n<li>Des \u00e9conomies sur les co\u00fbts : l&rsquo;impartition des bons projets peut augmenter votre flexibilit\u00e9 pour ajuster la concentration et les niveaux de travail en fonction de l&rsquo;offre et de la demande. De plus, nos r\u00e9seaux et notre pouvoir d&rsquo;achat nous permettent souvent d&rsquo;obtenir des \u00e9conomies plus importantes.<\/li>\n<li>Une efficacit\u00e9 et une flexibilit\u00e9 accrues : gr\u00e2ce \u00e0 notre capacit\u00e9 \u00e0 rationaliser les flux de travail et \u00e0 am\u00e9liorer continuellement les processus que nous g\u00e9rons, vous b\u00e9n\u00e9ficiez d&rsquo;une efficacit\u00e9 optimum, d&rsquo;une plus grande flexibilit\u00e9 et d&rsquo;\u00e9conomies sur le long terme.<\/li>\n<\/ul>\n<p><b>Un besoin, une question concernant nos solutions ? <\/b><\/p>\n<p>Contactez-nous<a href=\"http:\/\/experislvh.cluster023.hosting.ovh.net\/contact-2\/\"> ici<\/a><\/p>\n","protected":false},"excerpt":{"rendered":"<p>Ressources professionnelles : L&rsquo;\u00e9volution des produits et des services progresse \u00e0 une vitesse d\u00e9mesur\u00e9e et vos clients ne s\u2019attendent pas \u00e0 ce que vous soyez \u00e0 la page, mais bien \u00e0 ce que vous ayez une longueur d\u2019avance. C&rsquo;est pourquoi les solutions de ressources professionnelles d&rsquo;Experis sont con\u00e7ues pour que votre entreprise conserve son agilit\u00e9 &hellip; <a href=\"https:\/\/experis.lu\/fr\/nos-formules\/\" class=\"more-link\">Continuer la lecture<span class=\"screen-reader-text\"> de &laquo;&nbsp;Nos formules&nbsp;&raquo;<\/span><\/a><\/p>\n","protected":false},"author":83,"featured_media":0,"parent":0,"menu_order":0,"comment_status":"closed","ping_status":"closed","template":"","meta":{"footnotes":""},"class_list":["post-3433","page","type-page","status-publish","hentry"],"yoast_head":"<!-- This site is optimized with the Yoast SEO plugin v27.3 - https:\/\/yoast.com\/product\/yoast-seo-wordpress\/ -->\n<title>Nos formules - Experis Luxembourg<\/title>\n<meta name=\"description\" content=\"L&#039;\u00e9volution des produits et des services progresse \u00e0 une vitesse d\u00e9mesur\u00e9e et vos clients s\u2019attendent \u00e0 ce que vous ayez une longueur d\u2019avance.\" \/>\n<meta name=\"robots\" content=\"index, follow, max-snippet:-1, max-image-preview:large, max-video-preview:-1\" \/>\n<link rel=\"canonical\" href=\"https:\/\/experis.lu\/fr\/nos-formules\/\" \/>\n<meta property=\"og:locale\" content=\"fr_FR\" \/>\n<meta property=\"og:type\" content=\"article\" \/>\n<meta property=\"og:title\" content=\"Nos formules - Experis Luxembourg\" \/>\n<meta property=\"og:description\" content=\"L&#039;\u00e9volution des produits et des services progresse \u00e0 une vitesse d\u00e9mesur\u00e9e et vos clients s\u2019attendent \u00e0 ce que vous ayez une longueur d\u2019avance.\" \/>\n<meta property=\"og:url\" content=\"https:\/\/experis.lu\/fr\/nos-formules\/\" \/>\n<meta property=\"article:modified_time\" content=\"2023-05-08T11:50:09+00:00\" \/>\n<meta name=\"twitter:card\" content=\"summary_large_image\" \/>\n<meta name=\"twitter:label1\" content=\"Dur\u00e9e de lecture estim\u00e9e\" \/>\n\t<meta name=\"twitter:data1\" content=\"3 minutes\" \/>\n<script type=\"application\/ld+json\" class=\"yoast-schema-graph\">{\"@context\":\"https:\\\/\\\/schema.org\",\"@graph\":[{\"@type\":\"WebPage\",\"@id\":\"https:\\\/\\\/experis.lu\\\/fr\\\/nos-formules\\\/\",\"url\":\"https:\\\/\\\/experis.lu\\\/fr\\\/nos-formules\\\/\",\"name\":\"Nos formules - Experis Luxembourg\",\"isPartOf\":{\"@id\":\"https:\\\/\\\/experis.lu\\\/#website\"},\"datePublished\":\"2016-12-29T08:55:05+00:00\",\"dateModified\":\"2023-05-08T11:50:09+00:00\",\"description\":\"L'\u00e9volution des produits et des services progresse \u00e0 une vitesse d\u00e9mesur\u00e9e et vos clients s\u2019attendent \u00e0 ce que vous ayez une longueur d\u2019avance.\",\"breadcrumb\":{\"@id\":\"https:\\\/\\\/experis.lu\\\/fr\\\/nos-formules\\\/#breadcrumb\"},\"inLanguage\":\"fr-FR\",\"potentialAction\":[{\"@type\":\"ReadAction\",\"target\":[\"https:\\\/\\\/experis.lu\\\/fr\\\/nos-formules\\\/\"]}]},{\"@type\":\"BreadcrumbList\",\"@id\":\"https:\\\/\\\/experis.lu\\\/fr\\\/nos-formules\\\/#breadcrumb\",\"itemListElement\":[{\"@type\":\"ListItem\",\"position\":1,\"name\":\"Home\",\"item\":\"https:\\\/\\\/experis.lu\\\/fr\\\/\"},{\"@type\":\"ListItem\",\"position\":2,\"name\":\"Nos formules\"}]},{\"@type\":\"WebSite\",\"@id\":\"https:\\\/\\\/experis.lu\\\/#website\",\"url\":\"https:\\\/\\\/experis.lu\\\/\",\"name\":\"\",\"description\":\"\",\"potentialAction\":[{\"@type\":\"SearchAction\",\"target\":{\"@type\":\"EntryPoint\",\"urlTemplate\":\"https:\\\/\\\/experis.lu\\\/?s={search_term_string}\"},\"query-input\":{\"@type\":\"PropertyValueSpecification\",\"valueRequired\":true,\"valueName\":\"search_term_string\"}}],\"inLanguage\":\"fr-FR\"}]}<\/script>\n<!-- \/ Yoast SEO plugin. -->","yoast_head_json":{"title":"Nos formules - Experis Luxembourg","description":"L'\u00e9volution des produits et des services progresse \u00e0 une vitesse d\u00e9mesur\u00e9e et vos clients s\u2019attendent \u00e0 ce que vous ayez une longueur d\u2019avance.","robots":{"index":"index","follow":"follow","max-snippet":"max-snippet:-1","max-image-preview":"max-image-preview:large","max-video-preview":"max-video-preview:-1"},"canonical":"https:\/\/experis.lu\/fr\/nos-formules\/","og_locale":"fr_FR","og_type":"article","og_title":"Nos formules - Experis Luxembourg","og_description":"L'\u00e9volution des produits et des services progresse \u00e0 une vitesse d\u00e9mesur\u00e9e et vos clients s\u2019attendent \u00e0 ce que vous ayez une longueur d\u2019avance.","og_url":"https:\/\/experis.lu\/fr\/nos-formules\/","article_modified_time":"2023-05-08T11:50:09+00:00","twitter_card":"summary_large_image","twitter_misc":{"Dur\u00e9e de lecture estim\u00e9e":"3 minutes"},"schema":{"@context":"https:\/\/schema.org","@graph":[{"@type":"WebPage","@id":"https:\/\/experis.lu\/fr\/nos-formules\/","url":"https:\/\/experis.lu\/fr\/nos-formules\/","name":"Nos formules - Experis Luxembourg","isPartOf":{"@id":"https:\/\/experis.lu\/#website"},"datePublished":"2016-12-29T08:55:05+00:00","dateModified":"2023-05-08T11:50:09+00:00","description":"L'\u00e9volution des produits et des services progresse \u00e0 une vitesse d\u00e9mesur\u00e9e et vos clients s\u2019attendent \u00e0 ce que vous ayez une longueur d\u2019avance.","breadcrumb":{"@id":"https:\/\/experis.lu\/fr\/nos-formules\/#breadcrumb"},"inLanguage":"fr-FR","potentialAction":[{"@type":"ReadAction","target":["https:\/\/experis.lu\/fr\/nos-formules\/"]}]},{"@type":"BreadcrumbList","@id":"https:\/\/experis.lu\/fr\/nos-formules\/#breadcrumb","itemListElement":[{"@type":"ListItem","position":1,"name":"Home","item":"https:\/\/experis.lu\/fr\/"},{"@type":"ListItem","position":2,"name":"Nos formules"}]},{"@type":"WebSite","@id":"https:\/\/experis.lu\/#website","url":"https:\/\/experis.lu\/","name":"","description":"","potentialAction":[{"@type":"SearchAction","target":{"@type":"EntryPoint","urlTemplate":"https:\/\/experis.lu\/?s={search_term_string}"},"query-input":{"@type":"PropertyValueSpecification","valueRequired":true,"valueName":"search_term_string"}}],"inLanguage":"fr-FR"}]}},"_links":{"self":[{"href":"https:\/\/experis.lu\/fr\/wp-json\/wp\/v2\/pages\/3433","targetHints":{"allow":["GET"]}}],"collection":[{"href":"https:\/\/experis.lu\/fr\/wp-json\/wp\/v2\/pages"}],"about":[{"href":"https:\/\/experis.lu\/fr\/wp-json\/wp\/v2\/types\/page"}],"author":[{"embeddable":true,"href":"https:\/\/experis.lu\/fr\/wp-json\/wp\/v2\/users\/83"}],"replies":[{"embeddable":true,"href":"https:\/\/experis.lu\/fr\/wp-json\/wp\/v2\/comments?post=3433"}],"version-history":[{"count":5,"href":"https:\/\/experis.lu\/fr\/wp-json\/wp\/v2\/pages\/3433\/revisions"}],"predecessor-version":[{"id":58080,"href":"https:\/\/experis.lu\/fr\/wp-json\/wp\/v2\/pages\/3433\/revisions\/58080"}],"wp:attachment":[{"href":"https:\/\/experis.lu\/fr\/wp-json\/wp\/v2\/media?parent=3433"}],"curies":[{"name":"wp","href":"https:\/\/api.w.org\/{rel}","templated":true}]}}