
{"id":3426,"date":"2016-12-29T08:34:58","date_gmt":"2016-12-29T08:34:58","guid":{"rendered":"http:\/\/experislvh.cluster023.hosting.ovh.net\/fr\/?page_id=3426"},"modified":"2023-05-08T11:45:10","modified_gmt":"2023-05-08T11:45:10","slug":"specialisations","status":"publish","type":"page","link":"https:\/\/experis.lu\/fr\/specialisations\/","title":{"rendered":"Sp\u00e9cialisations"},"content":{"rendered":"<h3><strong>Nos domaines de pr\u00e9dilection\u00a0:<\/strong><\/h3>\n<p>Profils exp\u00e9riment\u00e9s :<\/p>\n<ul>\n<li><strong>ICT <\/strong>: D\u00e9veloppeur Software ou Web Exp\u00e9riment\u00e9, Gestionnaire de projets, Expert ERP, Sp\u00e9cialiste en S\u00e9curit\u00e9 \u2013 IAM, Virtualisation\u2026<\/li>\n<\/ul>\n<p>Jeunes dipl\u00f4m\u00e9s :<\/p>\n<ul>\n<li><strong>ICT <\/strong>: D\u00e9veloppeur Software ou Web, Testeur QA, Project Officer Junior, Administrateur Syst\u00e8me, Consultant Business Intelligence, Technicien Syst\u00e8me\u2026<\/li>\n<\/ul>\n<p>&nbsp;<\/p>\n","protected":false},"excerpt":{"rendered":"<p>Nos domaines de pr\u00e9dilection\u00a0: Profils exp\u00e9riment\u00e9s : ICT : D\u00e9veloppeur Software ou Web Exp\u00e9riment\u00e9, Gestionnaire de projets, Expert ERP, Sp\u00e9cialiste en S\u00e9curit\u00e9 \u2013 IAM, Virtualisation\u2026 Jeunes dipl\u00f4m\u00e9s : ICT : D\u00e9veloppeur Software ou Web, Testeur QA, Project Officer Junior, Administrateur Syst\u00e8me, Consultant Business Intelligence, Technicien Syst\u00e8me\u2026 &nbsp;<\/p>\n","protected":false},"author":83,"featured_media":0,"parent":0,"menu_order":0,"comment_status":"closed","ping_status":"closed","template":"","meta":{"footnotes":""},"class_list":["post-3426","page","type-page","status-publish","hentry"],"yoast_head":"<!-- This site is optimized with the Yoast SEO plugin v27.3 - https:\/\/yoast.com\/product\/yoast-seo-wordpress\/ -->\n<title>Sp\u00e9cialisations<\/title>\n<meta name=\"description\" content=\"Nos domaines de pr\u00e9dilection : Finance &amp; HR, ICT, Ing\u00e9nierie et sciences de la vie\" \/>\n<meta name=\"robots\" content=\"index, follow, max-snippet:-1, max-image-preview:large, max-video-preview:-1\" \/>\n<link rel=\"canonical\" href=\"https:\/\/experis.lu\/fr\/specialisations\/\" \/>\n<meta property=\"og:locale\" content=\"fr_FR\" \/>\n<meta property=\"og:type\" content=\"article\" \/>\n<meta property=\"og:title\" content=\"Sp\u00e9cialisations\" \/>\n<meta property=\"og:description\" content=\"Nos domaines de pr\u00e9dilection : Finance &amp; HR, ICT, Ing\u00e9nierie et sciences de la vie\" \/>\n<meta property=\"og:url\" content=\"https:\/\/experis.lu\/fr\/specialisations\/\" \/>\n<meta property=\"article:modified_time\" content=\"2023-05-08T11:45:10+00:00\" \/>\n<meta name=\"twitter:card\" content=\"summary_large_image\" \/>\n<meta name=\"twitter:label1\" content=\"Dur\u00e9e de lecture estim\u00e9e\" \/>\n\t<meta name=\"twitter:data1\" content=\"1 minute\" \/>\n<script type=\"application\/ld+json\" class=\"yoast-schema-graph\">{\"@context\":\"https:\\\/\\\/schema.org\",\"@graph\":[{\"@type\":\"WebPage\",\"@id\":\"https:\\\/\\\/experis.lu\\\/fr\\\/specialisations\\\/\",\"url\":\"https:\\\/\\\/experis.lu\\\/fr\\\/specialisations\\\/\",\"name\":\"Sp\u00e9cialisations\",\"isPartOf\":{\"@id\":\"https:\\\/\\\/experis.lu\\\/#website\"},\"datePublished\":\"2016-12-29T08:34:58+00:00\",\"dateModified\":\"2023-05-08T11:45:10+00:00\",\"description\":\"Nos domaines de pr\u00e9dilection : Finance & HR, ICT, Ing\u00e9nierie et sciences de la vie\",\"breadcrumb\":{\"@id\":\"https:\\\/\\\/experis.lu\\\/fr\\\/specialisations\\\/#breadcrumb\"},\"inLanguage\":\"fr-FR\",\"potentialAction\":[{\"@type\":\"ReadAction\",\"target\":[\"https:\\\/\\\/experis.lu\\\/fr\\\/specialisations\\\/\"]}]},{\"@type\":\"BreadcrumbList\",\"@id\":\"https:\\\/\\\/experis.lu\\\/fr\\\/specialisations\\\/#breadcrumb\",\"itemListElement\":[{\"@type\":\"ListItem\",\"position\":1,\"name\":\"Home\",\"item\":\"https:\\\/\\\/experis.lu\\\/fr\\\/\"},{\"@type\":\"ListItem\",\"position\":2,\"name\":\"Sp\u00e9cialisations\"}]},{\"@type\":\"WebSite\",\"@id\":\"https:\\\/\\\/experis.lu\\\/#website\",\"url\":\"https:\\\/\\\/experis.lu\\\/\",\"name\":\"\",\"description\":\"\",\"potentialAction\":[{\"@type\":\"SearchAction\",\"target\":{\"@type\":\"EntryPoint\",\"urlTemplate\":\"https:\\\/\\\/experis.lu\\\/?s={search_term_string}\"},\"query-input\":{\"@type\":\"PropertyValueSpecification\",\"valueRequired\":true,\"valueName\":\"search_term_string\"}}],\"inLanguage\":\"fr-FR\"}]}<\/script>\n<!-- \/ Yoast SEO plugin. -->","yoast_head_json":{"title":"Sp\u00e9cialisations","description":"Nos domaines de pr\u00e9dilection : Finance & HR, ICT, Ing\u00e9nierie et sciences de la vie","robots":{"index":"index","follow":"follow","max-snippet":"max-snippet:-1","max-image-preview":"max-image-preview:large","max-video-preview":"max-video-preview:-1"},"canonical":"https:\/\/experis.lu\/fr\/specialisations\/","og_locale":"fr_FR","og_type":"article","og_title":"Sp\u00e9cialisations","og_description":"Nos domaines de pr\u00e9dilection : Finance & HR, ICT, Ing\u00e9nierie et sciences de la vie","og_url":"https:\/\/experis.lu\/fr\/specialisations\/","article_modified_time":"2023-05-08T11:45:10+00:00","twitter_card":"summary_large_image","twitter_misc":{"Dur\u00e9e de lecture estim\u00e9e":"1 minute"},"schema":{"@context":"https:\/\/schema.org","@graph":[{"@type":"WebPage","@id":"https:\/\/experis.lu\/fr\/specialisations\/","url":"https:\/\/experis.lu\/fr\/specialisations\/","name":"Sp\u00e9cialisations","isPartOf":{"@id":"https:\/\/experis.lu\/#website"},"datePublished":"2016-12-29T08:34:58+00:00","dateModified":"2023-05-08T11:45:10+00:00","description":"Nos domaines de pr\u00e9dilection : Finance & HR, ICT, Ing\u00e9nierie et sciences de la vie","breadcrumb":{"@id":"https:\/\/experis.lu\/fr\/specialisations\/#breadcrumb"},"inLanguage":"fr-FR","potentialAction":[{"@type":"ReadAction","target":["https:\/\/experis.lu\/fr\/specialisations\/"]}]},{"@type":"BreadcrumbList","@id":"https:\/\/experis.lu\/fr\/specialisations\/#breadcrumb","itemListElement":[{"@type":"ListItem","position":1,"name":"Home","item":"https:\/\/experis.lu\/fr\/"},{"@type":"ListItem","position":2,"name":"Sp\u00e9cialisations"}]},{"@type":"WebSite","@id":"https:\/\/experis.lu\/#website","url":"https:\/\/experis.lu\/","name":"","description":"","potentialAction":[{"@type":"SearchAction","target":{"@type":"EntryPoint","urlTemplate":"https:\/\/experis.lu\/?s={search_term_string}"},"query-input":{"@type":"PropertyValueSpecification","valueRequired":true,"valueName":"search_term_string"}}],"inLanguage":"fr-FR"}]}},"_links":{"self":[{"href":"https:\/\/experis.lu\/fr\/wp-json\/wp\/v2\/pages\/3426","targetHints":{"allow":["GET"]}}],"collection":[{"href":"https:\/\/experis.lu\/fr\/wp-json\/wp\/v2\/pages"}],"about":[{"href":"https:\/\/experis.lu\/fr\/wp-json\/wp\/v2\/types\/page"}],"author":[{"embeddable":true,"href":"https:\/\/experis.lu\/fr\/wp-json\/wp\/v2\/users\/83"}],"replies":[{"embeddable":true,"href":"https:\/\/experis.lu\/fr\/wp-json\/wp\/v2\/comments?post=3426"}],"version-history":[{"count":3,"href":"https:\/\/experis.lu\/fr\/wp-json\/wp\/v2\/pages\/3426\/revisions"}],"predecessor-version":[{"id":58078,"href":"https:\/\/experis.lu\/fr\/wp-json\/wp\/v2\/pages\/3426\/revisions\/58078"}],"wp:attachment":[{"href":"https:\/\/experis.lu\/fr\/wp-json\/wp\/v2\/media?parent=3426"}],"curies":[{"name":"wp","href":"https:\/\/api.w.org\/{rel}","templated":true}]}}