
{"id":3406,"date":"2016-12-28T16:51:47","date_gmt":"2016-12-28T16:51:47","guid":{"rendered":"http:\/\/experislvh.cluster023.hosting.ovh.net\/fr\/?page_id=3406"},"modified":"2017-02-15T10:34:17","modified_gmt":"2017-02-15T10:34:17","slug":"press-knowledge-center","status":"publish","type":"page","link":"https:\/\/experis.lu\/fr\/press-knowledge-center\/","title":{"rendered":"Press &#038; Knowledge Center"},"content":{"rendered":"<p>ManpowerGroup est un des plus grands acteurs du monde du travail au niveau mondial. \u00a0Forts de cette position au c\u0153ur du march\u00e9 de l\u2019emploi, nous publions r\u00e9guli\u00e8rement des \u00e9tudes et des analyses sur l\u2019\u00e9volution du monde du travail. Vous pouvez \u00a0les consulter sur notre\u00a0<a href=\"http:\/\/knowledgecenter.manpowergroup.be\/\">Knowledge Center<\/a>\u00a0et vous abonner \u00e0 notre\u00a0<a href=\"http:\/\/knowledgecenter.manpowergroup.be\/fr\/register\">newsletter<\/a>.Vous \u00eates \u00e0 la recherche d\u2019une information sp\u00e9cifique au sujet du ManpowerGroup? Notre\u00a0<a href=\"http:\/\/knowledgecenter.manpowergroup.be\/event\/press-kit-fr\">press kit<\/a>\u00a0vous permet d\u2019obtenir des donn\u00e9es tr\u00e8s pr\u00e9cises, qu\u2019il s\u2019agisse des chiffres cl\u00e9s de notre groupe en Belgique et dans le monde, \u00a0de notre vision et de nos valeurs, de notre histoire, de notre strat\u00e9gie en mati\u00e8re de responsabilit\u00e9 soci\u00e9tale (CSR) ou de notre rapport annuel. Tout cela et bien plus encore.<\/p>\n<p>Pour toute demande d\u2019interview concernant Experis et ManpowerGroup, veuillez contacter notre service de presse :<\/p>\n<p><strong>Marc Vandeleene<\/strong><br \/>\nPR &amp; Communication Manager<br \/>\n<a href=\"mailto:ma*************@***********up.be\" data-original-string=\"6tbgdjzaho2fwi2\/jtgubQ==821d7l2wFFS0gKAbfgUJcGhMr8yVU2M4jPypl5x3frAU5UA1JTNkXRYEjOhT3NPZPie\" title=\"This contact has been encoded by Anti-Spam by CleanTalk. Click to decode. To finish the decoding make sure that JavaScript is enabled in your browser.\"><span \n                data-original-string='h3B\/qOlvtVbHaFE+F9KNzw==8211GnvKB0XcRixozY63utI0AuaShXuUS2nQg9Vp1VSsnlZ4llqwNN9bGnrnI1Kn9Kn'\n                class='apbct-email-encoder'\n                title='This contact has been encoded by Anti-Spam by CleanTalk. Click to decode. To finish the decoding make sure that JavaScript is enabled in your browser.'>ma<span class=\"apbct-blur\">*************<\/span>@<span class=\"apbct-blur\">***********<\/span>up.be<\/span><br \/>\n<\/a>T: + 32 (0)2 639 10 81<br \/>\nM: + 32 495 24 05 43<\/p>\n<p>&nbsp;<\/p>\n","protected":false},"excerpt":{"rendered":"<p>ManpowerGroup est un des plus grands acteurs du monde du travail au niveau mondial. \u00a0Forts de cette position au c\u0153ur du march\u00e9 de l\u2019emploi, nous publions r\u00e9guli\u00e8rement des \u00e9tudes et des analyses sur l\u2019\u00e9volution du monde du travail. Vous pouvez \u00a0les consulter sur notre\u00a0Knowledge Center\u00a0et vous abonner \u00e0 notre\u00a0newsletter.Vous \u00eates \u00e0 la recherche d\u2019une information &hellip; <a href=\"https:\/\/experis.lu\/fr\/press-knowledge-center\/\" class=\"more-link\">Continuer la lecture<span class=\"screen-reader-text\"> de &laquo;&nbsp;Press &#038; Knowledge Center&nbsp;&raquo;<\/span><\/a><\/p>\n","protected":false},"author":83,"featured_media":0,"parent":0,"menu_order":0,"comment_status":"closed","ping_status":"closed","template":"","meta":{"footnotes":""},"class_list":["post-3406","page","type-page","status-publish","hentry"],"yoast_head":"<!-- This site is optimized with the Yoast SEO plugin v27.3 - https:\/\/yoast.com\/product\/yoast-seo-wordpress\/ -->\n<title>Press &amp; Knowledge Center - Experis Luxembourg<\/title>\n<meta name=\"description\" content=\"Forts de notre position au c\u0153ur du march\u00e9 de l\u2019emploi, nous publions r\u00e9guli\u00e8rement des \u00e9tudes et des analyses sur l\u2019\u00e9volution du monde du travail.\" \/>\n<meta name=\"robots\" content=\"index, follow, max-snippet:-1, max-image-preview:large, max-video-preview:-1\" \/>\n<link rel=\"canonical\" href=\"https:\/\/experis.lu\/fr\/press-knowledge-center\/\" \/>\n<meta property=\"og:locale\" content=\"fr_FR\" \/>\n<meta property=\"og:type\" content=\"article\" \/>\n<meta property=\"og:title\" content=\"Press &amp; Knowledge Center - Experis Luxembourg\" \/>\n<meta property=\"og:description\" content=\"Forts de notre position au c\u0153ur du march\u00e9 de l\u2019emploi, nous publions r\u00e9guli\u00e8rement des \u00e9tudes et des analyses sur l\u2019\u00e9volution du monde du travail.\" \/>\n<meta property=\"og:url\" content=\"https:\/\/experis.lu\/fr\/press-knowledge-center\/\" \/>\n<meta property=\"article:modified_time\" content=\"2017-02-15T10:34:17+00:00\" \/>\n<meta name=\"twitter:card\" content=\"summary_large_image\" \/>\n<meta name=\"twitter:label1\" content=\"Dur\u00e9e de lecture estim\u00e9e\" \/>\n\t<meta name=\"twitter:data1\" content=\"1 minute\" \/>\n<script type=\"application\/ld+json\" class=\"yoast-schema-graph\">{\"@context\":\"https:\\\/\\\/schema.org\",\"@graph\":[{\"@type\":\"WebPage\",\"@id\":\"https:\\\/\\\/experis.lu\\\/fr\\\/press-knowledge-center\\\/\",\"url\":\"https:\\\/\\\/experis.lu\\\/fr\\\/press-knowledge-center\\\/\",\"name\":\"Press & Knowledge Center - Experis Luxembourg\",\"isPartOf\":{\"@id\":\"https:\\\/\\\/experis.lu\\\/#website\"},\"datePublished\":\"2016-12-28T16:51:47+00:00\",\"dateModified\":\"2017-02-15T10:34:17+00:00\",\"description\":\"Forts de notre position au c\u0153ur du march\u00e9 de l\u2019emploi, nous publions r\u00e9guli\u00e8rement des \u00e9tudes et des analyses sur l\u2019\u00e9volution du monde du travail.\",\"breadcrumb\":{\"@id\":\"https:\\\/\\\/experis.lu\\\/fr\\\/press-knowledge-center\\\/#breadcrumb\"},\"inLanguage\":\"fr-FR\",\"potentialAction\":[{\"@type\":\"ReadAction\",\"target\":[\"https:\\\/\\\/experis.lu\\\/fr\\\/press-knowledge-center\\\/\"]}]},{\"@type\":\"BreadcrumbList\",\"@id\":\"https:\\\/\\\/experis.lu\\\/fr\\\/press-knowledge-center\\\/#breadcrumb\",\"itemListElement\":[{\"@type\":\"ListItem\",\"position\":1,\"name\":\"Home\",\"item\":\"https:\\\/\\\/experis.lu\\\/fr\\\/\"},{\"@type\":\"ListItem\",\"position\":2,\"name\":\"Press &#038; Knowledge Center\"}]},{\"@type\":\"WebSite\",\"@id\":\"https:\\\/\\\/experis.lu\\\/#website\",\"url\":\"https:\\\/\\\/experis.lu\\\/\",\"name\":\"\",\"description\":\"\",\"potentialAction\":[{\"@type\":\"SearchAction\",\"target\":{\"@type\":\"EntryPoint\",\"urlTemplate\":\"https:\\\/\\\/experis.lu\\\/?s={search_term_string}\"},\"query-input\":{\"@type\":\"PropertyValueSpecification\",\"valueRequired\":true,\"valueName\":\"search_term_string\"}}],\"inLanguage\":\"fr-FR\"}]}<\/script>\n<!-- \/ Yoast SEO plugin. -->","yoast_head_json":{"title":"Press & Knowledge Center - Experis Luxembourg","description":"Forts de notre position au c\u0153ur du march\u00e9 de l\u2019emploi, nous publions r\u00e9guli\u00e8rement des \u00e9tudes et des analyses sur l\u2019\u00e9volution du monde du travail.","robots":{"index":"index","follow":"follow","max-snippet":"max-snippet:-1","max-image-preview":"max-image-preview:large","max-video-preview":"max-video-preview:-1"},"canonical":"https:\/\/experis.lu\/fr\/press-knowledge-center\/","og_locale":"fr_FR","og_type":"article","og_title":"Press & Knowledge Center - Experis Luxembourg","og_description":"Forts de notre position au c\u0153ur du march\u00e9 de l\u2019emploi, nous publions r\u00e9guli\u00e8rement des \u00e9tudes et des analyses sur l\u2019\u00e9volution du monde du travail.","og_url":"https:\/\/experis.lu\/fr\/press-knowledge-center\/","article_modified_time":"2017-02-15T10:34:17+00:00","twitter_card":"summary_large_image","twitter_misc":{"Dur\u00e9e de lecture estim\u00e9e":"1 minute"},"schema":{"@context":"https:\/\/schema.org","@graph":[{"@type":"WebPage","@id":"https:\/\/experis.lu\/fr\/press-knowledge-center\/","url":"https:\/\/experis.lu\/fr\/press-knowledge-center\/","name":"Press & Knowledge Center - Experis Luxembourg","isPartOf":{"@id":"https:\/\/experis.lu\/#website"},"datePublished":"2016-12-28T16:51:47+00:00","dateModified":"2017-02-15T10:34:17+00:00","description":"Forts de notre position au c\u0153ur du march\u00e9 de l\u2019emploi, nous publions r\u00e9guli\u00e8rement des \u00e9tudes et des analyses sur l\u2019\u00e9volution du monde du travail.","breadcrumb":{"@id":"https:\/\/experis.lu\/fr\/press-knowledge-center\/#breadcrumb"},"inLanguage":"fr-FR","potentialAction":[{"@type":"ReadAction","target":["https:\/\/experis.lu\/fr\/press-knowledge-center\/"]}]},{"@type":"BreadcrumbList","@id":"https:\/\/experis.lu\/fr\/press-knowledge-center\/#breadcrumb","itemListElement":[{"@type":"ListItem","position":1,"name":"Home","item":"https:\/\/experis.lu\/fr\/"},{"@type":"ListItem","position":2,"name":"Press &#038; Knowledge Center"}]},{"@type":"WebSite","@id":"https:\/\/experis.lu\/#website","url":"https:\/\/experis.lu\/","name":"","description":"","potentialAction":[{"@type":"SearchAction","target":{"@type":"EntryPoint","urlTemplate":"https:\/\/experis.lu\/?s={search_term_string}"},"query-input":{"@type":"PropertyValueSpecification","valueRequired":true,"valueName":"search_term_string"}}],"inLanguage":"fr-FR"}]}},"_links":{"self":[{"href":"https:\/\/experis.lu\/fr\/wp-json\/wp\/v2\/pages\/3406","targetHints":{"allow":["GET"]}}],"collection":[{"href":"https:\/\/experis.lu\/fr\/wp-json\/wp\/v2\/pages"}],"about":[{"href":"https:\/\/experis.lu\/fr\/wp-json\/wp\/v2\/types\/page"}],"author":[{"embeddable":true,"href":"https:\/\/experis.lu\/fr\/wp-json\/wp\/v2\/users\/83"}],"replies":[{"embeddable":true,"href":"https:\/\/experis.lu\/fr\/wp-json\/wp\/v2\/comments?post=3406"}],"version-history":[{"count":0,"href":"https:\/\/experis.lu\/fr\/wp-json\/wp\/v2\/pages\/3406\/revisions"}],"wp:attachment":[{"href":"https:\/\/experis.lu\/fr\/wp-json\/wp\/v2\/media?parent=3406"}],"curies":[{"name":"wp","href":"https:\/\/api.w.org\/{rel}","templated":true}]}}