
{"id":3383,"date":"2016-12-28T15:40:32","date_gmt":"2016-12-28T15:40:32","guid":{"rendered":"http:\/\/experislvh.cluster023.hosting.ovh.net\/fr\/?page_id=3383"},"modified":"2023-05-08T11:35:28","modified_gmt":"2023-05-08T11:35:28","slug":"notre-expertise","status":"publish","type":"page","link":"https:\/\/experis.lu\/fr\/notre-expertise\/","title":{"rendered":"Notre expertise"},"content":{"rendered":"<section class=\"wpb-content-wrapper\"><p>[vc_row][vc_column][vc_tta_tabs][vc_tta_section title=\u00a0\u00bbICT\u00a0\u00bb tab_id=\u00a0\u00bb1482939206351-c5c601c2-d288&Prime; el_class=\u00a0\u00bbict\u00a0\u00bb][vc_column_text]Sur le march\u00e9 du travail les comp\u00e9tences en informatiques sont aujourd&rsquo;hui essentielles.<\/p>\n<p>Les technologies \u00e9voluent de plus en plus vite et nos clients nous demandent de trouver les talents ad\u00e9quats pour soutenir cette acc\u00e9l\u00e9ration. Un d\u00e9fi qu\u2019au sein d\u2019 Experis IT nous relevons depuis des d\u00e9cennies. Non seulement nous trouvons ces talents, mais nous les accompagnons dans leur carri\u00e8re. Nous int\u00e9grons quotidiennement leur talent dans les solutions que nous offrons \u00e0 nos clients.<\/p>\n<p>M\u00eame si la technologie nous permet aujourd&rsquo;hui de travailler d\u2019une fa\u00e7on plus flexible, il reste important de trouver des talents techniques hautement qualifi\u00e9s ayant une connaissance transversale de sorte \u00e0 s&rsquo;adapter constamment \u00e0 ce monde changeant.<\/p>\n<p>Nos experts en informatique sont \u00e0 votre disposition, \u00e0 la fois pour des projets ponctuels que pour des emplois permanents. De cette fa\u00e7on, nous offrons \u00e0 nos clients et nos talents la solution qui r\u00e9pond le mieux \u00e0 leurs attentes.[\/vc_column_text][\/vc_tta_section][\/vc_tta_tabs][\/vc_column][\/vc_row]<\/p>\n<\/section>","protected":false},"excerpt":{"rendered":"<p>[vc_row][vc_column][vc_tta_tabs][vc_tta_section title=\u00a0\u00bbICT\u00a0\u00bb tab_id=\u00a0\u00bb1482939206351-c5c601c2-d288&Prime; el_class=\u00a0\u00bbict\u00a0\u00bb][vc_column_text]Sur le march\u00e9 du travail les comp\u00e9tences en informatiques sont aujourd&rsquo;hui essentielles. Les technologies \u00e9voluent de plus en plus vite et nos clients nous demandent de trouver les talents ad\u00e9quats pour soutenir cette acc\u00e9l\u00e9ration. Un d\u00e9fi qu\u2019au sein d\u2019 Experis IT nous relevons depuis des d\u00e9cennies. Non seulement nous trouvons ces talents, &hellip; <a href=\"https:\/\/experis.lu\/fr\/notre-expertise\/\" class=\"more-link\">Continuer la lecture<span class=\"screen-reader-text\"> de &laquo;&nbsp;Notre expertise&nbsp;&raquo;<\/span><\/a><\/p>\n","protected":false},"author":83,"featured_media":0,"parent":0,"menu_order":0,"comment_status":"closed","ping_status":"closed","template":"","meta":{"footnotes":""},"class_list":["post-3383","page","type-page","status-publish","hentry"],"yoast_head":"<!-- This site is optimized with the Yoast SEO plugin v27.3 - https:\/\/yoast.com\/product\/yoast-seo-wordpress\/ -->\n<title>Notre expertise - Experis Luxembourg<\/title>\n<meta name=\"description\" content=\"Sur le march\u00e9 du travail les comp\u00e9tences en informatiques sont aujourd&#039;hui essentielles. La technologie qui soutient notre \u00e9conomie \u00e9volue de plus en plus.\" \/>\n<meta name=\"robots\" content=\"index, follow, max-snippet:-1, max-image-preview:large, max-video-preview:-1\" \/>\n<link rel=\"canonical\" href=\"https:\/\/experis.lu\/fr\/notre-expertise\/\" \/>\n<meta property=\"og:locale\" content=\"fr_FR\" \/>\n<meta property=\"og:type\" content=\"article\" \/>\n<meta property=\"og:title\" content=\"Notre expertise - Experis Luxembourg\" \/>\n<meta property=\"og:description\" content=\"Sur le march\u00e9 du travail les comp\u00e9tences en informatiques sont aujourd&#039;hui essentielles. La technologie qui soutient notre \u00e9conomie \u00e9volue de plus en plus.\" \/>\n<meta property=\"og:url\" content=\"https:\/\/experis.lu\/fr\/notre-expertise\/\" \/>\n<meta property=\"article:modified_time\" content=\"2023-05-08T11:35:28+00:00\" \/>\n<meta name=\"twitter:card\" content=\"summary_large_image\" \/>\n<meta name=\"twitter:label1\" content=\"Dur\u00e9e de lecture estim\u00e9e\" \/>\n\t<meta name=\"twitter:data1\" content=\"1 minute\" \/>\n<script type=\"application\/ld+json\" class=\"yoast-schema-graph\">{\"@context\":\"https:\\\/\\\/schema.org\",\"@graph\":[{\"@type\":\"WebPage\",\"@id\":\"https:\\\/\\\/experis.lu\\\/fr\\\/notre-expertise\\\/\",\"url\":\"https:\\\/\\\/experis.lu\\\/fr\\\/notre-expertise\\\/\",\"name\":\"Notre expertise - Experis Luxembourg\",\"isPartOf\":{\"@id\":\"https:\\\/\\\/experis.lu\\\/#website\"},\"datePublished\":\"2016-12-28T15:40:32+00:00\",\"dateModified\":\"2023-05-08T11:35:28+00:00\",\"description\":\"Sur le march\u00e9 du travail les comp\u00e9tences en informatiques sont aujourd'hui essentielles. La technologie qui soutient notre \u00e9conomie \u00e9volue de plus en plus.\",\"breadcrumb\":{\"@id\":\"https:\\\/\\\/experis.lu\\\/fr\\\/notre-expertise\\\/#breadcrumb\"},\"inLanguage\":\"fr-FR\",\"potentialAction\":[{\"@type\":\"ReadAction\",\"target\":[\"https:\\\/\\\/experis.lu\\\/fr\\\/notre-expertise\\\/\"]}]},{\"@type\":\"BreadcrumbList\",\"@id\":\"https:\\\/\\\/experis.lu\\\/fr\\\/notre-expertise\\\/#breadcrumb\",\"itemListElement\":[{\"@type\":\"ListItem\",\"position\":1,\"name\":\"Home\",\"item\":\"https:\\\/\\\/experis.lu\\\/fr\\\/\"},{\"@type\":\"ListItem\",\"position\":2,\"name\":\"Notre expertise\"}]},{\"@type\":\"WebSite\",\"@id\":\"https:\\\/\\\/experis.lu\\\/#website\",\"url\":\"https:\\\/\\\/experis.lu\\\/\",\"name\":\"\",\"description\":\"\",\"potentialAction\":[{\"@type\":\"SearchAction\",\"target\":{\"@type\":\"EntryPoint\",\"urlTemplate\":\"https:\\\/\\\/experis.lu\\\/?s={search_term_string}\"},\"query-input\":{\"@type\":\"PropertyValueSpecification\",\"valueRequired\":true,\"valueName\":\"search_term_string\"}}],\"inLanguage\":\"fr-FR\"}]}<\/script>\n<!-- \/ Yoast SEO plugin. -->","yoast_head_json":{"title":"Notre expertise - Experis Luxembourg","description":"Sur le march\u00e9 du travail les comp\u00e9tences en informatiques sont aujourd'hui essentielles. La technologie qui soutient notre \u00e9conomie \u00e9volue de plus en plus.","robots":{"index":"index","follow":"follow","max-snippet":"max-snippet:-1","max-image-preview":"max-image-preview:large","max-video-preview":"max-video-preview:-1"},"canonical":"https:\/\/experis.lu\/fr\/notre-expertise\/","og_locale":"fr_FR","og_type":"article","og_title":"Notre expertise - Experis Luxembourg","og_description":"Sur le march\u00e9 du travail les comp\u00e9tences en informatiques sont aujourd'hui essentielles. La technologie qui soutient notre \u00e9conomie \u00e9volue de plus en plus.","og_url":"https:\/\/experis.lu\/fr\/notre-expertise\/","article_modified_time":"2023-05-08T11:35:28+00:00","twitter_card":"summary_large_image","twitter_misc":{"Dur\u00e9e de lecture estim\u00e9e":"1 minute"},"schema":{"@context":"https:\/\/schema.org","@graph":[{"@type":"WebPage","@id":"https:\/\/experis.lu\/fr\/notre-expertise\/","url":"https:\/\/experis.lu\/fr\/notre-expertise\/","name":"Notre expertise - Experis Luxembourg","isPartOf":{"@id":"https:\/\/experis.lu\/#website"},"datePublished":"2016-12-28T15:40:32+00:00","dateModified":"2023-05-08T11:35:28+00:00","description":"Sur le march\u00e9 du travail les comp\u00e9tences en informatiques sont aujourd'hui essentielles. La technologie qui soutient notre \u00e9conomie \u00e9volue de plus en plus.","breadcrumb":{"@id":"https:\/\/experis.lu\/fr\/notre-expertise\/#breadcrumb"},"inLanguage":"fr-FR","potentialAction":[{"@type":"ReadAction","target":["https:\/\/experis.lu\/fr\/notre-expertise\/"]}]},{"@type":"BreadcrumbList","@id":"https:\/\/experis.lu\/fr\/notre-expertise\/#breadcrumb","itemListElement":[{"@type":"ListItem","position":1,"name":"Home","item":"https:\/\/experis.lu\/fr\/"},{"@type":"ListItem","position":2,"name":"Notre expertise"}]},{"@type":"WebSite","@id":"https:\/\/experis.lu\/#website","url":"https:\/\/experis.lu\/","name":"","description":"","potentialAction":[{"@type":"SearchAction","target":{"@type":"EntryPoint","urlTemplate":"https:\/\/experis.lu\/?s={search_term_string}"},"query-input":{"@type":"PropertyValueSpecification","valueRequired":true,"valueName":"search_term_string"}}],"inLanguage":"fr-FR"}]}},"_links":{"self":[{"href":"https:\/\/experis.lu\/fr\/wp-json\/wp\/v2\/pages\/3383","targetHints":{"allow":["GET"]}}],"collection":[{"href":"https:\/\/experis.lu\/fr\/wp-json\/wp\/v2\/pages"}],"about":[{"href":"https:\/\/experis.lu\/fr\/wp-json\/wp\/v2\/types\/page"}],"author":[{"embeddable":true,"href":"https:\/\/experis.lu\/fr\/wp-json\/wp\/v2\/users\/83"}],"replies":[{"embeddable":true,"href":"https:\/\/experis.lu\/fr\/wp-json\/wp\/v2\/comments?post=3383"}],"version-history":[{"count":2,"href":"https:\/\/experis.lu\/fr\/wp-json\/wp\/v2\/pages\/3383\/revisions"}],"predecessor-version":[{"id":58072,"href":"https:\/\/experis.lu\/fr\/wp-json\/wp\/v2\/pages\/3383\/revisions\/58072"}],"wp:attachment":[{"href":"https:\/\/experis.lu\/fr\/wp-json\/wp\/v2\/media?parent=3383"}],"curies":[{"name":"wp","href":"https:\/\/api.w.org\/{rel}","templated":true}]}}