
{"id":3371,"date":"2016-12-28T15:09:50","date_gmt":"2016-12-28T15:09:50","guid":{"rendered":"http:\/\/experislvh.cluster023.hosting.ovh.net\/fr\/?page_id=3371"},"modified":"2017-06-23T09:56:28","modified_gmt":"2017-06-23T09:56:28","slug":"nos-valeurs","status":"publish","type":"page","link":"https:\/\/experis.lu\/fr\/nos-valeurs\/","title":{"rendered":"Nos valeurs"},"content":{"rendered":"<section class=\"wpb-content-wrapper\"><p>[vc_row][vc_column][vc_column_text]Afin d&rsquo;\u00eatre et de rester un leader dans le monde du travail en \u00e9volution constante, nous alignons nos d\u00e9cisions sur nos trois valeurs\u00a0:[\/vc_column_text][vc_tta_accordion][vc_tta_section title=\u00a0\u00bb\u00catres humains\u00a0\u00bb tab_id=\u00a0\u00bb1482935537131-429a1f62-b8fd\u00a0\u00bb el_class=\u00a0\u00bbpeople\u00a0\u00bb][vc_column_text]Le talent humain vient au premier plan. Aussi, nous faisons grand cas de nos collaborateurs et du r\u00f4le que joue le travail dans leur vie. Nous les soutenons le mieux possible dans leur carri\u00e8re et nous reconnaissons leur contribution \u00e0 notre r\u00e9ussite.[\/vc_column_text][\/vc_tta_section][vc_tta_section title=\u00a0\u00bbConnaissances\u00a0\u00bb tab_id=\u00a0\u00bb1482935537204-1f72618f-3091&Prime; el_class=\u00a0\u00bbknowledge\u00a0\u00bb][vc_column_text]Nous partageons nos connaissances et notre expertise afin que tout le monde comprenne l\u2019importance des changements dans le monde du travail et sache comment y r\u00e9agir de fa\u00e7on optimale. Sur la base de ces connaissances, nous am\u00e9liorons constamment nos services, nos solutions et nos relations, et nous stimulons l\u2019\u00e9volution de notre secteur.[\/vc_column_text][\/vc_tta_section][vc_tta_section title=\u00a0\u00bbInnovation\u00a0\u00bb tab_id=\u00a0\u00bb1482935707406-7358cf64-7356&Prime; el_class=\u00a0\u00bbinnovation\u00a0\u00bb][vc_column_text]Nous sommes des leaders dans le monde du travail. Nous osons innover et \u00e9voluer. Gr\u00e2ce \u00e0 notre esprit d\u2019entreprise et notre vitesse de r\u00e9action, nous sommes en mesure de mettre au d\u00e9fi les normes pr\u00e9dominantes et d&rsquo;am\u00e9liorer nos services.[\/vc_column_text][\/vc_tta_section][\/vc_tta_accordion][vc_column_text]Sur la base de notre vision et de nos valeurs, nous adh\u00e9rons \u00e9galement tous aux 6 \u00e9l\u00e9ments qui d\u00e9finissent notre culture d&rsquo;entreprise :[\/vc_column_text][vc_tta_accordion][vc_tta_section title=\u00a0\u00bbInnovant \u00a0\u00bb tab_id=\u00a0\u00bb1482935846957-84fe4da8-bbe8&Prime; el_class=\u00a0\u00bbforward-looking\u00a0\u00bb][vc_column_text]Nous anticipons de nouveaux d\u00e9veloppements et en pilotons aussi nous-m\u00eames.[\/vc_column_text][\/vc_tta_section][vc_tta_section title=\u00a0\u00bbExperts\u00a0\u00bb tab_id=\u00a0\u00bb1482935939944-0eaabff4-01ba\u00a0\u00bb el_class=\u00a0\u00bbexpert\u00a0\u00bb][vc_column_text]Nous \u00e9pinglons les changements dans le monde du travail, et cette expertise nous permet d\u2019utiliser enti\u00e8rement toutes les possibilit\u00e9s.[\/vc_column_text][\/vc_tta_section][vc_tta_section title=\u00a0\u00bbInclusivement \u00a0\u00bb tab_id=\u00a0\u00bb1482935847037-3644ce3f-14e5&Prime; el_class=\u00a0\u00bbinclusive\u00a0\u00bb][vc_column_text]Nous travaillons comme une seule \u00e9quipe, pour et avec tout le monde.[\/vc_column_text][\/vc_tta_section][vc_tta_section title=\u00a0\u00bbUn esprit neuf \u00a0\u00bb tab_id=\u00a0\u00bb1482935976065-2e818997-8434&Prime; el_class=\u00a0\u00bbfresh-thinking\u00a0\u00bb][vc_column_text]Nous examinons les choses autrement, nous mettons la norme au d\u00e9fi et nous cherchons des solutions cr\u00e9atives.[\/vc_column_text][\/vc_tta_section][vc_tta_section title=\u00a0\u00bbEngag\u00e9 \u00a0\u00bb tab_id=\u00a0\u00bb1482936026805-e9eea2b5-8414&Prime; el_class=\u00a0\u00bbengaging\u00a0\u00bb][vc_column_text]Nous sommes cordiaux et accessibles, r\u00e9fl\u00e9chis et respectueux. M\u00eame si nous ne trouvons pas un emploi pour une personne donn\u00e9e, nous l\u2019orientons dans la bonne direction.[\/vc_column_text][\/vc_tta_section][vc_tta_section title=\u00a0\u00bbDigne de confiance\u00a0\u00bb tab_id=\u00a0\u00bb1482936064224-5b49beea-6c20&Prime; el_class=\u00a0\u00bbtrustworthy\u00a0\u00bb][vc_column_text]Nous sommes honn\u00eates, int\u00e8gres et dignes de confiance. Si nous affirmons que nous allons faire quelque chose, nous le faisons effectivement.[\/vc_column_text][\/vc_tta_section][\/vc_tta_accordion][\/vc_column][\/vc_row]<\/p>\n<\/section>","protected":false},"excerpt":{"rendered":"<p>[vc_row][vc_column][vc_column_text]Afin d&rsquo;\u00eatre et de rester un leader dans le monde du travail en \u00e9volution constante, nous alignons nos d\u00e9cisions sur nos trois valeurs\u00a0:[\/vc_column_text][vc_tta_accordion][vc_tta_section title=\u00a0\u00bb\u00catres humains\u00a0\u00bb tab_id=\u00a0\u00bb1482935537131-429a1f62-b8fd\u00a0\u00bb el_class=\u00a0\u00bbpeople\u00a0\u00bb][vc_column_text]Le talent humain vient au premier plan. Aussi, nous faisons grand cas de nos collaborateurs et du r\u00f4le que joue le travail dans leur vie. Nous les soutenons le &hellip; <a href=\"https:\/\/experis.lu\/fr\/nos-valeurs\/\" class=\"more-link\">Continuer la lecture<span class=\"screen-reader-text\"> de &laquo;&nbsp;Nos valeurs&nbsp;&raquo;<\/span><\/a><\/p>\n","protected":false},"author":83,"featured_media":0,"parent":0,"menu_order":0,"comment_status":"closed","ping_status":"closed","template":"","meta":{"footnotes":""},"class_list":["post-3371","page","type-page","status-publish","hentry"],"yoast_head":"<!-- This site is optimized with the Yoast SEO plugin v27.3 - https:\/\/yoast.com\/product\/yoast-seo-wordpress\/ -->\n<title>Nos valeurs - Experis Luxembourg<\/title>\n<meta name=\"description\" content=\"Afin d\u2019\u00eatre et de rester un leader dans le monde du travail en \u00e9volution constante, nous alignons nos d\u00e9cisions sur nos trois valeurs...\" \/>\n<meta name=\"robots\" content=\"index, follow, max-snippet:-1, max-image-preview:large, max-video-preview:-1\" \/>\n<link rel=\"canonical\" href=\"https:\/\/experis.lu\/fr\/nos-valeurs\/\" \/>\n<meta property=\"og:locale\" content=\"fr_FR\" \/>\n<meta property=\"og:type\" content=\"article\" \/>\n<meta property=\"og:title\" content=\"Nos valeurs - Experis Luxembourg\" \/>\n<meta property=\"og:description\" content=\"Afin d\u2019\u00eatre et de rester un leader dans le monde du travail en \u00e9volution constante, nous alignons nos d\u00e9cisions sur nos trois valeurs...\" \/>\n<meta property=\"og:url\" content=\"https:\/\/experis.lu\/fr\/nos-valeurs\/\" \/>\n<meta property=\"article:modified_time\" content=\"2017-06-23T09:56:28+00:00\" \/>\n<meta name=\"twitter:card\" content=\"summary_large_image\" \/>\n<meta name=\"twitter:label1\" content=\"Dur\u00e9e de lecture estim\u00e9e\" \/>\n\t<meta name=\"twitter:data1\" content=\"3 minutes\" \/>\n<script type=\"application\/ld+json\" class=\"yoast-schema-graph\">{\"@context\":\"https:\\\/\\\/schema.org\",\"@graph\":[{\"@type\":\"WebPage\",\"@id\":\"https:\\\/\\\/experis.lu\\\/fr\\\/nos-valeurs\\\/\",\"url\":\"https:\\\/\\\/experis.lu\\\/fr\\\/nos-valeurs\\\/\",\"name\":\"Nos valeurs - Experis Luxembourg\",\"isPartOf\":{\"@id\":\"https:\\\/\\\/experis.lu\\\/#website\"},\"datePublished\":\"2016-12-28T15:09:50+00:00\",\"dateModified\":\"2017-06-23T09:56:28+00:00\",\"description\":\"Afin d\u2019\u00eatre et de rester un leader dans le monde du travail en \u00e9volution constante, nous alignons nos d\u00e9cisions sur nos trois valeurs...\",\"breadcrumb\":{\"@id\":\"https:\\\/\\\/experis.lu\\\/fr\\\/nos-valeurs\\\/#breadcrumb\"},\"inLanguage\":\"fr-FR\",\"potentialAction\":[{\"@type\":\"ReadAction\",\"target\":[\"https:\\\/\\\/experis.lu\\\/fr\\\/nos-valeurs\\\/\"]}]},{\"@type\":\"BreadcrumbList\",\"@id\":\"https:\\\/\\\/experis.lu\\\/fr\\\/nos-valeurs\\\/#breadcrumb\",\"itemListElement\":[{\"@type\":\"ListItem\",\"position\":1,\"name\":\"Home\",\"item\":\"https:\\\/\\\/experis.lu\\\/fr\\\/\"},{\"@type\":\"ListItem\",\"position\":2,\"name\":\"Nos valeurs\"}]},{\"@type\":\"WebSite\",\"@id\":\"https:\\\/\\\/experis.lu\\\/#website\",\"url\":\"https:\\\/\\\/experis.lu\\\/\",\"name\":\"\",\"description\":\"\",\"potentialAction\":[{\"@type\":\"SearchAction\",\"target\":{\"@type\":\"EntryPoint\",\"urlTemplate\":\"https:\\\/\\\/experis.lu\\\/?s={search_term_string}\"},\"query-input\":{\"@type\":\"PropertyValueSpecification\",\"valueRequired\":true,\"valueName\":\"search_term_string\"}}],\"inLanguage\":\"fr-FR\"}]}<\/script>\n<!-- \/ Yoast SEO plugin. -->","yoast_head_json":{"title":"Nos valeurs - Experis Luxembourg","description":"Afin d\u2019\u00eatre et de rester un leader dans le monde du travail en \u00e9volution constante, nous alignons nos d\u00e9cisions sur nos trois valeurs...","robots":{"index":"index","follow":"follow","max-snippet":"max-snippet:-1","max-image-preview":"max-image-preview:large","max-video-preview":"max-video-preview:-1"},"canonical":"https:\/\/experis.lu\/fr\/nos-valeurs\/","og_locale":"fr_FR","og_type":"article","og_title":"Nos valeurs - Experis Luxembourg","og_description":"Afin d\u2019\u00eatre et de rester un leader dans le monde du travail en \u00e9volution constante, nous alignons nos d\u00e9cisions sur nos trois valeurs...","og_url":"https:\/\/experis.lu\/fr\/nos-valeurs\/","article_modified_time":"2017-06-23T09:56:28+00:00","twitter_card":"summary_large_image","twitter_misc":{"Dur\u00e9e de lecture estim\u00e9e":"3 minutes"},"schema":{"@context":"https:\/\/schema.org","@graph":[{"@type":"WebPage","@id":"https:\/\/experis.lu\/fr\/nos-valeurs\/","url":"https:\/\/experis.lu\/fr\/nos-valeurs\/","name":"Nos valeurs - Experis Luxembourg","isPartOf":{"@id":"https:\/\/experis.lu\/#website"},"datePublished":"2016-12-28T15:09:50+00:00","dateModified":"2017-06-23T09:56:28+00:00","description":"Afin d\u2019\u00eatre et de rester un leader dans le monde du travail en \u00e9volution constante, nous alignons nos d\u00e9cisions sur nos trois valeurs...","breadcrumb":{"@id":"https:\/\/experis.lu\/fr\/nos-valeurs\/#breadcrumb"},"inLanguage":"fr-FR","potentialAction":[{"@type":"ReadAction","target":["https:\/\/experis.lu\/fr\/nos-valeurs\/"]}]},{"@type":"BreadcrumbList","@id":"https:\/\/experis.lu\/fr\/nos-valeurs\/#breadcrumb","itemListElement":[{"@type":"ListItem","position":1,"name":"Home","item":"https:\/\/experis.lu\/fr\/"},{"@type":"ListItem","position":2,"name":"Nos valeurs"}]},{"@type":"WebSite","@id":"https:\/\/experis.lu\/#website","url":"https:\/\/experis.lu\/","name":"","description":"","potentialAction":[{"@type":"SearchAction","target":{"@type":"EntryPoint","urlTemplate":"https:\/\/experis.lu\/?s={search_term_string}"},"query-input":{"@type":"PropertyValueSpecification","valueRequired":true,"valueName":"search_term_string"}}],"inLanguage":"fr-FR"}]}},"_links":{"self":[{"href":"https:\/\/experis.lu\/fr\/wp-json\/wp\/v2\/pages\/3371","targetHints":{"allow":["GET"]}}],"collection":[{"href":"https:\/\/experis.lu\/fr\/wp-json\/wp\/v2\/pages"}],"about":[{"href":"https:\/\/experis.lu\/fr\/wp-json\/wp\/v2\/types\/page"}],"author":[{"embeddable":true,"href":"https:\/\/experis.lu\/fr\/wp-json\/wp\/v2\/users\/83"}],"replies":[{"embeddable":true,"href":"https:\/\/experis.lu\/fr\/wp-json\/wp\/v2\/comments?post=3371"}],"version-history":[{"count":2,"href":"https:\/\/experis.lu\/fr\/wp-json\/wp\/v2\/pages\/3371\/revisions"}],"predecessor-version":[{"id":50735,"href":"https:\/\/experis.lu\/fr\/wp-json\/wp\/v2\/pages\/3371\/revisions\/50735"}],"wp:attachment":[{"href":"https:\/\/experis.lu\/fr\/wp-json\/wp\/v2\/media?parent=3371"}],"curies":[{"name":"wp","href":"https:\/\/api.w.org\/{rel}","templated":true}]}}