
{"id":3362,"date":"2016-12-28T14:24:12","date_gmt":"2016-12-28T14:24:12","guid":{"rendered":"http:\/\/experislvh.cluster023.hosting.ovh.net\/fr\/?page_id=3362"},"modified":"2017-02-15T08:53:57","modified_gmt":"2017-02-15T08:53:57","slug":"belux","status":"publish","type":"page","link":"https:\/\/experis.lu\/fr\/belux\/","title":{"rendered":"Belux"},"content":{"rendered":"<p>Experis Belux est une soci\u00e9t\u00e9 en pleine croissance. Nous employons en permanence plus de<br \/>\n400 personnes au sein des plus grandes entreprises, parmi les secteurs dans lesquels nous op\u00e9rons. Ce n\u2019est pas un hasard si nous avons \u00e9t\u00e9 nomm\u00e9 \u00ab\u00a0Trends Gazelle\u00a0\u00bb deux ann\u00e9es cons\u00e9cutives dans les \u00ab\u00a0grandes gazelles\u00a0\u00bb de Bruxelles. Depuis nos bureaux \u00e0 Bruxelles, Anvers, Drongen et Braine, plus de 65 consultants Experis prennent perp\u00e9tuellement le pouls du march\u00e9 du travail. Au Luxembourg, Experis dispose \u00e9galement d&rsquo;une \u00e9quipe forte de dix consultants qui r\u00e9alisent de belles performances sur le march\u00e9 local.<\/p>\n<h5>L\u2019exp\u00e9rience client :<\/h5>\n<p>Experis Belux offre \u00e0 ses clients les services de ses \u00e9quipes sp\u00e9cialis\u00e9es dans l\u2019ICT, les finances &amp; ressources humaines, l\u2019ing\u00e9nierie &amp; les sciences de la vie. Au sein de ces trois sp\u00e9cialisations, nous disposons d\u2019experts charg\u00e9s du recrutement et de la s\u00e9lection, de sp\u00e9cialistes de la mise \u00e0 disposition de talents sur des projets ainsi que de professionnels des solutions sur mesure pour vos projets de recrutement, du processus d&rsquo;identification et de persuasion \u00e0 la signature du contrat et l\u2019entr\u00e9e en fonction.<\/p>\n<p>Lorsque nous parlons de solutions, nous pensons r\u00e9duction des co\u00fbts, \u00e9valuation du potentiel de croissance et solutions en termes d\u2019afflux.<\/p>\n<h5>L\u2019exp\u00e9rience candidat :<\/h5>\n<p>Experis a \u00e0 c\u0153ur de fournir \u00e0 tous les candidats interview\u00e9s un feedback juste et constructif. Notre objectif est de faire de chaque rencontre une exp\u00e9rience enrichissante.<\/p>\n<p>Experis offre \u00e0 ses consultants sur projets la garantie d\u2019un bon suivi. \u00c0 partir de ce suivi, nous d\u00e9finissons les besoins de formation et le plan de carri\u00e8re de chaque employ\u00e9. Experis maintient ainsi des standards \u00e9lev\u00e9s et les rend mesurables\u00a0: notre valeur ajout\u00e9e est \u00e9valu\u00e9e chaque mois par chaque consultant par le biais d&rsquo;une enqu\u00eate, et l\u2019attention n\u00e9cessaire est apport\u00e9e au suivi de cette \u00e9valuation.<\/p>\n","protected":false},"excerpt":{"rendered":"<p>Experis Belux est une soci\u00e9t\u00e9 en pleine croissance. Nous employons en permanence plus de 400 personnes au sein des plus grandes entreprises, parmi les secteurs dans lesquels nous op\u00e9rons. Ce n\u2019est pas un hasard si nous avons \u00e9t\u00e9 nomm\u00e9 \u00ab\u00a0Trends Gazelle\u00a0\u00bb deux ann\u00e9es cons\u00e9cutives dans les \u00ab\u00a0grandes gazelles\u00a0\u00bb de Bruxelles. Depuis nos bureaux \u00e0 Bruxelles, &hellip; <a href=\"https:\/\/experis.lu\/fr\/belux\/\" class=\"more-link\">Continuer la lecture<span class=\"screen-reader-text\"> de &laquo;&nbsp;Belux&nbsp;&raquo;<\/span><\/a><\/p>\n","protected":false},"author":83,"featured_media":0,"parent":0,"menu_order":0,"comment_status":"closed","ping_status":"closed","template":"","meta":{"footnotes":""},"class_list":["post-3362","page","type-page","status-publish","hentry"],"yoast_head":"<!-- This site is optimized with the Yoast SEO plugin v27.3 - https:\/\/yoast.com\/product\/yoast-seo-wordpress\/ -->\n<title>Belux - Experis Luxembourg<\/title>\n<meta name=\"description\" content=\"Experis Belux est une soci\u00e9t\u00e9 en pleine croissance. Nous employons en permanence plus de 400 personnes au sein des plus grandes entreprises.\" \/>\n<meta name=\"robots\" content=\"index, follow, max-snippet:-1, max-image-preview:large, max-video-preview:-1\" \/>\n<link rel=\"canonical\" href=\"https:\/\/experis.lu\/fr\/belux\/\" \/>\n<meta property=\"og:locale\" content=\"fr_FR\" \/>\n<meta property=\"og:type\" content=\"article\" \/>\n<meta property=\"og:title\" content=\"Belux - Experis Luxembourg\" \/>\n<meta property=\"og:description\" content=\"Experis Belux est une soci\u00e9t\u00e9 en pleine croissance. Nous employons en permanence plus de 400 personnes au sein des plus grandes entreprises.\" \/>\n<meta property=\"og:url\" content=\"https:\/\/experis.lu\/fr\/belux\/\" \/>\n<meta property=\"article:modified_time\" content=\"2017-02-15T08:53:57+00:00\" \/>\n<meta name=\"twitter:card\" content=\"summary_large_image\" \/>\n<meta name=\"twitter:label1\" content=\"Dur\u00e9e de lecture estim\u00e9e\" \/>\n\t<meta name=\"twitter:data1\" content=\"2 minutes\" \/>\n<script type=\"application\/ld+json\" class=\"yoast-schema-graph\">{\"@context\":\"https:\\\/\\\/schema.org\",\"@graph\":[{\"@type\":\"WebPage\",\"@id\":\"https:\\\/\\\/experis.lu\\\/fr\\\/belux\\\/\",\"url\":\"https:\\\/\\\/experis.lu\\\/fr\\\/belux\\\/\",\"name\":\"Belux - Experis Luxembourg\",\"isPartOf\":{\"@id\":\"https:\\\/\\\/experis.lu\\\/#website\"},\"datePublished\":\"2016-12-28T14:24:12+00:00\",\"dateModified\":\"2017-02-15T08:53:57+00:00\",\"description\":\"Experis Belux est une soci\u00e9t\u00e9 en pleine croissance. Nous employons en permanence plus de 400 personnes au sein des plus grandes entreprises.\",\"breadcrumb\":{\"@id\":\"https:\\\/\\\/experis.lu\\\/fr\\\/belux\\\/#breadcrumb\"},\"inLanguage\":\"fr-FR\",\"potentialAction\":[{\"@type\":\"ReadAction\",\"target\":[\"https:\\\/\\\/experis.lu\\\/fr\\\/belux\\\/\"]}]},{\"@type\":\"BreadcrumbList\",\"@id\":\"https:\\\/\\\/experis.lu\\\/fr\\\/belux\\\/#breadcrumb\",\"itemListElement\":[{\"@type\":\"ListItem\",\"position\":1,\"name\":\"Home\",\"item\":\"https:\\\/\\\/experis.lu\\\/fr\\\/\"},{\"@type\":\"ListItem\",\"position\":2,\"name\":\"Belux\"}]},{\"@type\":\"WebSite\",\"@id\":\"https:\\\/\\\/experis.lu\\\/#website\",\"url\":\"https:\\\/\\\/experis.lu\\\/\",\"name\":\"\",\"description\":\"\",\"potentialAction\":[{\"@type\":\"SearchAction\",\"target\":{\"@type\":\"EntryPoint\",\"urlTemplate\":\"https:\\\/\\\/experis.lu\\\/?s={search_term_string}\"},\"query-input\":{\"@type\":\"PropertyValueSpecification\",\"valueRequired\":true,\"valueName\":\"search_term_string\"}}],\"inLanguage\":\"fr-FR\"}]}<\/script>\n<!-- \/ Yoast SEO plugin. -->","yoast_head_json":{"title":"Belux - Experis Luxembourg","description":"Experis Belux est une soci\u00e9t\u00e9 en pleine croissance. Nous employons en permanence plus de 400 personnes au sein des plus grandes entreprises.","robots":{"index":"index","follow":"follow","max-snippet":"max-snippet:-1","max-image-preview":"max-image-preview:large","max-video-preview":"max-video-preview:-1"},"canonical":"https:\/\/experis.lu\/fr\/belux\/","og_locale":"fr_FR","og_type":"article","og_title":"Belux - Experis Luxembourg","og_description":"Experis Belux est une soci\u00e9t\u00e9 en pleine croissance. Nous employons en permanence plus de 400 personnes au sein des plus grandes entreprises.","og_url":"https:\/\/experis.lu\/fr\/belux\/","article_modified_time":"2017-02-15T08:53:57+00:00","twitter_card":"summary_large_image","twitter_misc":{"Dur\u00e9e de lecture estim\u00e9e":"2 minutes"},"schema":{"@context":"https:\/\/schema.org","@graph":[{"@type":"WebPage","@id":"https:\/\/experis.lu\/fr\/belux\/","url":"https:\/\/experis.lu\/fr\/belux\/","name":"Belux - Experis Luxembourg","isPartOf":{"@id":"https:\/\/experis.lu\/#website"},"datePublished":"2016-12-28T14:24:12+00:00","dateModified":"2017-02-15T08:53:57+00:00","description":"Experis Belux est une soci\u00e9t\u00e9 en pleine croissance. Nous employons en permanence plus de 400 personnes au sein des plus grandes entreprises.","breadcrumb":{"@id":"https:\/\/experis.lu\/fr\/belux\/#breadcrumb"},"inLanguage":"fr-FR","potentialAction":[{"@type":"ReadAction","target":["https:\/\/experis.lu\/fr\/belux\/"]}]},{"@type":"BreadcrumbList","@id":"https:\/\/experis.lu\/fr\/belux\/#breadcrumb","itemListElement":[{"@type":"ListItem","position":1,"name":"Home","item":"https:\/\/experis.lu\/fr\/"},{"@type":"ListItem","position":2,"name":"Belux"}]},{"@type":"WebSite","@id":"https:\/\/experis.lu\/#website","url":"https:\/\/experis.lu\/","name":"","description":"","potentialAction":[{"@type":"SearchAction","target":{"@type":"EntryPoint","urlTemplate":"https:\/\/experis.lu\/?s={search_term_string}"},"query-input":{"@type":"PropertyValueSpecification","valueRequired":true,"valueName":"search_term_string"}}],"inLanguage":"fr-FR"}]}},"_links":{"self":[{"href":"https:\/\/experis.lu\/fr\/wp-json\/wp\/v2\/pages\/3362","targetHints":{"allow":["GET"]}}],"collection":[{"href":"https:\/\/experis.lu\/fr\/wp-json\/wp\/v2\/pages"}],"about":[{"href":"https:\/\/experis.lu\/fr\/wp-json\/wp\/v2\/types\/page"}],"author":[{"embeddable":true,"href":"https:\/\/experis.lu\/fr\/wp-json\/wp\/v2\/users\/83"}],"replies":[{"embeddable":true,"href":"https:\/\/experis.lu\/fr\/wp-json\/wp\/v2\/comments?post=3362"}],"version-history":[{"count":0,"href":"https:\/\/experis.lu\/fr\/wp-json\/wp\/v2\/pages\/3362\/revisions"}],"wp:attachment":[{"href":"https:\/\/experis.lu\/fr\/wp-json\/wp\/v2\/media?parent=3362"}],"curies":[{"name":"wp","href":"https:\/\/api.w.org\/{rel}","templated":true}]}}