
{"id":3355,"date":"2016-12-28T14:16:28","date_gmt":"2016-12-28T14:16:28","guid":{"rendered":"http:\/\/experislvh.cluster023.hosting.ovh.net\/fr\/?page_id=3355"},"modified":"2023-05-08T11:40:57","modified_gmt":"2023-05-08T11:40:57","slug":"entreprise-internationale","status":"publish","type":"page","link":"https:\/\/experis.lu\/fr\/entreprise-internationale\/","title":{"rendered":"Entreprise internationale"},"content":{"rendered":"<h5>Une soci\u00e9t\u00e9 de Talents r\u00e9invent\u00e9e.<\/h5>\n<p>Transformer les d\u00e9fis en opportunit\u00e9s. Booster les carri\u00e8res. Pousser la croissance des entreprises. Peu d&rsquo;entreprises peuvent \u00e9galer l\u2019envergure d\u2019Experis, sa tradition de r\u00e9ussite et sa r\u00e9putation de leader mondial en mati\u00e8re de talents et solutions professionnelles. Nous aidons nos clients et talents gr\u00e2ce \u00e0 notre connaissance approfondie de leur secteur et une approche innovante \u00a0du potentiel humain.<br \/>\nExperis acc\u00e9l\u00e8re la croissance de ses clients et la carri\u00e8re de ses candidats. Nous trouvons, \u00e9valuons et pla\u00e7ons les meilleurs experts dans les domaine de l\u2019Informatique.<br \/>\nExperis est une marque sp\u00e9cialis\u00e9e de ManpowerGroup, leader mondial en ressources humaines depuis plus de 70 ans et pionnier reconnu dans le secteur. Chez Experis, nous op\u00e9rons dans plus de 50 pays \u00e0 travers le monde, d\u00e9ployant plus de 38 000 professionnels qualifi\u00e9s chaque jour. Voil\u00e0 pourquoi plus de 80 % du \u00ab Fortune Global 500 turn \u00bb se tournent vers nous pour d\u00e9nicher les talents qui leur permettront de se distinguer.<\/p>\n<p>&nbsp;<\/p>\n","protected":false},"excerpt":{"rendered":"<p>Une soci\u00e9t\u00e9 de Talents r\u00e9invent\u00e9e. Transformer les d\u00e9fis en opportunit\u00e9s. Booster les carri\u00e8res. Pousser la croissance des entreprises. Peu d&rsquo;entreprises peuvent \u00e9galer l\u2019envergure d\u2019Experis, sa tradition de r\u00e9ussite et sa r\u00e9putation de leader mondial en mati\u00e8re de talents et solutions professionnelles. Nous aidons nos clients et talents gr\u00e2ce \u00e0 notre connaissance approfondie de leur secteur &hellip; <a href=\"https:\/\/experis.lu\/fr\/entreprise-internationale\/\" class=\"more-link\">Continuer la lecture<span class=\"screen-reader-text\"> de &laquo;&nbsp;Entreprise internationale&nbsp;&raquo;<\/span><\/a><\/p>\n","protected":false},"author":83,"featured_media":0,"parent":0,"menu_order":0,"comment_status":"closed","ping_status":"closed","template":"","meta":{"footnotes":""},"class_list":["post-3355","page","type-page","status-publish","hentry"],"yoast_head":"<!-- This site is optimized with the Yoast SEO plugin v27.3 - https:\/\/yoast.com\/product\/yoast-seo-wordpress\/ -->\n<title>Entreprise internationale - Experis Luxembourg<\/title>\n<meta name=\"description\" content=\"Peu d\u2019entreprises peuvent \u00e9galer l\u2019envergure d\u2019Experis, sa tradition de r\u00e9ussite et sa r\u00e9putation en tant que leader mondial en mati\u00e8re de talents.\" \/>\n<meta name=\"robots\" content=\"index, follow, max-snippet:-1, max-image-preview:large, max-video-preview:-1\" \/>\n<link rel=\"canonical\" href=\"https:\/\/experis.lu\/fr\/entreprise-internationale\/\" \/>\n<meta property=\"og:locale\" content=\"fr_FR\" \/>\n<meta property=\"og:type\" content=\"article\" \/>\n<meta property=\"og:title\" content=\"Entreprise internationale - Experis Luxembourg\" \/>\n<meta property=\"og:description\" content=\"Peu d\u2019entreprises peuvent \u00e9galer l\u2019envergure d\u2019Experis, sa tradition de r\u00e9ussite et sa r\u00e9putation en tant que leader mondial en mati\u00e8re de talents.\" \/>\n<meta property=\"og:url\" content=\"https:\/\/experis.lu\/fr\/entreprise-internationale\/\" \/>\n<meta property=\"article:modified_time\" content=\"2023-05-08T11:40:57+00:00\" \/>\n<meta name=\"twitter:card\" content=\"summary_large_image\" \/>\n<meta name=\"twitter:label1\" content=\"Dur\u00e9e de lecture estim\u00e9e\" \/>\n\t<meta name=\"twitter:data1\" content=\"3 minutes\" \/>\n<script type=\"application\/ld+json\" class=\"yoast-schema-graph\">{\"@context\":\"https:\\\/\\\/schema.org\",\"@graph\":[{\"@type\":\"WebPage\",\"@id\":\"https:\\\/\\\/experis.lu\\\/fr\\\/entreprise-internationale\\\/\",\"url\":\"https:\\\/\\\/experis.lu\\\/fr\\\/entreprise-internationale\\\/\",\"name\":\"Entreprise internationale - Experis Luxembourg\",\"isPartOf\":{\"@id\":\"https:\\\/\\\/experis.lu\\\/#website\"},\"datePublished\":\"2016-12-28T14:16:28+00:00\",\"dateModified\":\"2023-05-08T11:40:57+00:00\",\"description\":\"Peu d\u2019entreprises peuvent \u00e9galer l\u2019envergure d\u2019Experis, sa tradition de r\u00e9ussite et sa r\u00e9putation en tant que leader mondial en mati\u00e8re de talents.\",\"breadcrumb\":{\"@id\":\"https:\\\/\\\/experis.lu\\\/fr\\\/entreprise-internationale\\\/#breadcrumb\"},\"inLanguage\":\"fr-FR\",\"potentialAction\":[{\"@type\":\"ReadAction\",\"target\":[\"https:\\\/\\\/experis.lu\\\/fr\\\/entreprise-internationale\\\/\"]}]},{\"@type\":\"BreadcrumbList\",\"@id\":\"https:\\\/\\\/experis.lu\\\/fr\\\/entreprise-internationale\\\/#breadcrumb\",\"itemListElement\":[{\"@type\":\"ListItem\",\"position\":1,\"name\":\"Home\",\"item\":\"https:\\\/\\\/experis.lu\\\/fr\\\/\"},{\"@type\":\"ListItem\",\"position\":2,\"name\":\"Entreprise internationale\"}]},{\"@type\":\"WebSite\",\"@id\":\"https:\\\/\\\/experis.lu\\\/#website\",\"url\":\"https:\\\/\\\/experis.lu\\\/\",\"name\":\"\",\"description\":\"\",\"potentialAction\":[{\"@type\":\"SearchAction\",\"target\":{\"@type\":\"EntryPoint\",\"urlTemplate\":\"https:\\\/\\\/experis.lu\\\/?s={search_term_string}\"},\"query-input\":{\"@type\":\"PropertyValueSpecification\",\"valueRequired\":true,\"valueName\":\"search_term_string\"}}],\"inLanguage\":\"fr-FR\"}]}<\/script>\n<!-- \/ Yoast SEO plugin. -->","yoast_head_json":{"title":"Entreprise internationale - Experis Luxembourg","description":"Peu d\u2019entreprises peuvent \u00e9galer l\u2019envergure d\u2019Experis, sa tradition de r\u00e9ussite et sa r\u00e9putation en tant que leader mondial en mati\u00e8re de talents.","robots":{"index":"index","follow":"follow","max-snippet":"max-snippet:-1","max-image-preview":"max-image-preview:large","max-video-preview":"max-video-preview:-1"},"canonical":"https:\/\/experis.lu\/fr\/entreprise-internationale\/","og_locale":"fr_FR","og_type":"article","og_title":"Entreprise internationale - Experis Luxembourg","og_description":"Peu d\u2019entreprises peuvent \u00e9galer l\u2019envergure d\u2019Experis, sa tradition de r\u00e9ussite et sa r\u00e9putation en tant que leader mondial en mati\u00e8re de talents.","og_url":"https:\/\/experis.lu\/fr\/entreprise-internationale\/","article_modified_time":"2023-05-08T11:40:57+00:00","twitter_card":"summary_large_image","twitter_misc":{"Dur\u00e9e de lecture estim\u00e9e":"3 minutes"},"schema":{"@context":"https:\/\/schema.org","@graph":[{"@type":"WebPage","@id":"https:\/\/experis.lu\/fr\/entreprise-internationale\/","url":"https:\/\/experis.lu\/fr\/entreprise-internationale\/","name":"Entreprise internationale - Experis Luxembourg","isPartOf":{"@id":"https:\/\/experis.lu\/#website"},"datePublished":"2016-12-28T14:16:28+00:00","dateModified":"2023-05-08T11:40:57+00:00","description":"Peu d\u2019entreprises peuvent \u00e9galer l\u2019envergure d\u2019Experis, sa tradition de r\u00e9ussite et sa r\u00e9putation en tant que leader mondial en mati\u00e8re de talents.","breadcrumb":{"@id":"https:\/\/experis.lu\/fr\/entreprise-internationale\/#breadcrumb"},"inLanguage":"fr-FR","potentialAction":[{"@type":"ReadAction","target":["https:\/\/experis.lu\/fr\/entreprise-internationale\/"]}]},{"@type":"BreadcrumbList","@id":"https:\/\/experis.lu\/fr\/entreprise-internationale\/#breadcrumb","itemListElement":[{"@type":"ListItem","position":1,"name":"Home","item":"https:\/\/experis.lu\/fr\/"},{"@type":"ListItem","position":2,"name":"Entreprise internationale"}]},{"@type":"WebSite","@id":"https:\/\/experis.lu\/#website","url":"https:\/\/experis.lu\/","name":"","description":"","potentialAction":[{"@type":"SearchAction","target":{"@type":"EntryPoint","urlTemplate":"https:\/\/experis.lu\/?s={search_term_string}"},"query-input":{"@type":"PropertyValueSpecification","valueRequired":true,"valueName":"search_term_string"}}],"inLanguage":"fr-FR"}]}},"_links":{"self":[{"href":"https:\/\/experis.lu\/fr\/wp-json\/wp\/v2\/pages\/3355","targetHints":{"allow":["GET"]}}],"collection":[{"href":"https:\/\/experis.lu\/fr\/wp-json\/wp\/v2\/pages"}],"about":[{"href":"https:\/\/experis.lu\/fr\/wp-json\/wp\/v2\/types\/page"}],"author":[{"embeddable":true,"href":"https:\/\/experis.lu\/fr\/wp-json\/wp\/v2\/users\/83"}],"replies":[{"embeddable":true,"href":"https:\/\/experis.lu\/fr\/wp-json\/wp\/v2\/comments?post=3355"}],"version-history":[{"count":5,"href":"https:\/\/experis.lu\/fr\/wp-json\/wp\/v2\/pages\/3355\/revisions"}],"predecessor-version":[{"id":58074,"href":"https:\/\/experis.lu\/fr\/wp-json\/wp\/v2\/pages\/3355\/revisions\/58074"}],"wp:attachment":[{"href":"https:\/\/experis.lu\/fr\/wp-json\/wp\/v2\/media?parent=3355"}],"curies":[{"name":"wp","href":"https:\/\/api.w.org\/{rel}","templated":true}]}}