
{"id":293,"date":"2016-10-14T08:46:32","date_gmt":"2016-10-14T08:46:32","guid":{"rendered":"http:\/\/experislvh.cluster023.hosting.ovh.net\/fr\/?page_id=293"},"modified":"2025-07-16T11:35:42","modified_gmt":"2025-07-16T11:35:42","slug":"accueil","status":"publish","type":"page","link":"https:\/\/experis.lu\/fr\/","title":{"rendered":"Accueil"},"content":{"rendered":"<section class=\"wpb-content-wrapper\"><p>[vc_row][vc_column][vc_column_text el_class=\u00a0\u00bbfont-home\u00a0\u00bb]<\/p>\n<p style=\"text-align: center;\"><span id=\"homeMainBanner\"><span id=\"spnBannerPool95b47858-9a08-4be5-a00a-6dfb1ea0601c\"> Le leader mondial qui acc\u00e9l\u00e8re votre carri\u00e8re et qui aide ses clients \u00e0 cro\u00eetre<br \/>\n\u00e0 travers les p\u00f4les IT, HR et Finance, Engineering et Life sciences<\/span><\/span><\/p>\n<p>[\/vc_column_text][\/vc_column][\/vc_row][vc_row][vc_column][vc_column_text] <div class=\"matador-search-form-container \"> <form role=\"search\" method=\"get\" class=\"matador-search-form\" action=\"https:\/\/experis.lu\/jobs-bh-en\/\"> <div class=\"matador-search-form-field-group matador-search-form-field-keyword\"> <label for=\"matador_s\"> <span class=\"matador-screen-reader-text\"> Key Word or Key Words <\/span> <\/label> <input type=\"text\" id=\"matador_s\" name=\"matador_s\" value=\"\" placeholder=\"Search Jobs\"\/> <\/div> <div class=\"matador-search-form-field-group matador-search-form-field-submit\"> <button type=\"submit\" id=\"matador-search-submit\" class=\"matador-search-submit matador-button\"> Search <\/button> <\/div> <\/form> <\/div> [\/vc_column_text][\/vc_column][\/vc_row][vc_row css=\u00a0\u00bb.vc_custom_1475348426488{padding-top: 78px !important;}\u00a0\u00bb][vc_column width=\u00a0\u00bb2\/4&Prime;][vc_column_text]<video controls=\"controls\" width=\"542\" height=\"305\"><source src=\"https:\/\/experis.lu\/Files\/ExperisHome.mp4\" type=\"video\/mp4\" \/>Your browser does not support the video tag.<\/video>[\/vc_column_text][vc_column_text el_class=\u00a0\u00bbabout-experis-home\u00a0\u00bb]<\/p>\n<h3>\u00c0 propos d&rsquo;Experis<\/h3>\n<p>Experis Belux est une soci\u00e9t\u00e9 en pleine croissance. Nous employons en permanence plus de<br \/>\n400 personnes au sein des plus grandes entreprises, parmi les secteurs dans lesquels nous op\u00e9rons. Ce n\u2019est pas un hasard si nous avons \u00e9t\u00e9 nomm\u00e9 \u201cTrends Gazelle\u201d deux ann\u00e9es cons\u00e9cutives dans les \u201cgrandes gazelles\u201d de Bruxelles.<\/p>\n<p><a class=\"bouton\" href=\"http:\/\/experislvh.cluster023.hosting.ovh.net\/fr\/entreprise-internationale\/\">En savoir plus<\/a>[\/vc_column_text][\/vc_column][vc_column width=\u00a0\u00bb1\/4&Prime;][vc_column_text el_class=\u00a0\u00bbhome-centre\u00a0\u00bb]<\/p>\n<div class=\"rouge\">\n<h4 style=\"text-align: center;\"><a style=\"text-decoration: none;\" href=\"\/fr\/offres-2\/\">Jobs en IT<\/a><\/h4>\n<p><span style=\"font-size: 0.9em;\">Les profils comme le v\u00f4tre sont tr\u00e8s recherch\u00e9s. Nos recruteurs respectent votre exp\u00e9rience et souhaitent vous connecter aux projets IT qui repr\u00e9sentent le meilleur challenge pour vous.<\/span><\/p>\n<p>&nbsp;<\/p>\n<p><a class=\"bouton\" style=\"text-align: center; color: #282e42; text-decoration: none;\" href=\"\/fr\/offres-2\/\">Voir nos jobs<\/a><\/p>\n<\/div>\n<div class=\"vert\">\n<h4 style=\"text-align: center;\"><a style=\"text-decoration: none;\" href=\"\/fr\/offres-2\/\">Jobs en<br \/>\nfinance &amp; RH<\/a><\/h4>\n<p><span style=\"font-size: 0.9em;\">Nous voulons vous connecter avec cette prochaine opportunit\u00e9 de carri\u00e8re qui vous conduira \u00e0 la r\u00e9ussite. Notre exp\u00e9rience et notre large r\u00e9seau en finance et RH nous permettent de faire exactement cela.<\/span><\/p>\n<p><a class=\"bouton\" style=\"text-align: center; color: #282e42; text-decoration: none;\" href=\"\/fr\/offres-2\/\">Voir nos jobs<\/a><\/p>\n<\/div>\n<p>[\/vc_column_text][\/vc_column][vc_column width=\u00a0\u00bb1\/4&Prime;][vc_column_text el_class=\u00a0\u00bbhome-img-droite\u00a0\u00bb]<\/p>\n<h4 style=\"text-align: center;\"><a style=\"text-decoration: none;\" href=\"\/fr\/offres-2\/\">Jobs en<br \/>\nEngineering<br \/>\n&amp; Life Sciences<\/a><\/h4>\n<p class=\"myText\">Vous d\u00e9couvrez comment cr\u00e9er de nouvelles choses chaque jour. Faites avancer votre carri\u00e8re avec Experis en acc\u00e9dant \u00e0 des entreprises locales de pointe ou \u00e0 des leaders mondiaux de l\u2019industrie.<\/p>\n<p class=\"myText\"><a class=\"bouton\" style=\"text-align: center; color: #282e42; text-decoration: none;\" href=\"\/fr\/offres-2\/\">Voir nos jobs<\/a><\/p>\n<p>[\/vc_column_text][\/vc_column][\/vc_row]<\/p>\n<\/section>","protected":false},"excerpt":{"rendered":"<p>[vc_row][vc_column][vc_column_text el_class=\u00a0\u00bbfont-home\u00a0\u00bb] Le leader mondial qui acc\u00e9l\u00e8re votre carri\u00e8re et qui aide ses clients \u00e0 cro\u00eetre \u00e0 travers les p\u00f4les IT, HR et Finance, Engineering et Life sciences [\/vc_column_text][\/vc_column][\/vc_row][vc_row][vc_column][vc_column_text][\/vc_column_text][\/vc_column][\/vc_row][vc_row css=\u00a0\u00bb.vc_custom_1475348426488{padding-top: 78px !important;}\u00a0\u00bb][vc_column width=\u00a0\u00bb2\/4&Prime;][vc_column_text]Your browser does not support the video tag.[\/vc_column_text][vc_column_text el_class=\u00a0\u00bbabout-experis-home\u00a0\u00bb] \u00c0 propos d&rsquo;Experis Experis Belux est une soci\u00e9t\u00e9 en pleine croissance. Nous employons en &hellip; <a href=\"https:\/\/experis.lu\/fr\/\" class=\"more-link\">Continuer la lecture<span class=\"screen-reader-text\"> de &laquo;&nbsp;Accueil&nbsp;&raquo;<\/span><\/a><\/p>\n","protected":false},"author":83,"featured_media":0,"parent":0,"menu_order":0,"comment_status":"closed","ping_status":"closed","template":"","meta":{"footnotes":""},"class_list":["post-293","page","type-page","status-publish","hentry"],"yoast_head":"<!-- This site is optimized with the Yoast SEO plugin v27.3 - https:\/\/yoast.com\/product\/yoast-seo-wordpress\/ -->\n<title>Accueil - Experis Luxembourg<\/title>\n<meta name=\"description\" content=\"Experis Belux est une soci\u00e9t\u00e9 en pleine croissance. Nous employons en permanence plus de 400 personnes au sein des plus grandes entreprises.\" \/>\n<meta name=\"robots\" content=\"index, follow, max-snippet:-1, max-image-preview:large, max-video-preview:-1\" \/>\n<link rel=\"canonical\" href=\"https:\/\/experis.lu\/fr\/\" \/>\n<meta property=\"og:locale\" content=\"fr_FR\" \/>\n<meta property=\"og:type\" content=\"article\" \/>\n<meta property=\"og:title\" content=\"Accueil - Experis Luxembourg\" \/>\n<meta property=\"og:description\" content=\"Experis Belux est une soci\u00e9t\u00e9 en pleine croissance. Nous employons en permanence plus de 400 personnes au sein des plus grandes entreprises.\" \/>\n<meta property=\"og:url\" content=\"https:\/\/experis.lu\/fr\/\" \/>\n<meta property=\"article:modified_time\" content=\"2025-07-16T11:35:42+00:00\" \/>\n<meta name=\"twitter:card\" content=\"summary_large_image\" \/>\n<meta name=\"twitter:label1\" content=\"Dur\u00e9e de lecture estim\u00e9e\" \/>\n\t<meta name=\"twitter:data1\" content=\"1 minute\" \/>\n<script type=\"application\/ld+json\" class=\"yoast-schema-graph\">{\"@context\":\"https:\\\/\\\/schema.org\",\"@graph\":[{\"@type\":\"WebPage\",\"@id\":\"https:\\\/\\\/experis.lu\\\/fr\\\/\",\"url\":\"https:\\\/\\\/experis.lu\\\/fr\\\/\",\"name\":\"Accueil - Experis Luxembourg\",\"isPartOf\":{\"@id\":\"https:\\\/\\\/experis.lu\\\/#website\"},\"datePublished\":\"2016-10-14T08:46:32+00:00\",\"dateModified\":\"2025-07-16T11:35:42+00:00\",\"description\":\"Experis Belux est une soci\u00e9t\u00e9 en pleine croissance. Nous employons en permanence plus de 400 personnes au sein des plus grandes entreprises.\",\"breadcrumb\":{\"@id\":\"https:\\\/\\\/experis.lu\\\/fr\\\/#breadcrumb\"},\"inLanguage\":\"fr-FR\",\"potentialAction\":[{\"@type\":\"ReadAction\",\"target\":[\"https:\\\/\\\/experis.lu\\\/fr\\\/\"]}]},{\"@type\":\"BreadcrumbList\",\"@id\":\"https:\\\/\\\/experis.lu\\\/fr\\\/#breadcrumb\",\"itemListElement\":[{\"@type\":\"ListItem\",\"position\":1,\"name\":\"Home\",\"item\":\"https:\\\/\\\/experis.lu\\\/fr\\\/\"},{\"@type\":\"ListItem\",\"position\":2,\"name\":\"Accueil\"}]},{\"@type\":\"WebSite\",\"@id\":\"https:\\\/\\\/experis.lu\\\/#website\",\"url\":\"https:\\\/\\\/experis.lu\\\/\",\"name\":\"\",\"description\":\"\",\"potentialAction\":[{\"@type\":\"SearchAction\",\"target\":{\"@type\":\"EntryPoint\",\"urlTemplate\":\"https:\\\/\\\/experis.lu\\\/?s={search_term_string}\"},\"query-input\":{\"@type\":\"PropertyValueSpecification\",\"valueRequired\":true,\"valueName\":\"search_term_string\"}}],\"inLanguage\":\"fr-FR\"}]}<\/script>\n<!-- \/ Yoast SEO plugin. -->","yoast_head_json":{"title":"Accueil - Experis Luxembourg","description":"Experis Belux est une soci\u00e9t\u00e9 en pleine croissance. Nous employons en permanence plus de 400 personnes au sein des plus grandes entreprises.","robots":{"index":"index","follow":"follow","max-snippet":"max-snippet:-1","max-image-preview":"max-image-preview:large","max-video-preview":"max-video-preview:-1"},"canonical":"https:\/\/experis.lu\/fr\/","og_locale":"fr_FR","og_type":"article","og_title":"Accueil - Experis Luxembourg","og_description":"Experis Belux est une soci\u00e9t\u00e9 en pleine croissance. Nous employons en permanence plus de 400 personnes au sein des plus grandes entreprises.","og_url":"https:\/\/experis.lu\/fr\/","article_modified_time":"2025-07-16T11:35:42+00:00","twitter_card":"summary_large_image","twitter_misc":{"Dur\u00e9e de lecture estim\u00e9e":"1 minute"},"schema":{"@context":"https:\/\/schema.org","@graph":[{"@type":"WebPage","@id":"https:\/\/experis.lu\/fr\/","url":"https:\/\/experis.lu\/fr\/","name":"Accueil - Experis Luxembourg","isPartOf":{"@id":"https:\/\/experis.lu\/#website"},"datePublished":"2016-10-14T08:46:32+00:00","dateModified":"2025-07-16T11:35:42+00:00","description":"Experis Belux est une soci\u00e9t\u00e9 en pleine croissance. Nous employons en permanence plus de 400 personnes au sein des plus grandes entreprises.","breadcrumb":{"@id":"https:\/\/experis.lu\/fr\/#breadcrumb"},"inLanguage":"fr-FR","potentialAction":[{"@type":"ReadAction","target":["https:\/\/experis.lu\/fr\/"]}]},{"@type":"BreadcrumbList","@id":"https:\/\/experis.lu\/fr\/#breadcrumb","itemListElement":[{"@type":"ListItem","position":1,"name":"Home","item":"https:\/\/experis.lu\/fr\/"},{"@type":"ListItem","position":2,"name":"Accueil"}]},{"@type":"WebSite","@id":"https:\/\/experis.lu\/#website","url":"https:\/\/experis.lu\/","name":"","description":"","potentialAction":[{"@type":"SearchAction","target":{"@type":"EntryPoint","urlTemplate":"https:\/\/experis.lu\/?s={search_term_string}"},"query-input":{"@type":"PropertyValueSpecification","valueRequired":true,"valueName":"search_term_string"}}],"inLanguage":"fr-FR"}]}},"_links":{"self":[{"href":"https:\/\/experis.lu\/fr\/wp-json\/wp\/v2\/pages\/293","targetHints":{"allow":["GET"]}}],"collection":[{"href":"https:\/\/experis.lu\/fr\/wp-json\/wp\/v2\/pages"}],"about":[{"href":"https:\/\/experis.lu\/fr\/wp-json\/wp\/v2\/types\/page"}],"author":[{"embeddable":true,"href":"https:\/\/experis.lu\/fr\/wp-json\/wp\/v2\/users\/83"}],"replies":[{"embeddable":true,"href":"https:\/\/experis.lu\/fr\/wp-json\/wp\/v2\/comments?post=293"}],"version-history":[{"count":35,"href":"https:\/\/experis.lu\/fr\/wp-json\/wp\/v2\/pages\/293\/revisions"}],"predecessor-version":[{"id":58244,"href":"https:\/\/experis.lu\/fr\/wp-json\/wp\/v2\/pages\/293\/revisions\/58244"}],"wp:attachment":[{"href":"https:\/\/experis.lu\/fr\/wp-json\/wp\/v2\/media?parent=293"}],"curies":[{"name":"wp","href":"https:\/\/api.w.org\/{rel}","templated":true}]}}